{"id":102,"date":"2021-10-23T15:07:26","date_gmt":"2021-10-23T13:07:26","guid":{"rendered":"https:\/\/daniel-stowasser.de\/dhs_gt\/?page_id=102"},"modified":"2021-10-23T17:10:03","modified_gmt":"2021-10-23T15:10:03","slug":"badbau","status":"publish","type":"page","link":"https:\/\/daniel-stowasser.de\/dhs_gt\/badbau\/","title":{"rendered":"B\u00e4derbau und Badsanierung"},"content":{"rendered":"\t\t<div data-elementor-type=\"wp-page\" data-elementor-id=\"102\" class=\"elementor elementor-102\">\n\t\t\t\t\t\t\t\t\t<section class=\"elementor-section elementor-top-section elementor-element elementor-element-48ecee3 elementor-section-boxed elementor-section-height-default elementor-section-height-default\" data-id=\"48ecee3\" data-element_type=\"section\">\n\t\t\t\t\t\t<div class=\"elementor-container elementor-column-gap-default\">\n\t\t\t\t\t<div class=\"elementor-column elementor-col-100 elementor-top-column elementor-element elementor-element-dec0884\" data-id=\"dec0884\" data-element_type=\"column\">\n\t\t\t<div class=\"elementor-widget-wrap elementor-element-populated\">\n\t\t\t\t\t\t\t\t<div class=\"elementor-element elementor-element-45faf71 elementor-widget elementor-widget-heading\" data-id=\"45faf71\" data-element_type=\"widget\" data-widget_type=\"heading.default\">\n\t\t\t\t<div class=\"elementor-widget-container\">\n\t\t\t<style>\/*! elementor - v3.13.3 - 28-05-2023 *\/\n.elementor-heading-title{padding:0;margin:0;line-height:1}.elementor-widget-heading .elementor-heading-title[class*=elementor-size-]>a{color:inherit;font-size:inherit;line-height:inherit}.elementor-widget-heading .elementor-heading-title.elementor-size-small{font-size:15px}.elementor-widget-heading .elementor-heading-title.elementor-size-medium{font-size:19px}.elementor-widget-heading .elementor-heading-title.elementor-size-large{font-size:29px}.elementor-widget-heading .elementor-heading-title.elementor-size-xl{font-size:39px}.elementor-widget-heading .elementor-heading-title.elementor-size-xxl{font-size:59px}<\/style><h2 class=\"elementor-heading-title elementor-size-default\">B\u00e4derbau und Badsanierung<\/h2>\t\t<\/div>\n\t\t\t\t<\/div>\n\t\t\t\t\t<\/div>\n\t\t<\/div>\n\t\t\t\t\t\t\t<\/div>\n\t\t<\/section>\n\t\t\t\t<section class=\"elementor-section elementor-top-section elementor-element elementor-element-4b82063 elementor-section-boxed elementor-section-height-default elementor-section-height-default\" data-id=\"4b82063\" data-element_type=\"section\">\n\t\t\t\t\t\t<div class=\"elementor-container elementor-column-gap-default\">\n\t\t\t\t\t<div class=\"elementor-column elementor-col-50 elementor-top-column elementor-element elementor-element-10b4743\" data-id=\"10b4743\" data-element_type=\"column\">\n\t\t\t<div class=\"elementor-widget-wrap elementor-element-populated\">\n\t\t\t\t\t\t\t\t<div class=\"elementor-element elementor-element-8d29d1f elementor-widget elementor-widget-text-editor\" data-id=\"8d29d1f\" data-element_type=\"widget\" data-widget_type=\"text-editor.default\">\n\t\t\t\t<div class=\"elementor-widget-container\">\n\t\t\t<style>\/*! elementor - v3.13.3 - 28-05-2023 *\/\n.elementor-widget-text-editor.elementor-drop-cap-view-stacked .elementor-drop-cap{background-color:#69727d;color:#fff}.elementor-widget-text-editor.elementor-drop-cap-view-framed .elementor-drop-cap{color:#69727d;border:3px solid;background-color:transparent}.elementor-widget-text-editor:not(.elementor-drop-cap-view-default) .elementor-drop-cap{margin-top:8px}.elementor-widget-text-editor:not(.elementor-drop-cap-view-default) .elementor-drop-cap-letter{width:1em;height:1em}.elementor-widget-text-editor .elementor-drop-cap{float:left;text-align:center;line-height:1;font-size:50px}.elementor-widget-text-editor .elementor-drop-cap-letter{display:inline-block}<\/style>\t\t\t\t<p>Sie ben\u00f6tigen ein neues Bade\u00adzimmer in und um M\u00fcnchen oder m\u00f6chten Ihr Bad sa\u00adnie\u00adren oder mo\u00adder\u00adni\u00adsie\u00adren? Wir sind nicht nur aus\u00adge\u00adbil\u00addete Sani\u00adt\u00e4r\u00adin\u00adstal\u00adla\u00adteu\u00adre, son\u00addern lassen ganz indi\u00advidu\u00adelle Traum\u00adb\u00e4der entstehen. Daf\u00fcr bera\u00adten wir Sie aus\u00adf\u00fchr\u00adlich und pla\u00adnen ge\u00admein\u00adsam mit Ihnen auf Basis Ihrer W\u00fcnsche Ihr Bad so, dass es sich per\u00adfekt in Ihr Leben und Ihr Le\u00adbens\u00adum\u00adfeld einf\u00fcgt.<\/p><p>\u2013 Neues Badezimmer<\/p><p>\u2013 Badsanierung<\/p><p>\u2013 Barrierefreies Bad<\/p><p>\u2013 Wellnessbad<\/p><p>\u2013 Vorwandinstallation<\/p><p>\u2013 Sanit\u00e4ranlagen (G\u00f6B)<\/p>\t\t\t\t\t\t<\/div>\n\t\t\t\t<\/div>\n\t\t\t\t\t<\/div>\n\t\t<\/div>\n\t\t\t\t<div class=\"elementor-column elementor-col-50 elementor-top-column elementor-element elementor-element-6333207\" data-id=\"6333207\" data-element_type=\"column\">\n\t\t\t<div class=\"elementor-widget-wrap elementor-element-populated\">\n\t\t\t\t\t\t\t\t<div class=\"elementor-element elementor-element-0d4857c elementor-widget elementor-widget-image\" data-id=\"0d4857c\" data-element_type=\"widget\" data-widget_type=\"image.default\">\n\t\t\t\t<div class=\"elementor-widget-container\">\n\t\t\t<style>\/*! elementor - v3.13.3 - 28-05-2023 *\/\n.elementor-widget-image{text-align:center}.elementor-widget-image a{display:inline-block}.elementor-widget-image a img[src$=\".svg\"]{width:48px}.elementor-widget-image img{vertical-align:middle;display:inline-block}<\/style>\t\t\t\t\t\t\t\t\t\t\t\t<img loading=\"lazy\" decoding=\"async\" width=\"768\" height=\"1024\" src=\"https:\/\/daniel-stowasser.de\/dhs_gt\/wp-content\/uploads\/2021\/10\/IMG_16931-scaled-e1634935583207-768x1024.jpg\" class=\"attachment-medium_large size-medium_large wp-image-28\" alt=\"\" srcset=\"https:\/\/daniel-stowasser.de\/dhs_gt\/wp-content\/uploads\/2021\/10\/IMG_16931-scaled-e1634935583207-768x1024.jpg 768w, https:\/\/daniel-stowasser.de\/dhs_gt\/wp-content\/uploads\/2021\/10\/IMG_16931-scaled-e1634935583207-225x300.jpg 225w, https:\/\/daniel-stowasser.de\/dhs_gt\/wp-content\/uploads\/2021\/10\/IMG_16931-scaled-e1634935583207-1152x1536.jpg 1152w, https:\/\/daniel-stowasser.de\/dhs_gt\/wp-content\/uploads\/2021\/10\/IMG_16931-scaled-e1634935583207-1536x2048.jpg 1536w, https:\/\/daniel-stowasser.de\/dhs_gt\/wp-content\/uploads\/2021\/10\/IMG_16931-scaled-e1634935583207.jpg 1920w\" sizes=\"auto, (max-width: 768px) 100vw, 768px\" \/>\t\t\t\t\t\t\t\t\t\t\t\t\t\t\t<\/div>\n\t\t\t\t<\/div>\n\t\t\t\t\t<\/div>\n\t\t<\/div>\n\t\t\t\t\t\t\t<\/div>\n\t\t<\/section>\n\t\t\t\t<section class=\"elementor-section elementor-top-section elementor-element elementor-element-b875d7f elementor-section-boxed elementor-section-height-default elementor-section-height-default\" data-id=\"b875d7f\" data-element_type=\"section\">\n\t\t\t\t\t\t<div class=\"elementor-container elementor-column-gap-default\">\n\t\t\t\t\t<div class=\"elementor-column elementor-col-100 elementor-top-column elementor-element elementor-element-9e1db07\" data-id=\"9e1db07\" data-element_type=\"column\">\n\t\t\t<div class=\"elementor-widget-wrap elementor-element-populated\">\n\t\t\t\t\t\t\t\t<div class=\"elementor-element elementor-element-4cd008d elementor-widget elementor-widget-text-editor\" data-id=\"4cd008d\" data-element_type=\"widget\" data-widget_type=\"text-editor.default\">\n\t\t\t\t<div class=\"elementor-widget-container\">\n\t\t\t\t\t\t\t<p>Wir ziehen mit Ihnen am gleichen Strang!<\/p><p>Die Entw\u00fcrfe wurden angenommen, die Pl\u00e4ne sind fertig und das Budget wurde festgelegt. Nun m\u00fcssen die innovativen Ideen termingerecht und hochwertig umgesetzt werden \u2013 selbstverst\u00e4ndlich unter Beachtung aller g\u00e4ngigen Richtlinien, DIN-Normen und Vorschriften. Hier kommen wir ins Spiel.<\/p><p>Sie ben\u00f6tigen daf\u00fcr einen erfahrenen und zuverl\u00e4ssigen Partner, der Ihre Visionen versteht und auch genau so verwirklicht. Wir ziehen mit Ihnen am gleichen Strang und begreifen Ideen durch unsere langj\u00e4hrige Erfahrung da, wo viele Mitbewerber passen m\u00fcssen.<\/p><p>Alle Arbeiten f\u00fchren wir budget- und termingerecht aus und sind w\u00e4hrend der Ausf\u00fchrung stets f\u00fcr Sie zu erreichen. Wir stehen f\u00fcr sach- und fachgerechte L\u00f6sungen \u2013 auch bei kurzfristigen Planungs\u00e4nderungen. Wie auch immer Ihre Vision aussieht \u2013 Sie k\u00f6nnen mit uns rechnen und auf uns z\u00e4hlen.<\/p><p>Sch\u00f6ne Worte allein reichen aber nicht \u2013 wir lassen gern auch Taten sprechen. Nehmen Sie Kontakt mit uns auf. Schildern Sie uns kurz Ihre Anforderung oder Ihr Problem, und wir bieten Ihnen unsere L\u00f6sung dazu.<\/p>\t\t\t\t\t\t<\/div>\n\t\t\t\t<\/div>\n\t\t\t\t\t<\/div>\n\t\t<\/div>\n\t\t\t\t\t\t\t<\/div>\n\t\t<\/section>\n\t\t\t\t\t\t\t<\/div>\n\t\t","protected":false},"excerpt":{"rendered":"<p>B\u00e4derbau und Badsanierung Sie ben\u00f6tigen ein neues Bade\u00adzimmer in und um M\u00fcnchen oder m\u00f6chten Ihr Bad sa\u00adnie\u00adren oder mo\u00adder\u00adni\u00adsie\u00adren? Wir sind nicht nur aus\u00adge\u00adbil\u00addete Sani\u00adt\u00e4r\u00adin\u00adstal\u00adla\u00adteu\u00adre, son\u00addern lassen ganz indi\u00advidu\u00adelle Traum\u00adb\u00e4der entstehen. Daf\u00fcr bera\u00adten wir Sie aus\u00adf\u00fchr\u00adlich und pla\u00adnen ge\u00admein\u00adsam mit Ihnen auf Basis Ihrer W\u00fcnsche Ihr Bad so, dass es sich per\u00adfekt in Ihr Leben [&hellip;]<\/p>\n","protected":false},"author":1,"featured_media":0,"parent":0,"menu_order":0,"comment_status":"closed","ping_status":"closed","template":"","meta":{"footnotes":""},"class_list":["post-102","page","type-page","status-publish","hentry","entry"],"_links":{"self":[{"href":"https:\/\/daniel-stowasser.de\/dhs_gt\/wp-json\/wp\/v2\/pages\/102","targetHints":{"allow":["GET"]}}],"collection":[{"href":"https:\/\/daniel-stowasser.de\/dhs_gt\/wp-json\/wp\/v2\/pages"}],"about":[{"href":"https:\/\/daniel-stowasser.de\/dhs_gt\/wp-json\/wp\/v2\/types\/page"}],"author":[{"embeddable":true,"href":"https:\/\/daniel-stowasser.de\/dhs_gt\/wp-json\/wp\/v2\/users\/1"}],"replies":[{"embeddable":true,"href":"https:\/\/daniel-stowasser.de\/dhs_gt\/wp-json\/wp\/v2\/comments?post=102"}],"version-history":[{"count":8,"href":"https:\/\/daniel-stowasser.de\/dhs_gt\/wp-json\/wp\/v2\/pages\/102\/revisions"}],"predecessor-version":[{"id":168,"href":"https:\/\/daniel-stowasser.de\/dhs_gt\/wp-json\/wp\/v2\/pages\/102\/revisions\/168"}],"wp:attachment":[{"href":"https:\/\/daniel-stowasser.de\/dhs_gt\/wp-json\/wp\/v2\/media?parent=102"}],"curies":[{"name":"wp","href":"https:\/\/api.w.org\/{rel}","templated":true}]}}