{"id":107,"date":"2021-10-23T15:16:47","date_gmt":"2021-10-23T13:16:47","guid":{"rendered":"https:\/\/daniel-stowasser.de\/dhs_gt\/?page_id=107"},"modified":"2021-10-23T16:02:49","modified_gmt":"2021-10-23T14:02:49","slug":"trinkregenabwasser","status":"publish","type":"page","link":"https:\/\/daniel-stowasser.de\/dhs_gt\/trinkregenabwasser\/","title":{"rendered":"Trink-, Regen- Abwassertechnik"},"content":{"rendered":"\t\t<div data-elementor-type=\"wp-page\" data-elementor-id=\"107\" class=\"elementor elementor-107\">\n\t\t\t\t\t\t\t\t\t<section class=\"elementor-section elementor-top-section elementor-element elementor-element-588c0e2 elementor-section-boxed elementor-section-height-default elementor-section-height-default\" data-id=\"588c0e2\" data-element_type=\"section\">\n\t\t\t\t\t\t<div class=\"elementor-container elementor-column-gap-default\">\n\t\t\t\t\t<div class=\"elementor-column elementor-col-100 elementor-top-column elementor-element elementor-element-2bd8112\" data-id=\"2bd8112\" data-element_type=\"column\">\n\t\t\t<div class=\"elementor-widget-wrap elementor-element-populated\">\n\t\t\t\t\t\t\t\t<div class=\"elementor-element elementor-element-64111e2 elementor-widget elementor-widget-heading\" data-id=\"64111e2\" data-element_type=\"widget\" data-widget_type=\"heading.default\">\n\t\t\t\t<div class=\"elementor-widget-container\">\n\t\t\t<style>\/*! elementor - v3.13.3 - 28-05-2023 *\/\n.elementor-heading-title{padding:0;margin:0;line-height:1}.elementor-widget-heading .elementor-heading-title[class*=elementor-size-]>a{color:inherit;font-size:inherit;line-height:inherit}.elementor-widget-heading .elementor-heading-title.elementor-size-small{font-size:15px}.elementor-widget-heading .elementor-heading-title.elementor-size-medium{font-size:19px}.elementor-widget-heading .elementor-heading-title.elementor-size-large{font-size:29px}.elementor-widget-heading .elementor-heading-title.elementor-size-xl{font-size:39px}.elementor-widget-heading .elementor-heading-title.elementor-size-xxl{font-size:59px}<\/style><h2 class=\"elementor-heading-title elementor-size-default\">Trink-, Regen- und Abwassertechnik<\/h2>\t\t<\/div>\n\t\t\t\t<\/div>\n\t\t\t\t\t<\/div>\n\t\t<\/div>\n\t\t\t\t\t\t\t<\/div>\n\t\t<\/section>\n\t\t\t\t<section class=\"elementor-section elementor-top-section elementor-element elementor-element-2b0ebac elementor-section-boxed elementor-section-height-default elementor-section-height-default\" data-id=\"2b0ebac\" data-element_type=\"section\">\n\t\t\t\t\t\t<div class=\"elementor-container elementor-column-gap-default\">\n\t\t\t\t\t<div class=\"elementor-column elementor-col-50 elementor-top-column elementor-element elementor-element-4c9a660\" data-id=\"4c9a660\" data-element_type=\"column\">\n\t\t\t<div class=\"elementor-widget-wrap elementor-element-populated\">\n\t\t\t\t\t\t\t\t<div class=\"elementor-element elementor-element-3d04635 elementor-widget elementor-widget-text-editor\" data-id=\"3d04635\" data-element_type=\"widget\" data-widget_type=\"text-editor.default\">\n\t\t\t\t<div class=\"elementor-widget-container\">\n\t\t\t<style>\/*! elementor - v3.13.3 - 28-05-2023 *\/\n.elementor-widget-text-editor.elementor-drop-cap-view-stacked .elementor-drop-cap{background-color:#69727d;color:#fff}.elementor-widget-text-editor.elementor-drop-cap-view-framed .elementor-drop-cap{color:#69727d;border:3px solid;background-color:transparent}.elementor-widget-text-editor:not(.elementor-drop-cap-view-default) .elementor-drop-cap{margin-top:8px}.elementor-widget-text-editor:not(.elementor-drop-cap-view-default) .elementor-drop-cap-letter{width:1em;height:1em}.elementor-widget-text-editor .elementor-drop-cap{float:left;text-align:center;line-height:1;font-size:50px}.elementor-widget-text-editor .elementor-drop-cap-letter{display:inline-block}<\/style>\t\t\t\t<p>Wasser ist das Lebens\u00admittel Num\u00admer eins und er\u00adm\u00f6g\u00adlicht Leben \u2013 nicht nur in M\u00fcnchen, son\u00addern \u00fcber\u00adall. Und auch \u00fcber unser Trink\u00adwasser hinaus geh\u00f6rt es wie selbst\u00adver\u00adst\u00e4nd\u00adlich zu unserem All\u00adtag. Von der mor\u00adgend\u00adlichen Dusche, der Toi\u00adlet\u00adten\u00adsp\u00fc\u00adlung und dem H\u00e4nde\u00adwaschen \u00fcber die Zu\u00adbe\u00adrei\u00adtung von Spei\u00adsen bis hin zur Nut\u00adzung der Wasch\u00adma\u00adschine: Wir k\u00f6nnen daf\u00fcr sorgen, dass bei Ihnen alles rein ist, flie\u00dft und funk\u00adtio\u00adniert!<\/p><p>\u2013 Trinkwasserinstallation<\/p><p>\u2013 Geb\u00e4udeentw\u00e4sserung<\/p><p>\u2013 Regenwassernutzung<\/p><p>\u2013 Wasserenth\u00e4rtung<\/p>\t\t\t\t\t\t<\/div>\n\t\t\t\t<\/div>\n\t\t\t\t\t<\/div>\n\t\t<\/div>\n\t\t\t\t<div class=\"elementor-column elementor-col-50 elementor-top-column elementor-element elementor-element-d97d517\" data-id=\"d97d517\" data-element_type=\"column\">\n\t\t\t<div class=\"elementor-widget-wrap elementor-element-populated\">\n\t\t\t\t\t\t\t\t<div class=\"elementor-element elementor-element-62692b0 elementor-widget elementor-widget-image\" data-id=\"62692b0\" data-element_type=\"widget\" data-widget_type=\"image.default\">\n\t\t\t\t<div class=\"elementor-widget-container\">\n\t\t\t<style>\/*! elementor - v3.13.3 - 28-05-2023 *\/\n.elementor-widget-image{text-align:center}.elementor-widget-image a{display:inline-block}.elementor-widget-image a img[src$=\".svg\"]{width:48px}.elementor-widget-image img{vertical-align:middle;display:inline-block}<\/style>\t\t\t\t\t\t\t\t\t\t\t\t<img loading=\"lazy\" decoding=\"async\" width=\"492\" height=\"650\" src=\"https:\/\/daniel-stowasser.de\/dhs_gt\/wp-content\/uploads\/2021\/10\/66770953-b8b2-48c8-9030-8847e25b927f.jpg\" class=\"attachment-large size-large wp-image-109\" alt=\"\" srcset=\"https:\/\/daniel-stowasser.de\/dhs_gt\/wp-content\/uploads\/2021\/10\/66770953-b8b2-48c8-9030-8847e25b927f.jpg 492w, https:\/\/daniel-stowasser.de\/dhs_gt\/wp-content\/uploads\/2021\/10\/66770953-b8b2-48c8-9030-8847e25b927f-227x300.jpg 227w\" sizes=\"auto, (max-width: 492px) 100vw, 492px\" \/>\t\t\t\t\t\t\t\t\t\t\t\t\t\t\t<\/div>\n\t\t\t\t<\/div>\n\t\t\t\t\t<\/div>\n\t\t<\/div>\n\t\t\t\t\t\t\t<\/div>\n\t\t<\/section>\n\t\t\t\t\t\t\t<\/div>\n\t\t","protected":false},"excerpt":{"rendered":"<p>Trink-, Regen- und Abwassertechnik Wasser ist das Lebens\u00admittel Num\u00admer eins und er\u00adm\u00f6g\u00adlicht Leben \u2013 nicht nur in M\u00fcnchen, son\u00addern \u00fcber\u00adall. Und auch \u00fcber unser Trink\u00adwasser hinaus geh\u00f6rt es wie selbst\u00adver\u00adst\u00e4nd\u00adlich zu unserem All\u00adtag. Von der mor\u00adgend\u00adlichen Dusche, der Toi\u00adlet\u00adten\u00adsp\u00fc\u00adlung und dem H\u00e4nde\u00adwaschen \u00fcber die Zu\u00adbe\u00adrei\u00adtung von Spei\u00adsen bis hin zur Nut\u00adzung der Wasch\u00adma\u00adschine: Wir k\u00f6nnen [&hellip;]<\/p>\n","protected":false},"author":1,"featured_media":0,"parent":0,"menu_order":0,"comment_status":"closed","ping_status":"closed","template":"","meta":{"footnotes":""},"class_list":["post-107","page","type-page","status-publish","hentry","entry"],"_links":{"self":[{"href":"https:\/\/daniel-stowasser.de\/dhs_gt\/wp-json\/wp\/v2\/pages\/107","targetHints":{"allow":["GET"]}}],"collection":[{"href":"https:\/\/daniel-stowasser.de\/dhs_gt\/wp-json\/wp\/v2\/pages"}],"about":[{"href":"https:\/\/daniel-stowasser.de\/dhs_gt\/wp-json\/wp\/v2\/types\/page"}],"author":[{"embeddable":true,"href":"https:\/\/daniel-stowasser.de\/dhs_gt\/wp-json\/wp\/v2\/users\/1"}],"replies":[{"embeddable":true,"href":"https:\/\/daniel-stowasser.de\/dhs_gt\/wp-json\/wp\/v2\/comments?post=107"}],"version-history":[{"count":5,"href":"https:\/\/daniel-stowasser.de\/dhs_gt\/wp-json\/wp\/v2\/pages\/107\/revisions"}],"predecessor-version":[{"id":123,"href":"https:\/\/daniel-stowasser.de\/dhs_gt\/wp-json\/wp\/v2\/pages\/107\/revisions\/123"}],"wp:attachment":[{"href":"https:\/\/daniel-stowasser.de\/dhs_gt\/wp-json\/wp\/v2\/media?parent=107"}],"curies":[{"name":"wp","href":"https:\/\/api.w.org\/{rel}","templated":true}]}}