{"id":113,"date":"2021-10-23T15:35:29","date_gmt":"2021-10-23T13:35:29","guid":{"rendered":"https:\/\/daniel-stowasser.de\/dhs_gt\/?page_id=113"},"modified":"2021-10-23T15:54:00","modified_gmt":"2021-10-23T13:54:00","slug":"sanitaer","status":"publish","type":"page","link":"https:\/\/daniel-stowasser.de\/dhs_gt\/sanitaer\/","title":{"rendered":"Sanit\u00e4r"},"content":{"rendered":"\t\t<div data-elementor-type=\"wp-page\" data-elementor-id=\"113\" class=\"elementor elementor-113\">\n\t\t\t\t\t\t\t\t\t<section class=\"elementor-section elementor-top-section elementor-element elementor-element-6d09a6f elementor-section-boxed elementor-section-height-default elementor-section-height-default\" data-id=\"6d09a6f\" data-element_type=\"section\">\n\t\t\t\t\t\t<div class=\"elementor-container elementor-column-gap-default\">\n\t\t\t\t\t<div class=\"elementor-column elementor-col-100 elementor-top-column elementor-element elementor-element-c9f7fdf\" data-id=\"c9f7fdf\" data-element_type=\"column\">\n\t\t\t<div class=\"elementor-widget-wrap elementor-element-populated\">\n\t\t\t\t\t\t\t\t<div class=\"elementor-element elementor-element-4746e9c elementor-widget elementor-widget-heading\" data-id=\"4746e9c\" data-element_type=\"widget\" data-widget_type=\"heading.default\">\n\t\t\t\t<div class=\"elementor-widget-container\">\n\t\t\t<style>\/*! elementor - v3.13.3 - 28-05-2023 *\/\n.elementor-heading-title{padding:0;margin:0;line-height:1}.elementor-widget-heading .elementor-heading-title[class*=elementor-size-]>a{color:inherit;font-size:inherit;line-height:inherit}.elementor-widget-heading .elementor-heading-title.elementor-size-small{font-size:15px}.elementor-widget-heading .elementor-heading-title.elementor-size-medium{font-size:19px}.elementor-widget-heading .elementor-heading-title.elementor-size-large{font-size:29px}.elementor-widget-heading .elementor-heading-title.elementor-size-xl{font-size:39px}.elementor-widget-heading .elementor-heading-title.elementor-size-xxl{font-size:59px}<\/style><h2 class=\"elementor-heading-title elementor-size-default\">Sanit\u00e4r<\/h2>\t\t<\/div>\n\t\t\t\t<\/div>\n\t\t\t\t<div class=\"elementor-element elementor-element-d63f8cb elementor-widget elementor-widget-text-editor\" data-id=\"d63f8cb\" data-element_type=\"widget\" data-widget_type=\"text-editor.default\">\n\t\t\t\t<div class=\"elementor-widget-container\">\n\t\t\t<style>\/*! elementor - v3.13.3 - 28-05-2023 *\/\n.elementor-widget-text-editor.elementor-drop-cap-view-stacked .elementor-drop-cap{background-color:#69727d;color:#fff}.elementor-widget-text-editor.elementor-drop-cap-view-framed .elementor-drop-cap{color:#69727d;border:3px solid;background-color:transparent}.elementor-widget-text-editor:not(.elementor-drop-cap-view-default) .elementor-drop-cap{margin-top:8px}.elementor-widget-text-editor:not(.elementor-drop-cap-view-default) .elementor-drop-cap-letter{width:1em;height:1em}.elementor-widget-text-editor .elementor-drop-cap{float:left;text-align:center;line-height:1;font-size:50px}.elementor-widget-text-editor .elementor-drop-cap-letter{display:inline-block}<\/style>\t\t\t\t<p>Wir bieten Ihnen das komplette Spektrum der modernen Sanit\u00e4rinstallation an:<\/p><p>Spezialisiert haben wir uns auf den Bereich der modernen Badgestaltung. Von der ersten Planung \u00fcber einen Ausstellungsbesuch bis hin zur Umsetzung<\/p><p>Ihres Vorhabens stehen wir Ihnen mit unserer gesamten Erfahrung zur Seite.<\/p><p>\u00a0<\/p><p>Hier einige Merkmale, die unsere Arbeit auszeichnen:<\/p>\t\t\t\t\t\t<\/div>\n\t\t\t\t<\/div>\n\t\t\t\t\t<\/div>\n\t\t<\/div>\n\t\t\t\t\t\t\t<\/div>\n\t\t<\/section>\n\t\t\t\t<section class=\"elementor-section elementor-top-section elementor-element elementor-element-ea5d1cf elementor-section-boxed elementor-section-height-default elementor-section-height-default\" data-id=\"ea5d1cf\" data-element_type=\"section\">\n\t\t\t\t\t\t<div class=\"elementor-container elementor-column-gap-default\">\n\t\t\t\t\t<div class=\"elementor-column elementor-col-50 elementor-top-column elementor-element elementor-element-262b103\" data-id=\"262b103\" data-element_type=\"column\">\n\t\t\t<div class=\"elementor-widget-wrap elementor-element-populated\">\n\t\t\t\t\t\t\t\t<div class=\"elementor-element elementor-element-265b6a0 elementor-widget elementor-widget-text-editor\" data-id=\"265b6a0\" data-element_type=\"widget\" data-widget_type=\"text-editor.default\">\n\t\t\t\t<div class=\"elementor-widget-container\">\n\t\t\t\t\t\t\t<ul><li>Badberatung bei Ihnen vor Ort.<\/li><li>3D-Planung Ihres neuen Bades.<\/li><li>Gemeinsamer Ausstellungsbesuch bei unserem Gro\u00dfh\u00e4ndler.<\/li><li>Vermittlung, Koordinierung und Bauleitung unserer Kooperationspartner f\u00fcr die zus\u00e4tzlichen Gewerke (Maurer, Trockenbauer, Fliesenleger, Elektriker, Maler, usw.)<\/li><\/ul>\t\t\t\t\t\t<\/div>\n\t\t\t\t<\/div>\n\t\t\t\t\t<\/div>\n\t\t<\/div>\n\t\t\t\t<div class=\"elementor-column elementor-col-50 elementor-top-column elementor-element elementor-element-03049b9\" data-id=\"03049b9\" data-element_type=\"column\">\n\t\t\t<div class=\"elementor-widget-wrap elementor-element-populated\">\n\t\t\t\t\t\t\t\t<div class=\"elementor-element elementor-element-fde503b elementor-widget elementor-widget-text-editor\" data-id=\"fde503b\" data-element_type=\"widget\" data-widget_type=\"text-editor.default\">\n\t\t\t\t<div class=\"elementor-widget-container\">\n\t\t\t\t\t\t\t<ul><li>Bodenebene Duschen.<\/li><li>Seniorengerechte und barrierefreie Badgestaltung.<\/li><li>WC-Anlagen mit Sitzheizung, Bidet Funktion sowie Geruchsabsaugung.\u00a0<\/li><li>Staubarme Installation durch Absauganlage mit HEPA Filter<\/li><\/ul>\t\t\t\t\t\t<\/div>\n\t\t\t\t<\/div>\n\t\t\t\t\t<\/div>\n\t\t<\/div>\n\t\t\t\t\t\t\t<\/div>\n\t\t<\/section>\n\t\t\t\t<section class=\"elementor-section elementor-top-section elementor-element elementor-element-edf5626 elementor-section-boxed elementor-section-height-default elementor-section-height-default\" data-id=\"edf5626\" data-element_type=\"section\">\n\t\t\t\t\t\t<div class=\"elementor-container elementor-column-gap-default\">\n\t\t\t\t\t<div class=\"elementor-column elementor-col-100 elementor-top-column elementor-element elementor-element-4eefb8b\" data-id=\"4eefb8b\" data-element_type=\"column\">\n\t\t\t<div class=\"elementor-widget-wrap elementor-element-populated\">\n\t\t\t\t\t\t\t\t\t<\/div>\n\t\t<\/div>\n\t\t\t\t\t\t\t<\/div>\n\t\t<\/section>\n\t\t\t\t\t\t\t<\/div>\n\t\t","protected":false},"excerpt":{"rendered":"<p>Sanit\u00e4r Wir bieten Ihnen das komplette Spektrum der modernen Sanit\u00e4rinstallation an: Spezialisiert haben wir uns auf den Bereich der modernen Badgestaltung. Von der ersten Planung \u00fcber einen Ausstellungsbesuch bis hin zur Umsetzung Ihres Vorhabens stehen wir Ihnen mit unserer gesamten Erfahrung zur Seite. \u00a0 Hier einige Merkmale, die unsere Arbeit auszeichnen: Badberatung bei Ihnen vor [&hellip;]<\/p>\n","protected":false},"author":1,"featured_media":0,"parent":0,"menu_order":0,"comment_status":"closed","ping_status":"closed","template":"","meta":{"footnotes":""},"class_list":["post-113","page","type-page","status-publish","hentry","entry"],"_links":{"self":[{"href":"https:\/\/daniel-stowasser.de\/dhs_gt\/wp-json\/wp\/v2\/pages\/113","targetHints":{"allow":["GET"]}}],"collection":[{"href":"https:\/\/daniel-stowasser.de\/dhs_gt\/wp-json\/wp\/v2\/pages"}],"about":[{"href":"https:\/\/daniel-stowasser.de\/dhs_gt\/wp-json\/wp\/v2\/types\/page"}],"author":[{"embeddable":true,"href":"https:\/\/daniel-stowasser.de\/dhs_gt\/wp-json\/wp\/v2\/users\/1"}],"replies":[{"embeddable":true,"href":"https:\/\/daniel-stowasser.de\/dhs_gt\/wp-json\/wp\/v2\/comments?post=113"}],"version-history":[{"count":4,"href":"https:\/\/daniel-stowasser.de\/dhs_gt\/wp-json\/wp\/v2\/pages\/113\/revisions"}],"predecessor-version":[{"id":117,"href":"https:\/\/daniel-stowasser.de\/dhs_gt\/wp-json\/wp\/v2\/pages\/113\/revisions\/117"}],"wp:attachment":[{"href":"https:\/\/daniel-stowasser.de\/dhs_gt\/wp-json\/wp\/v2\/media?parent=113"}],"curies":[{"name":"wp","href":"https:\/\/api.w.org\/{rel}","templated":true}]}}