{"id":13,"date":"2021-10-22T21:54:08","date_gmt":"2021-10-22T19:54:08","guid":{"rendered":"https:\/\/daniel-stowasser.de\/dhs_gt\/?page_id=13"},"modified":"2023-05-29T20:23:10","modified_gmt":"2023-05-29T18:23:10","slug":"startseite","status":"publish","type":"page","link":"https:\/\/daniel-stowasser.de\/dhs_gt\/","title":{"rendered":"Startseite"},"content":{"rendered":"\t\t<div data-elementor-type=\"wp-page\" data-elementor-id=\"13\" class=\"elementor elementor-13\">\n\t\t\t\t\t\t\t\t\t<section class=\"elementor-section elementor-top-section elementor-element elementor-element-a9363e1 elementor-section-boxed elementor-section-height-default elementor-section-height-default\" data-id=\"a9363e1\" data-element_type=\"section\">\n\t\t\t\t\t\t<div class=\"elementor-container elementor-column-gap-default\">\n\t\t\t\t\t<div class=\"elementor-column elementor-col-100 elementor-top-column elementor-element elementor-element-43b4f1f\" data-id=\"43b4f1f\" data-element_type=\"column\">\n\t\t\t<div class=\"elementor-widget-wrap elementor-element-populated\">\n\t\t\t\t\t\t\t\t<section class=\"elementor-section elementor-inner-section elementor-element elementor-element-dd682a6 elementor-section-boxed elementor-section-height-default elementor-section-height-default\" data-id=\"dd682a6\" data-element_type=\"section\">\n\t\t\t\t\t\t<div class=\"elementor-container elementor-column-gap-default\">\n\t\t\t\t\t<div class=\"elementor-column elementor-col-50 elementor-inner-column elementor-element elementor-element-de31648\" data-id=\"de31648\" data-element_type=\"column\">\n\t\t\t<div class=\"elementor-widget-wrap elementor-element-populated\">\n\t\t\t\t\t\t\t\t<div class=\"elementor-element elementor-element-9cd22f1 elementor-widget elementor-widget-heading\" data-id=\"9cd22f1\" data-element_type=\"widget\" data-widget_type=\"heading.default\">\n\t\t\t\t<div class=\"elementor-widget-container\">\n\t\t\t<style>\/*! elementor - v3.13.3 - 28-05-2023 *\/\n.elementor-heading-title{padding:0;margin:0;line-height:1}.elementor-widget-heading .elementor-heading-title[class*=elementor-size-]>a{color:inherit;font-size:inherit;line-height:inherit}.elementor-widget-heading .elementor-heading-title.elementor-size-small{font-size:15px}.elementor-widget-heading .elementor-heading-title.elementor-size-medium{font-size:19px}.elementor-widget-heading .elementor-heading-title.elementor-size-large{font-size:29px}.elementor-widget-heading .elementor-heading-title.elementor-size-xl{font-size:39px}.elementor-widget-heading .elementor-heading-title.elementor-size-xxl{font-size:59px}<\/style><h2 class=\"elementor-heading-title elementor-size-default\">Herzlich Willkommen<\/h2>\t\t<\/div>\n\t\t\t\t<\/div>\n\t\t\t\t<div class=\"elementor-element elementor-element-9fec2e9 elementor-widget elementor-widget-text-editor\" data-id=\"9fec2e9\" data-element_type=\"widget\" data-widget_type=\"text-editor.default\">\n\t\t\t\t<div class=\"elementor-widget-container\">\n\t\t\t<style>\/*! elementor - v3.13.3 - 28-05-2023 *\/\n.elementor-widget-text-editor.elementor-drop-cap-view-stacked .elementor-drop-cap{background-color:#69727d;color:#fff}.elementor-widget-text-editor.elementor-drop-cap-view-framed .elementor-drop-cap{color:#69727d;border:3px solid;background-color:transparent}.elementor-widget-text-editor:not(.elementor-drop-cap-view-default) .elementor-drop-cap{margin-top:8px}.elementor-widget-text-editor:not(.elementor-drop-cap-view-default) .elementor-drop-cap-letter{width:1em;height:1em}.elementor-widget-text-editor .elementor-drop-cap{float:left;text-align:center;line-height:1;font-size:50px}.elementor-widget-text-editor .elementor-drop-cap-letter{display:inline-block}<\/style>\t\t\t\t<p>DHS Geb\u00e4udetechnik GmbH &#8211; Ihr Innungsfachbetrieb aus Garching<br><\/p>\t\t\t\t\t\t<\/div>\n\t\t\t\t<\/div>\n\t\t\t\t\t<\/div>\n\t\t<\/div>\n\t\t\t\t<div class=\"elementor-column elementor-col-50 elementor-inner-column elementor-element elementor-element-1c995e3\" data-id=\"1c995e3\" data-element_type=\"column\">\n\t\t\t<div class=\"elementor-widget-wrap\">\n\t\t\t\t\t\t\t\t\t<\/div>\n\t\t<\/div>\n\t\t\t\t\t\t\t<\/div>\n\t\t<\/section>\n\t\t\t\t\t<\/div>\n\t\t<\/div>\n\t\t\t\t\t\t\t<\/div>\n\t\t<\/section>\n\t\t\t\t<section class=\"elementor-section elementor-top-section elementor-element elementor-element-d490db7 elementor-section-boxed elementor-section-height-default elementor-section-height-default\" data-id=\"d490db7\" data-element_type=\"section\">\n\t\t\t\t\t\t<div class=\"elementor-container elementor-column-gap-default\">\n\t\t\t\t\t<div class=\"elementor-column elementor-col-25 elementor-top-column elementor-element elementor-element-1cc0e1c\" data-id=\"1cc0e1c\" data-element_type=\"column\">\n\t\t\t<div class=\"elementor-widget-wrap elementor-element-populated\">\n\t\t\t\t\t\t\t\t<div class=\"elementor-element elementor-element-e01e6b4 elementor-widget elementor-widget-image\" data-id=\"e01e6b4\" data-element_type=\"widget\" data-widget_type=\"image.default\">\n\t\t\t\t<div class=\"elementor-widget-container\">\n\t\t\t<style>\/*! elementor - v3.13.3 - 28-05-2023 *\/\n.elementor-widget-image{text-align:center}.elementor-widget-image a{display:inline-block}.elementor-widget-image a img[src$=\".svg\"]{width:48px}.elementor-widget-image img{vertical-align:middle;display:inline-block}<\/style>\t\t\t\t\t\t\t\t\t\t\t\t<img loading=\"lazy\" decoding=\"async\" width=\"196\" height=\"300\" src=\"https:\/\/daniel-stowasser.de\/dhs_gt\/wp-content\/uploads\/2021\/10\/IMG_1071-196x300.jpg\" class=\"attachment-medium size-medium wp-image-56\" alt=\"\" srcset=\"https:\/\/daniel-stowasser.de\/dhs_gt\/wp-content\/uploads\/2021\/10\/IMG_1071-196x300.jpg 196w, https:\/\/daniel-stowasser.de\/dhs_gt\/wp-content\/uploads\/2021\/10\/IMG_1071-668x1024.jpg 668w, https:\/\/daniel-stowasser.de\/dhs_gt\/wp-content\/uploads\/2021\/10\/IMG_1071-768x1177.jpg 768w, https:\/\/daniel-stowasser.de\/dhs_gt\/wp-content\/uploads\/2021\/10\/IMG_1071.jpg 864w\" sizes=\"auto, (max-width: 196px) 100vw, 196px\" \/>\t\t\t\t\t\t\t\t\t\t\t\t\t\t\t<\/div>\n\t\t\t\t<\/div>\n\t\t\t\t\t<\/div>\n\t\t<\/div>\n\t\t\t\t<div class=\"elementor-column elementor-col-50 elementor-top-column elementor-element elementor-element-f197567\" data-id=\"f197567\" data-element_type=\"column\">\n\t\t\t<div class=\"elementor-widget-wrap elementor-element-populated\">\n\t\t\t\t\t\t\t\t<div class=\"elementor-element elementor-element-fcf44e4 elementor-widget elementor-widget-text-editor\" data-id=\"fcf44e4\" data-element_type=\"widget\" data-widget_type=\"text-editor.default\">\n\t\t\t\t<div class=\"elementor-widget-container\">\n\t\t\t\t\t\t\t<p>Mein Name ist Daniel Horst Stowasser (DHS), gegr\u00fcndet hab ich das Unternehmen im Januar 2021 und bin seitdem Ihr kompetenter Ansprechpartner f\u00fcr den Sanit\u00e4r Heizung und L\u00fcftung&#8217;s Bereich.<\/p><p>Als Innungsfachbetrieb\u00a0<span style=\"font-size: 16px; color: var( --e-global-color-text );\">richtet sich unser Fokus insbesondere auf die Sanierung und Modernisierung von B\u00e4dern und Heizungsanlagen, sowie dem dazugeh\u00f6renden Kunden- und Wartungsdiensten.\u00a0<\/span><\/p><p>Am Besten Sie rufen uns einfach einmal an oder nehmen direkt Kontakt zu uns auf!<\/p>\t\t\t\t\t\t<\/div>\n\t\t\t\t<\/div>\n\t\t\t\t\t<\/div>\n\t\t<\/div>\n\t\t\t\t<div class=\"elementor-column elementor-col-25 elementor-top-column elementor-element elementor-element-559f597\" data-id=\"559f597\" data-element_type=\"column\">\n\t\t\t<div class=\"elementor-widget-wrap\">\n\t\t\t\t\t\t\t\t\t<\/div>\n\t\t<\/div>\n\t\t\t\t\t\t\t<\/div>\n\t\t<\/section>\n\t\t\t\t<section class=\"elementor-section elementor-top-section elementor-element elementor-element-35fb87f elementor-section-boxed elementor-section-height-default elementor-section-height-default\" data-id=\"35fb87f\" data-element_type=\"section\">\n\t\t\t\t\t\t<div class=\"elementor-container elementor-column-gap-default\">\n\t\t\t\t\t<div class=\"elementor-column elementor-col-100 elementor-top-column elementor-element elementor-element-202ba94\" data-id=\"202ba94\" data-element_type=\"column\">\n\t\t\t<div class=\"elementor-widget-wrap elementor-element-populated\">\n\t\t\t\t\t\t\t\t<div class=\"elementor-element elementor-element-e00ce3e elementor-widget elementor-widget-text-editor\" data-id=\"e00ce3e\" data-element_type=\"widget\" data-widget_type=\"text-editor.default\">\n\t\t\t\t<div class=\"elementor-widget-container\">\n\t\t\t\t\t\t\t<p>Wir sind Innungsfachbetrieb<br \/>Ein Vorteil f\u00fcr uns und unsere Kunden<br \/>Als Innungsbetrieb haben wir Zugriff auf ein Netzwerk von Experten, erhalten fachkompetente Unterst\u00fctzung und k\u00f6nnen f\u00fcr unsere Mitarbeiter das umfangreiche, fachspezifische und herstellerunabh\u00e4ngige Weiterbildungsangebot von Innung und Fachverband nutzen. Damit sichern wir uns jegliches Wissen \u00fcber neue Technologien, Verfahren, Normen, Vorschriften und auch F\u00f6rdermittel, welches wir unseren Kunden weitergeben k\u00f6nnen.<br \/>Wir sind in der Innung!<br \/>Das bietet Ihnen eine gro\u00dfe Sicherheit in Bezug auf den hohen Qualit\u00e4tsstandard in der Ausf\u00fchrung der Arbeiten und in der Aus- und Weiterbildung unserer Mitarbeiter.<\/p><p>Wir verarbeiten nur Originalteile mit Nachkauf- und Ersatzteilgarantie!<br \/>Die von uns montierten oder verarbeiteten Produkte sind originale Neuteile. Bei diesen Produkten ist eine angemessen lange Nachkaufgarantie gesichert und eventuell notwendige Ersatzteile sind einfach und schnell zu beschaffen.<\/p><p>Wir verarbeiten bevorzugt Marken, die mit uns eine sogenannte Haftungs\u00fcbernahmeerkl\u00e4rung abgeschlossen haben!<br \/>Sollte es mal zu einem Schaden kommen, ist es f\u00fcr Sie besonders wichtig, dass Ihnen der Hersteller nicht nur den Schaden im engeren Sinne ersetzt, sondern auch die Folgesch\u00e4den (z.B. Wasserschaden) und die Kosten f\u00fcr den Austausch bzw. f\u00fcr die Neumontage.<\/p><p>Wir beachten gesetzliche Bestimmungen!<br \/>Die Bereiche Trinkwasserinstallation und Heizung werden von vielen technischen Bestimmungen und gesetzlichen Verordnungen begleitet. Alle diese Bestimmungen kennen und beachten wir, damit das neue Bad oder die neue Heizung eine Freude wird und bleibt.<\/p><p>Wir k\u00f6nnen bemustern und visualisieren!<br \/>Die Produkte, die wir Ihnen empfehlen, k\u00f6nnen wir Ihnen zumeist \u00fcber die Ausstellung des Fachgro\u00dfhandels bemustern. Dort k\u00f6nnen auch 3-dimensionale Zeichnungen, beispielsweise Ihres neuen Badezimmers, angefertigt werden.<\/p><p>Von der Bestellung bis zur Entsorgung \u2013 alles in unserer Hand!<br \/>Nach Ihrer Auswahl bestellen wir die gew\u00fcnschten Materialien, organisieren die Bereitstellung auf der Baustelle zum Zeitpunkt und am Ort der Montage und entsorgen die anfallende Transportverpackung.<\/p><p>Wir haften f\u00fcr unsere Arbeit!<br \/>Wir sind Fachleute! Als solche sind wir ausgebildet eine fachm\u00e4nnische Leistung zu erbringen, f\u00fcr deren Qualit\u00e4t wir als Unternehmer nat\u00fcrlich haften. Dieser Schutz fehlt Ihnen, wenn Sie das Material nicht von einem Handwerksunternehmer montieren lassen.<\/p><p>Wir \u00fcbernehmen die Inspektions- und Wartungsaufgaben!<br \/>Bei manchen Sanit\u00e4rtechniken ist eine regelm\u00e4\u00dfige Inspektion sinnvoll oder sogar vorgeschrieben. Wir f\u00fchren gerne f\u00fcr Sie die n\u00f6tigen Inspektions- und Wartungsarbeiten durch.<\/p><p>Gerne nennen wir Ihnen weitere gute Gr\u00fcnde, die f\u00fcr einen Innungsfachbetrieb sprechen. Wenden Sie sich einfach an uns.<\/p>\t\t\t\t\t\t<\/div>\n\t\t\t\t<\/div>\n\t\t\t\t\t<\/div>\n\t\t<\/div>\n\t\t\t\t\t\t\t<\/div>\n\t\t<\/section>\n\t\t\t\t<section class=\"elementor-section elementor-top-section elementor-element elementor-element-a077cfd elementor-section-boxed elementor-section-height-default elementor-section-height-default\" data-id=\"a077cfd\" data-element_type=\"section\">\n\t\t\t\t\t\t<div class=\"elementor-container elementor-column-gap-default\">\n\t\t\t\t\t<div class=\"elementor-column elementor-col-100 elementor-top-column elementor-element elementor-element-95353f0\" data-id=\"95353f0\" data-element_type=\"column\">\n\t\t\t<div class=\"elementor-widget-wrap elementor-element-populated\">\n\t\t\t\t\t\t\t\t<div class=\"elementor-element elementor-element-c0fea1e elementor-widget elementor-widget-heading\" data-id=\"c0fea1e\" data-element_type=\"widget\" data-widget_type=\"heading.default\">\n\t\t\t\t<div class=\"elementor-widget-container\">\n\t\t\t<h2 class=\"elementor-heading-title elementor-size-default\">Heizung und Sanit\u00e4r Installateur aus Garching bei M\u00fcnchen<\/h2>\t\t<\/div>\n\t\t\t\t<\/div>\n\t\t\t\t\t<\/div>\n\t\t<\/div>\n\t\t\t\t\t\t\t<\/div>\n\t\t<\/section>\n\t\t\t\t<section class=\"elementor-section elementor-top-section elementor-element elementor-element-7667724 elementor-section-boxed elementor-section-height-default elementor-section-height-default\" data-id=\"7667724\" data-element_type=\"section\">\n\t\t\t\t\t\t<div class=\"elementor-container elementor-column-gap-default\">\n\t\t\t\t\t<div class=\"elementor-column elementor-col-50 elementor-top-column elementor-element elementor-element-a48c942\" data-id=\"a48c942\" data-element_type=\"column\">\n\t\t\t<div class=\"elementor-widget-wrap elementor-element-populated\">\n\t\t\t\t\t\t\t\t<div class=\"elementor-element elementor-element-f9b15de elementor-widget elementor-widget-text-editor\" data-id=\"f9b15de\" data-element_type=\"widget\" data-widget_type=\"text-editor.default\">\n\t\t\t\t<div class=\"elementor-widget-container\">\n\t\t\t\t\t\t\t<p>Seit mehr als 25 Jahren bin ich ein professioneller Partner wenn es um Sanit\u00e4r und Heizung geht. Mit unserem kleinen Team stehen wir Ihnen gerne zur Seite wenn es um Planen und Bauen geht. Unsere Projekte beginnen meist mit ersten \u00dcberlegungen und dem Besuch einer Ausstellung zur Ideefindung, bevor es dann zu einer detailierten Planung und letztlich zur eleganten und m\u00f6glichst kosteng\u00fcnstigen Umsetzung geht. Dabei bieten wir ihnen selbstverst\u00e4ndlich einen Rund-um-Service aus einer Hand an.<\/p>\t\t\t\t\t\t<\/div>\n\t\t\t\t<\/div>\n\t\t\t\t\t<\/div>\n\t\t<\/div>\n\t\t\t\t<div class=\"elementor-column elementor-col-50 elementor-top-column elementor-element elementor-element-af9208f\" data-id=\"af9208f\" data-element_type=\"column\">\n\t\t\t<div class=\"elementor-widget-wrap elementor-element-populated\">\n\t\t\t\t\t\t\t\t<div class=\"elementor-element elementor-element-32951ac elementor-widget elementor-widget-text-editor\" data-id=\"32951ac\" data-element_type=\"widget\" data-widget_type=\"text-editor.default\">\n\t\t\t\t<div class=\"elementor-widget-container\">\n\t\t\t\t\t\t\t<p>Heutzutage ist das Badezimmer weniger ein Funktionszimmer, sondern viel mehr ein Ort der Entspannung geworden. Auch moderne Heizungssysteme sehen sich heute ganz anderen Herausforderungen gegen\u00fcber als noch vor einigen Jahren. Nat\u00fcrlich gehen wir hier mit der Zeit und zaubern Ihnen nicht nur Ihre eigene Wohlf\u00fchl-Oase, sondern auch eine leistungsstarke, energieeffiziente Heizungsanlage. Eins aber \u00e4ndert sich schon seit Jahren nicht: Unsere professionelle, sorgf\u00e4ltige und zuverl\u00e4ssige Arbeitsweise!<\/p>\t\t\t\t\t\t<\/div>\n\t\t\t\t<\/div>\n\t\t\t\t\t<\/div>\n\t\t<\/div>\n\t\t\t\t\t\t\t<\/div>\n\t\t<\/section>\n\t\t\t\t<section class=\"elementor-section elementor-top-section elementor-element elementor-element-830361e elementor-section-boxed elementor-section-height-default elementor-section-height-default\" data-id=\"830361e\" data-element_type=\"section\">\n\t\t\t\t\t\t<div class=\"elementor-container elementor-column-gap-default\">\n\t\t\t\t\t<div class=\"elementor-column elementor-col-100 elementor-top-column elementor-element elementor-element-56e6251\" data-id=\"56e6251\" data-element_type=\"column\">\n\t\t\t<div class=\"elementor-widget-wrap elementor-element-populated\">\n\t\t\t\t\t\t\t\t<div class=\"elementor-element elementor-element-c2d7cb6 elementor-widget elementor-widget-heading\" data-id=\"c2d7cb6\" data-element_type=\"widget\" data-widget_type=\"heading.default\">\n\t\t\t\t<div class=\"elementor-widget-container\">\n\t\t\t<h2 class=\"elementor-heading-title elementor-size-default\">10 Gute Gr\u00fcnde f\u00fcr DHS Geb\u00e4udetechnik GmbH<\/h2>\t\t<\/div>\n\t\t\t\t<\/div>\n\t\t\t\t<div class=\"elementor-element elementor-element-202405e elementor-widget elementor-widget-text-editor\" data-id=\"202405e\" data-element_type=\"widget\" data-widget_type=\"text-editor.default\">\n\t\t\t\t<div class=\"elementor-widget-container\">\n\t\t\t\t\t\t\t<p>1. Ein Ansprechpartner f\u00fcr ihr gesamtes Vorhaben.<br \/>2. Fachliches Know-how durch vollhandwerkliche Ausbildung und regelm\u00e4\u00dfige Fortbildungen.<br \/>3. Pers\u00f6nlicher Kontakt und gemeinsamer Vor-Ort-Check.<br \/>4. Individuelle Beratung und Planung ihres Projektes.<br \/>5. Kostensicherheit durch Komplettangebot.<br \/>6. Verwendung qualitativ hochwertiger Markenprodukte.<br \/>7. Installation und Ausf\u00fchrung nach modernsten technischen Standards.<br \/>8. Koordination anderer Gewerke auf Wunsch.<br \/>9. Einweisung, Wartung und Service durch Fachpersonal.<br \/>10. Umfassende Gew\u00e4hrleistung f\u00fcr Montage und Material.<\/p>\t\t\t\t\t\t<\/div>\n\t\t\t\t<\/div>\n\t\t\t\t\t<\/div>\n\t\t<\/div>\n\t\t\t\t\t\t\t<\/div>\n\t\t<\/section>\n\t\t\t\t\t\t\t<\/div>\n\t\t","protected":false},"excerpt":{"rendered":"<p>Herzlich Willkommen DHS Geb\u00e4udetechnik GmbH &#8211; Ihr Innungsfachbetrieb aus Garching Mein Name ist Daniel Horst Stowasser (DHS), gegr\u00fcndet hab ich das Unternehmen im Januar 2021 und bin seitdem Ihr kompetenter Ansprechpartner f\u00fcr den Sanit\u00e4r Heizung und L\u00fcftung&#8217;s Bereich. Als Innungsfachbetrieb\u00a0richtet sich unser Fokus insbesondere auf die Sanierung und Modernisierung von B\u00e4dern und Heizungsanlagen, sowie dem [&hellip;]<\/p>\n","protected":false},"author":1,"featured_media":0,"parent":0,"menu_order":0,"comment_status":"closed","ping_status":"closed","template":"","meta":{"footnotes":""},"class_list":["post-13","page","type-page","status-publish","hentry","entry"],"_links":{"self":[{"href":"https:\/\/daniel-stowasser.de\/dhs_gt\/wp-json\/wp\/v2\/pages\/13","targetHints":{"allow":["GET"]}}],"collection":[{"href":"https:\/\/daniel-stowasser.de\/dhs_gt\/wp-json\/wp\/v2\/pages"}],"about":[{"href":"https:\/\/daniel-stowasser.de\/dhs_gt\/wp-json\/wp\/v2\/types\/page"}],"author":[{"embeddable":true,"href":"https:\/\/daniel-stowasser.de\/dhs_gt\/wp-json\/wp\/v2\/users\/1"}],"replies":[{"embeddable":true,"href":"https:\/\/daniel-stowasser.de\/dhs_gt\/wp-json\/wp\/v2\/comments?post=13"}],"version-history":[{"count":22,"href":"https:\/\/daniel-stowasser.de\/dhs_gt\/wp-json\/wp\/v2\/pages\/13\/revisions"}],"predecessor-version":[{"id":291,"href":"https:\/\/daniel-stowasser.de\/dhs_gt\/wp-json\/wp\/v2\/pages\/13\/revisions\/291"}],"wp:attachment":[{"href":"https:\/\/daniel-stowasser.de\/dhs_gt\/wp-json\/wp\/v2\/media?parent=13"}],"curies":[{"name":"wp","href":"https:\/\/api.w.org\/{rel}","templated":true}]}}