{"id":130,"date":"2021-10-23T16:33:27","date_gmt":"2021-10-23T14:33:27","guid":{"rendered":"https:\/\/daniel-stowasser.de\/dhs_gt\/?page_id=130"},"modified":"2021-10-23T16:38:16","modified_gmt":"2021-10-23T14:38:16","slug":"heizung","status":"publish","type":"page","link":"https:\/\/daniel-stowasser.de\/dhs_gt\/heizung\/","title":{"rendered":"Heizung"},"content":{"rendered":"\t\t<div data-elementor-type=\"wp-page\" data-elementor-id=\"130\" class=\"elementor elementor-130\">\n\t\t\t\t\t\t\t\t\t<section class=\"elementor-section elementor-top-section elementor-element elementor-element-5a5b3c0 elementor-section-boxed elementor-section-height-default elementor-section-height-default\" data-id=\"5a5b3c0\" data-element_type=\"section\">\n\t\t\t\t\t\t<div class=\"elementor-container elementor-column-gap-default\">\n\t\t\t\t\t<div class=\"elementor-column elementor-col-100 elementor-top-column elementor-element elementor-element-72954f9\" data-id=\"72954f9\" data-element_type=\"column\">\n\t\t\t<div class=\"elementor-widget-wrap elementor-element-populated\">\n\t\t\t\t\t\t\t\t<div class=\"elementor-element elementor-element-09b76a4 elementor-widget elementor-widget-heading\" data-id=\"09b76a4\" data-element_type=\"widget\" data-widget_type=\"heading.default\">\n\t\t\t\t<div class=\"elementor-widget-container\">\n\t\t\t<style>\/*! elementor - v3.13.3 - 28-05-2023 *\/\n.elementor-heading-title{padding:0;margin:0;line-height:1}.elementor-widget-heading .elementor-heading-title[class*=elementor-size-]>a{color:inherit;font-size:inherit;line-height:inherit}.elementor-widget-heading .elementor-heading-title.elementor-size-small{font-size:15px}.elementor-widget-heading .elementor-heading-title.elementor-size-medium{font-size:19px}.elementor-widget-heading .elementor-heading-title.elementor-size-large{font-size:29px}.elementor-widget-heading .elementor-heading-title.elementor-size-xl{font-size:39px}.elementor-widget-heading .elementor-heading-title.elementor-size-xxl{font-size:59px}<\/style><h2 class=\"elementor-heading-title elementor-size-default\">Heizung<\/h2>\t\t<\/div>\n\t\t\t\t<\/div>\n\t\t\t\t\t<\/div>\n\t\t<\/div>\n\t\t\t\t\t\t\t<\/div>\n\t\t<\/section>\n\t\t\t\t<section class=\"elementor-section elementor-top-section elementor-element elementor-element-fc6edb0 elementor-section-boxed elementor-section-height-default elementor-section-height-default\" data-id=\"fc6edb0\" data-element_type=\"section\">\n\t\t\t\t\t\t<div class=\"elementor-container elementor-column-gap-default\">\n\t\t\t\t\t<div class=\"elementor-column elementor-col-100 elementor-top-column elementor-element elementor-element-0cd079f\" data-id=\"0cd079f\" data-element_type=\"column\">\n\t\t\t<div class=\"elementor-widget-wrap elementor-element-populated\">\n\t\t\t\t\t\t\t\t<div class=\"elementor-element elementor-element-b3f34c8 elementor-widget elementor-widget-text-editor\" data-id=\"b3f34c8\" data-element_type=\"widget\" data-widget_type=\"text-editor.default\">\n\t\t\t\t<div class=\"elementor-widget-container\">\n\t\t\t<style>\/*! elementor - v3.13.3 - 28-05-2023 *\/\n.elementor-widget-text-editor.elementor-drop-cap-view-stacked .elementor-drop-cap{background-color:#69727d;color:#fff}.elementor-widget-text-editor.elementor-drop-cap-view-framed .elementor-drop-cap{color:#69727d;border:3px solid;background-color:transparent}.elementor-widget-text-editor:not(.elementor-drop-cap-view-default) .elementor-drop-cap{margin-top:8px}.elementor-widget-text-editor:not(.elementor-drop-cap-view-default) .elementor-drop-cap-letter{width:1em;height:1em}.elementor-widget-text-editor .elementor-drop-cap{float:left;text-align:center;line-height:1;font-size:50px}.elementor-widget-text-editor .elementor-drop-cap-letter{display:inline-block}<\/style>\t\t\t\t<p>Wir planen und modernisieren Ihre Heizungs- sowie L\u00fcftungsanlage im Ein- und Mehrfamilienhausbereich.<\/p><p>Um Ihnen unsere Erfahrung und Fachwissen immer zielgerichtet und umfassend anbieten zu k\u00f6nnen, bauen wir ausschlie\u00dflich folgende Heizungs- sowie L\u00fcftungs anlagen ein:<\/p>\t\t\t\t\t\t<\/div>\n\t\t\t\t<\/div>\n\t\t\t\t\t<\/div>\n\t\t<\/div>\n\t\t\t\t\t\t\t<\/div>\n\t\t<\/section>\n\t\t\t\t<section class=\"elementor-section elementor-top-section elementor-element elementor-element-0e72d56 elementor-section-boxed elementor-section-height-default elementor-section-height-default\" data-id=\"0e72d56\" data-element_type=\"section\">\n\t\t\t\t\t\t<div class=\"elementor-container elementor-column-gap-default\">\n\t\t\t\t\t<div class=\"elementor-column elementor-col-100 elementor-top-column elementor-element elementor-element-5673fdd\" data-id=\"5673fdd\" data-element_type=\"column\">\n\t\t\t<div class=\"elementor-widget-wrap elementor-element-populated\">\n\t\t\t\t\t\t\t\t<div class=\"elementor-element elementor-element-32e7f22 elementor-widget elementor-widget-text-editor\" data-id=\"32e7f22\" data-element_type=\"widget\" data-widget_type=\"text-editor.default\">\n\t\t\t\t<div class=\"elementor-widget-container\">\n\t\t\t\t\t\t\t<ul><li>Heizkessel<\/li><li>Gasthermen<\/li><li>Abgassysteme<\/li><li>Solar<\/li><li>W\u00e4rmepumpen<\/li><li>Wohnungsstationen<\/li><li>Wohnrauml\u00fcftung<\/li><li>Luftheizer<\/li><li>T\u00fcrluftschleier<\/li><li>Deckenventilator<\/li><li>Entrauchungsventilator<\/li><li>Dachventilator<\/li><li>L\u00fcftungsanlagen<\/li><\/ul>\t\t\t\t\t\t<\/div>\n\t\t\t\t<\/div>\n\t\t\t\t\t<\/div>\n\t\t<\/div>\n\t\t\t\t\t\t\t<\/div>\n\t\t<\/section>\n\t\t\t\t<section class=\"elementor-section elementor-top-section elementor-element elementor-element-1de95ae elementor-section-boxed elementor-section-height-default elementor-section-height-default\" data-id=\"1de95ae\" data-element_type=\"section\">\n\t\t\t\t\t\t<div class=\"elementor-container elementor-column-gap-default\">\n\t\t\t\t\t<div class=\"elementor-column elementor-col-20 elementor-top-column elementor-element elementor-element-c17257a\" data-id=\"c17257a\" data-element_type=\"column\">\n\t\t\t<div class=\"elementor-widget-wrap elementor-element-populated\">\n\t\t\t\t\t\t\t\t<div class=\"elementor-element elementor-element-3bd9154 elementor-widget elementor-widget-image\" data-id=\"3bd9154\" data-element_type=\"widget\" data-widget_type=\"image.default\">\n\t\t\t\t<div class=\"elementor-widget-container\">\n\t\t\t<style>\/*! elementor - v3.13.3 - 28-05-2023 *\/\n.elementor-widget-image{text-align:center}.elementor-widget-image a{display:inline-block}.elementor-widget-image a img[src$=\".svg\"]{width:48px}.elementor-widget-image img{vertical-align:middle;display:inline-block}<\/style>\t\t\t\t\t\t\t\t\t\t\t\t<img loading=\"lazy\" decoding=\"async\" width=\"1024\" height=\"370\" src=\"https:\/\/daniel-stowasser.de\/dhs_gt\/wp-content\/uploads\/2021\/10\/R-1-1024x370.jpg\" class=\"attachment-large size-large wp-image-132\" alt=\"\" srcset=\"https:\/\/daniel-stowasser.de\/dhs_gt\/wp-content\/uploads\/2021\/10\/R-1-1024x370.jpg 1024w, https:\/\/daniel-stowasser.de\/dhs_gt\/wp-content\/uploads\/2021\/10\/R-1-300x108.jpg 300w, https:\/\/daniel-stowasser.de\/dhs_gt\/wp-content\/uploads\/2021\/10\/R-1-768x277.jpg 768w, https:\/\/daniel-stowasser.de\/dhs_gt\/wp-content\/uploads\/2021\/10\/R-1-1536x554.jpg 1536w, https:\/\/daniel-stowasser.de\/dhs_gt\/wp-content\/uploads\/2021\/10\/R-1-2048x739.jpg 2048w\" sizes=\"auto, (max-width: 1024px) 100vw, 1024px\" \/>\t\t\t\t\t\t\t\t\t\t\t\t\t\t\t<\/div>\n\t\t\t\t<\/div>\n\t\t\t\t\t<\/div>\n\t\t<\/div>\n\t\t\t\t<div class=\"elementor-column elementor-col-20 elementor-top-column elementor-element elementor-element-3bae41c\" data-id=\"3bae41c\" data-element_type=\"column\">\n\t\t\t<div class=\"elementor-widget-wrap elementor-element-populated\">\n\t\t\t\t\t\t\t\t<div class=\"elementor-element elementor-element-75e9961 elementor-widget elementor-widget-image\" data-id=\"75e9961\" data-element_type=\"widget\" data-widget_type=\"image.default\">\n\t\t\t\t<div class=\"elementor-widget-container\">\n\t\t\t\t\t\t\t\t\t\t\t\t\t\t\t<img loading=\"lazy\" decoding=\"async\" width=\"300\" height=\"171\" src=\"https:\/\/daniel-stowasser.de\/dhs_gt\/wp-content\/uploads\/2021\/10\/R.jpg\" class=\"attachment-large size-large wp-image-133\" alt=\"\" \/>\t\t\t\t\t\t\t\t\t\t\t\t\t\t\t<\/div>\n\t\t\t\t<\/div>\n\t\t\t\t\t<\/div>\n\t\t<\/div>\n\t\t\t\t<div class=\"elementor-column elementor-col-20 elementor-top-column elementor-element elementor-element-ff41f80\" data-id=\"ff41f80\" data-element_type=\"column\">\n\t\t\t<div class=\"elementor-widget-wrap elementor-element-populated\">\n\t\t\t\t\t\t\t\t<div class=\"elementor-element elementor-element-4662559 elementor-widget elementor-widget-image\" data-id=\"4662559\" data-element_type=\"widget\" data-widget_type=\"image.default\">\n\t\t\t\t<div class=\"elementor-widget-container\">\n\t\t\t\t\t\t\t\t\t\t\t\t\t\t\t<img loading=\"lazy\" decoding=\"async\" width=\"180\" height=\"85\" src=\"https:\/\/daniel-stowasser.de\/dhs_gt\/wp-content\/uploads\/2021\/10\/NGCTFGG6AGQBP3ERQVGBBNGEGO.jpg\" class=\"attachment-large size-large wp-image-135\" alt=\"\" \/>\t\t\t\t\t\t\t\t\t\t\t\t\t\t\t<\/div>\n\t\t\t\t<\/div>\n\t\t\t\t\t<\/div>\n\t\t<\/div>\n\t\t\t\t<div class=\"elementor-column elementor-col-20 elementor-top-column elementor-element elementor-element-d235f62\" data-id=\"d235f62\" data-element_type=\"column\">\n\t\t\t<div class=\"elementor-widget-wrap elementor-element-populated\">\n\t\t\t\t\t\t\t\t<div class=\"elementor-element elementor-element-6dff2b9 elementor-widget elementor-widget-image\" data-id=\"6dff2b9\" data-element_type=\"widget\" data-widget_type=\"image.default\">\n\t\t\t\t<div class=\"elementor-widget-container\">\n\t\t\t\t\t\t\t\t\t\t\t\t\t\t\t<img loading=\"lazy\" decoding=\"async\" width=\"180\" height=\"48\" src=\"https:\/\/daniel-stowasser.de\/dhs_gt\/wp-content\/uploads\/2021\/10\/ESI79QC5598R1NFQLRMLE20C4O.jpg\" class=\"attachment-large size-large wp-image-136\" alt=\"\" \/>\t\t\t\t\t\t\t\t\t\t\t\t\t\t\t<\/div>\n\t\t\t\t<\/div>\n\t\t\t\t\t<\/div>\n\t\t<\/div>\n\t\t\t\t<div class=\"elementor-column elementor-col-20 elementor-top-column elementor-element elementor-element-493632c\" data-id=\"493632c\" data-element_type=\"column\">\n\t\t\t<div class=\"elementor-widget-wrap elementor-element-populated\">\n\t\t\t\t\t\t\t\t<div class=\"elementor-element elementor-element-ff1cbbe elementor-widget elementor-widget-image\" data-id=\"ff1cbbe\" data-element_type=\"widget\" data-widget_type=\"image.default\">\n\t\t\t\t<div class=\"elementor-widget-container\">\n\t\t\t\t\t\t\t\t\t\t\t\t\t\t\t<img loading=\"lazy\" decoding=\"async\" width=\"160\" height=\"37\" src=\"https:\/\/daniel-stowasser.de\/dhs_gt\/wp-content\/uploads\/2021\/10\/M76L2P9CDGI56G0F8NIEDAREGO.jpg\" class=\"attachment-large size-large wp-image-137\" alt=\"\" \/>\t\t\t\t\t\t\t\t\t\t\t\t\t\t\t<\/div>\n\t\t\t\t<\/div>\n\t\t\t\t\t<\/div>\n\t\t<\/div>\n\t\t\t\t\t\t\t<\/div>\n\t\t<\/section>\n\t\t\t\t\t\t\t<\/div>\n\t\t","protected":false},"excerpt":{"rendered":"<p>Heizung Wir planen und modernisieren Ihre Heizungs- sowie L\u00fcftungsanlage im Ein- und Mehrfamilienhausbereich. Um Ihnen unsere Erfahrung und Fachwissen immer zielgerichtet und umfassend anbieten zu k\u00f6nnen, bauen wir ausschlie\u00dflich folgende Heizungs- sowie L\u00fcftungs anlagen ein: Heizkessel Gasthermen Abgassysteme Solar W\u00e4rmepumpen Wohnungsstationen Wohnrauml\u00fcftung Luftheizer T\u00fcrluftschleier Deckenventilator Entrauchungsventilator Dachventilator L\u00fcftungsanlagen<\/p>\n","protected":false},"author":1,"featured_media":0,"parent":0,"menu_order":0,"comment_status":"closed","ping_status":"closed","template":"","meta":{"footnotes":""},"class_list":["post-130","page","type-page","status-publish","hentry","entry"],"_links":{"self":[{"href":"https:\/\/daniel-stowasser.de\/dhs_gt\/wp-json\/wp\/v2\/pages\/130","targetHints":{"allow":["GET"]}}],"collection":[{"href":"https:\/\/daniel-stowasser.de\/dhs_gt\/wp-json\/wp\/v2\/pages"}],"about":[{"href":"https:\/\/daniel-stowasser.de\/dhs_gt\/wp-json\/wp\/v2\/types\/page"}],"author":[{"embeddable":true,"href":"https:\/\/daniel-stowasser.de\/dhs_gt\/wp-json\/wp\/v2\/users\/1"}],"replies":[{"embeddable":true,"href":"https:\/\/daniel-stowasser.de\/dhs_gt\/wp-json\/wp\/v2\/comments?post=130"}],"version-history":[{"count":4,"href":"https:\/\/daniel-stowasser.de\/dhs_gt\/wp-json\/wp\/v2\/pages\/130\/revisions"}],"predecessor-version":[{"id":140,"href":"https:\/\/daniel-stowasser.de\/dhs_gt\/wp-json\/wp\/v2\/pages\/130\/revisions\/140"}],"wp:attachment":[{"href":"https:\/\/daniel-stowasser.de\/dhs_gt\/wp-json\/wp\/v2\/media?parent=130"}],"curies":[{"name":"wp","href":"https:\/\/api.w.org\/{rel}","templated":true}]}}