{"id":154,"date":"2021-10-23T16:51:48","date_gmt":"2021-10-23T14:51:48","guid":{"rendered":"https:\/\/daniel-stowasser.de\/dhs_gt\/?page_id=154"},"modified":"2021-10-23T16:58:05","modified_gmt":"2021-10-23T14:58:05","slug":"kundendienst","status":"publish","type":"page","link":"https:\/\/daniel-stowasser.de\/dhs_gt\/kundendienst\/","title":{"rendered":"Kundendienst"},"content":{"rendered":"\t\t<div data-elementor-type=\"wp-page\" data-elementor-id=\"154\" class=\"elementor elementor-154\">\n\t\t\t\t\t\t\t\t\t<section class=\"elementor-section elementor-top-section elementor-element elementor-element-eb6dd52 elementor-section-boxed elementor-section-height-default elementor-section-height-default\" data-id=\"eb6dd52\" data-element_type=\"section\">\n\t\t\t\t\t\t<div class=\"elementor-container elementor-column-gap-default\">\n\t\t\t\t\t<div class=\"elementor-column elementor-col-100 elementor-top-column elementor-element elementor-element-265a7f5\" data-id=\"265a7f5\" data-element_type=\"column\">\n\t\t\t<div class=\"elementor-widget-wrap elementor-element-populated\">\n\t\t\t\t\t\t\t\t<div class=\"elementor-element elementor-element-18c49ba elementor-widget elementor-widget-heading\" data-id=\"18c49ba\" data-element_type=\"widget\" data-widget_type=\"heading.default\">\n\t\t\t\t<div class=\"elementor-widget-container\">\n\t\t\t<style>\/*! elementor - v3.13.3 - 28-05-2023 *\/\n.elementor-heading-title{padding:0;margin:0;line-height:1}.elementor-widget-heading .elementor-heading-title[class*=elementor-size-]>a{color:inherit;font-size:inherit;line-height:inherit}.elementor-widget-heading .elementor-heading-title.elementor-size-small{font-size:15px}.elementor-widget-heading .elementor-heading-title.elementor-size-medium{font-size:19px}.elementor-widget-heading .elementor-heading-title.elementor-size-large{font-size:29px}.elementor-widget-heading .elementor-heading-title.elementor-size-xl{font-size:39px}.elementor-widget-heading .elementor-heading-title.elementor-size-xxl{font-size:59px}<\/style><h2 class=\"elementor-heading-title elementor-size-default\">Kundendienst<\/h2>\t\t<\/div>\n\t\t\t\t<\/div>\n\t\t\t\t<div class=\"elementor-element elementor-element-95f8715 elementor-widget elementor-widget-text-editor\" data-id=\"95f8715\" data-element_type=\"widget\" data-widget_type=\"text-editor.default\">\n\t\t\t\t<div class=\"elementor-widget-container\">\n\t\t\t<style>\/*! elementor - v3.13.3 - 28-05-2023 *\/\n.elementor-widget-text-editor.elementor-drop-cap-view-stacked .elementor-drop-cap{background-color:#69727d;color:#fff}.elementor-widget-text-editor.elementor-drop-cap-view-framed .elementor-drop-cap{color:#69727d;border:3px solid;background-color:transparent}.elementor-widget-text-editor:not(.elementor-drop-cap-view-default) .elementor-drop-cap{margin-top:8px}.elementor-widget-text-editor:not(.elementor-drop-cap-view-default) .elementor-drop-cap-letter{width:1em;height:1em}.elementor-widget-text-editor .elementor-drop-cap{float:left;text-align:center;line-height:1;font-size:50px}.elementor-widget-text-editor .elementor-drop-cap-letter{display:inline-block}<\/style>\t\t\t\t<p>Im Bereich Kundendienst bieten wir folgende Arbeiten an:<\/p>\t\t\t\t\t\t<\/div>\n\t\t\t\t<\/div>\n\t\t\t\t\t<\/div>\n\t\t<\/div>\n\t\t\t\t\t\t\t<\/div>\n\t\t<\/section>\n\t\t\t\t<section class=\"elementor-section elementor-top-section elementor-element elementor-element-ab86ae4 elementor-section-boxed elementor-section-height-default elementor-section-height-default\" data-id=\"ab86ae4\" data-element_type=\"section\">\n\t\t\t\t\t\t<div class=\"elementor-container elementor-column-gap-default\">\n\t\t\t\t\t<div class=\"elementor-column elementor-col-50 elementor-top-column elementor-element elementor-element-6f409ea\" data-id=\"6f409ea\" data-element_type=\"column\">\n\t\t\t<div class=\"elementor-widget-wrap elementor-element-populated\">\n\t\t\t\t\t\t\t\t<div class=\"elementor-element elementor-element-37305b2 elementor-widget elementor-widget-text-editor\" data-id=\"37305b2\" data-element_type=\"widget\" data-widget_type=\"text-editor.default\">\n\t\t\t\t<div class=\"elementor-widget-container\">\n\t\t\t\t\t\t\t<ul><li>Absperrventile<\/li><li>Ausdehnungsgef\u00e4\u00dfe<\/li><li>Bad<\/li><li>Badewanne<\/li><li>Badewannenarmatur<\/li><li>Brausegarnitur<\/li><li>Duschabtrennungen<\/li><li>Duscharmatur<\/li><li>Hauswasserleitungen<\/li><li>Heizkessel<\/li><li>Heizk\u00f6rper<\/li><li>Heizung<\/li><\/ul>\t\t\t\t\t\t<\/div>\n\t\t\t\t<\/div>\n\t\t\t\t\t<\/div>\n\t\t<\/div>\n\t\t\t\t<div class=\"elementor-column elementor-col-50 elementor-top-column elementor-element elementor-element-c8ba381\" data-id=\"c8ba381\" data-element_type=\"column\">\n\t\t\t<div class=\"elementor-widget-wrap elementor-element-populated\">\n\t\t\t\t\t\t\t\t<div class=\"elementor-element elementor-element-6d1e6f2 elementor-widget elementor-widget-text-editor\" data-id=\"6d1e6f2\" data-element_type=\"widget\" data-widget_type=\"text-editor.default\">\n\t\t\t\t<div class=\"elementor-widget-container\">\n\t\t\t\t\t\t\t<ul><li>Kanalreinigung<\/li><li>K\u00fcche<\/li><li>Thermostatventile<\/li><li>Umw\u00e4lzpumpen<\/li><li>Warmwasserbereiter<\/li><li>Waschtisch<\/li><li>Waschtischarmatur<\/li><li>Wasserverteiler<\/li><li>WC-Anlagen<\/li><\/ul>\t\t\t\t\t\t<\/div>\n\t\t\t\t<\/div>\n\t\t\t\t\t<\/div>\n\t\t<\/div>\n\t\t\t\t\t\t\t<\/div>\n\t\t<\/section>\n\t\t\t\t<section class=\"elementor-section elementor-top-section elementor-element elementor-element-f2b24b5 elementor-section-boxed elementor-section-height-default elementor-section-height-default\" data-id=\"f2b24b5\" data-element_type=\"section\">\n\t\t\t\t\t\t<div class=\"elementor-container elementor-column-gap-default\">\n\t\t\t\t\t<div class=\"elementor-column elementor-col-100 elementor-top-column elementor-element elementor-element-f27c24d\" data-id=\"f27c24d\" data-element_type=\"column\">\n\t\t\t<div class=\"elementor-widget-wrap elementor-element-populated\">\n\t\t\t\t\t\t\t\t<div class=\"elementor-element elementor-element-0d84821 elementor-widget elementor-widget-heading\" data-id=\"0d84821\" data-element_type=\"widget\" data-widget_type=\"heading.default\">\n\t\t\t\t<div class=\"elementor-widget-container\">\n\t\t\t<h2 class=\"elementor-heading-title elementor-size-default\">Wartungen<\/h2>\t\t<\/div>\n\t\t\t\t<\/div>\n\t\t\t\t<div class=\"elementor-element elementor-element-c114e47 elementor-widget elementor-widget-text-editor\" data-id=\"c114e47\" data-element_type=\"widget\" data-widget_type=\"text-editor.default\">\n\t\t\t\t<div class=\"elementor-widget-container\">\n\t\t\t\t\t\t\t<p>Wir erledigen Reinigungs- und Wartungsarbeiten f\u00fcr folgende Anlagenarten:<\/p><ul><li>\u00d6lbrennwert<\/li><li>\u00d6lheizwert<\/li><li>Gasbrennwert<\/li><li>Gasheizwert<\/li><li>Festbrennstoff<\/li><li>Solar<\/li><\/ul>\t\t\t\t\t\t<\/div>\n\t\t\t\t<\/div>\n\t\t\t\t\t<\/div>\n\t\t<\/div>\n\t\t\t\t\t\t\t<\/div>\n\t\t<\/section>\n\t\t\t\t\t\t\t<\/div>\n\t\t","protected":false},"excerpt":{"rendered":"<p>Kundendienst Im Bereich Kundendienst bieten wir folgende Arbeiten an: Absperrventile Ausdehnungsgef\u00e4\u00dfe Bad Badewanne Badewannenarmatur Brausegarnitur Duschabtrennungen Duscharmatur Hauswasserleitungen Heizkessel Heizk\u00f6rper Heizung Kanalreinigung K\u00fcche Thermostatventile Umw\u00e4lzpumpen Warmwasserbereiter Waschtisch Waschtischarmatur Wasserverteiler WC-Anlagen Wartungen Wir erledigen Reinigungs- und Wartungsarbeiten f\u00fcr folgende Anlagenarten: \u00d6lbrennwert \u00d6lheizwert Gasbrennwert Gasheizwert Festbrennstoff Solar<\/p>\n","protected":false},"author":1,"featured_media":0,"parent":0,"menu_order":0,"comment_status":"closed","ping_status":"closed","template":"","meta":{"footnotes":""},"class_list":["post-154","page","type-page","status-publish","hentry","entry"],"_links":{"self":[{"href":"https:\/\/daniel-stowasser.de\/dhs_gt\/wp-json\/wp\/v2\/pages\/154","targetHints":{"allow":["GET"]}}],"collection":[{"href":"https:\/\/daniel-stowasser.de\/dhs_gt\/wp-json\/wp\/v2\/pages"}],"about":[{"href":"https:\/\/daniel-stowasser.de\/dhs_gt\/wp-json\/wp\/v2\/types\/page"}],"author":[{"embeddable":true,"href":"https:\/\/daniel-stowasser.de\/dhs_gt\/wp-json\/wp\/v2\/users\/1"}],"replies":[{"embeddable":true,"href":"https:\/\/daniel-stowasser.de\/dhs_gt\/wp-json\/wp\/v2\/comments?post=154"}],"version-history":[{"count":4,"href":"https:\/\/daniel-stowasser.de\/dhs_gt\/wp-json\/wp\/v2\/pages\/154\/revisions"}],"predecessor-version":[{"id":158,"href":"https:\/\/daniel-stowasser.de\/dhs_gt\/wp-json\/wp\/v2\/pages\/154\/revisions\/158"}],"wp:attachment":[{"href":"https:\/\/daniel-stowasser.de\/dhs_gt\/wp-json\/wp\/v2\/media?parent=154"}],"curies":[{"name":"wp","href":"https:\/\/api.w.org\/{rel}","templated":true}]}}