{"id":169,"date":"2021-10-23T17:29:27","date_gmt":"2021-10-23T15:29:27","guid":{"rendered":"https:\/\/daniel-stowasser.de\/dhs_gt\/?page_id=169"},"modified":"2021-10-25T18:25:03","modified_gmt":"2021-10-25T16:25:03","slug":"spendenheld-werden","status":"publish","type":"page","link":"https:\/\/daniel-stowasser.de\/dhs_gt\/spendenheld-werden\/","title":{"rendered":"Spendenheld werden"},"content":{"rendered":"\t\t<div data-elementor-type=\"wp-page\" data-elementor-id=\"169\" class=\"elementor elementor-169\">\n\t\t\t\t\t\t\t\t\t<section class=\"elementor-section elementor-top-section elementor-element elementor-element-42f22a4 elementor-section-boxed elementor-section-height-default elementor-section-height-default\" data-id=\"42f22a4\" data-element_type=\"section\">\n\t\t\t\t\t\t<div class=\"elementor-container elementor-column-gap-default\">\n\t\t\t\t\t<div class=\"elementor-column elementor-col-100 elementor-top-column elementor-element elementor-element-28c072f\" data-id=\"28c072f\" data-element_type=\"column\">\n\t\t\t<div class=\"elementor-widget-wrap elementor-element-populated\">\n\t\t\t\t\t\t\t\t<div class=\"elementor-element elementor-element-d9327f6 elementor-widget elementor-widget-heading\" data-id=\"d9327f6\" data-element_type=\"widget\" data-widget_type=\"heading.default\">\n\t\t\t\t<div class=\"elementor-widget-container\">\n\t\t\t<style>\/*! elementor - v3.13.3 - 28-05-2023 *\/\n.elementor-heading-title{padding:0;margin:0;line-height:1}.elementor-widget-heading .elementor-heading-title[class*=elementor-size-]>a{color:inherit;font-size:inherit;line-height:inherit}.elementor-widget-heading .elementor-heading-title.elementor-size-small{font-size:15px}.elementor-widget-heading .elementor-heading-title.elementor-size-medium{font-size:19px}.elementor-widget-heading .elementor-heading-title.elementor-size-large{font-size:29px}.elementor-widget-heading .elementor-heading-title.elementor-size-xl{font-size:39px}.elementor-widget-heading .elementor-heading-title.elementor-size-xxl{font-size:59px}<\/style><h2 class=\"elementor-heading-title elementor-size-default\">Werde Spendenheld! Wir von DHS Geb\u00e4udetechnik sind es! Werde du auch ein Held!<\/h2>\t\t<\/div>\n\t\t\t\t<\/div>\n\t\t\t\t\t<\/div>\n\t\t<\/div>\n\t\t\t\t\t\t\t<\/div>\n\t\t<\/section>\n\t\t\t\t<section class=\"elementor-section elementor-top-section elementor-element elementor-element-614c8d2 elementor-section-boxed elementor-section-height-default elementor-section-height-default\" data-id=\"614c8d2\" data-element_type=\"section\">\n\t\t\t\t\t\t<div class=\"elementor-container elementor-column-gap-default\">\n\t\t\t\t\t<div class=\"elementor-column elementor-col-100 elementor-top-column elementor-element elementor-element-0eed0d6\" data-id=\"0eed0d6\" data-element_type=\"column\">\n\t\t\t<div class=\"elementor-widget-wrap elementor-element-populated\">\n\t\t\t\t\t\t\t\t<div class=\"elementor-element elementor-element-2d532a8 elementor-widget elementor-widget-text-editor\" data-id=\"2d532a8\" data-element_type=\"widget\" data-widget_type=\"text-editor.default\">\n\t\t\t\t<div class=\"elementor-widget-container\">\n\t\t\t<style>\/*! elementor - v3.13.3 - 28-05-2023 *\/\n.elementor-widget-text-editor.elementor-drop-cap-view-stacked .elementor-drop-cap{background-color:#69727d;color:#fff}.elementor-widget-text-editor.elementor-drop-cap-view-framed .elementor-drop-cap{color:#69727d;border:3px solid;background-color:transparent}.elementor-widget-text-editor:not(.elementor-drop-cap-view-default) .elementor-drop-cap{margin-top:8px}.elementor-widget-text-editor:not(.elementor-drop-cap-view-default) .elementor-drop-cap-letter{width:1em;height:1em}.elementor-widget-text-editor .elementor-drop-cap{float:left;text-align:center;line-height:1;font-size:50px}.elementor-widget-text-editor .elementor-drop-cap-letter{display:inline-block}<\/style>\t\t\t\t<p>Besondere Kinder brauchen besondere Unterst\u00fctzung! Damit ruft das kbo-Kinderzentrum M\u00fcnchen auf zur mithilfe! Das unterst\u00fctzen wir vollkommen und m\u00f6chten auch sie f\u00fcr dieses Herzens Projekt ermutigen.<\/p><p>Kinder sind wie der kleine KIBO im Wind! Einige k\u00f6nnen h\u00f6her Fliegen als andere, aber jeder Einzelne fliegt so gut er kann. Jeder einzelne ist verschieden. Jeder Einzelne ist sch\u00f6n. Jeder Einzelne ist etwas ganz Besonderes. Jeder Einzelne wird im kbo-Kinderzentrum M\u00fcnchen behandelt wie ein Engel. Danke an das gesamte herzliche Team vom kbo!<\/p>\t\t\t\t\t\t<\/div>\n\t\t\t\t<\/div>\n\t\t\t\t<div class=\"elementor-element elementor-element-e89c983 elementor-widget elementor-widget-image\" data-id=\"e89c983\" data-element_type=\"widget\" data-widget_type=\"image.default\">\n\t\t\t\t<div class=\"elementor-widget-container\">\n\t\t\t<style>\/*! elementor - v3.13.3 - 28-05-2023 *\/\n.elementor-widget-image{text-align:center}.elementor-widget-image a{display:inline-block}.elementor-widget-image a img[src$=\".svg\"]{width:48px}.elementor-widget-image img{vertical-align:middle;display:inline-block}<\/style>\t\t\t\t\t\t\t\t\t\t\t\t\t<a href=\"https:\/\/www.neubau-kbo-kinderzentrum.de\/\" target=\"_blank\">\n\t\t\t\t\t\t\t<img loading=\"lazy\" decoding=\"async\" width=\"1024\" height=\"967\" src=\"https:\/\/daniel-stowasser.de\/dhs_gt\/wp-content\/uploads\/2021\/10\/Spendenuebergabe_DHS-Gebaeudetechnik_klein-1024x967.jpg\" class=\"attachment-large size-large wp-image-183\" alt=\"\" srcset=\"https:\/\/daniel-stowasser.de\/dhs_gt\/wp-content\/uploads\/2021\/10\/Spendenuebergabe_DHS-Gebaeudetechnik_klein-1024x967.jpg 1024w, https:\/\/daniel-stowasser.de\/dhs_gt\/wp-content\/uploads\/2021\/10\/Spendenuebergabe_DHS-Gebaeudetechnik_klein-300x283.jpg 300w, https:\/\/daniel-stowasser.de\/dhs_gt\/wp-content\/uploads\/2021\/10\/Spendenuebergabe_DHS-Gebaeudetechnik_klein-768x725.jpg 768w, https:\/\/daniel-stowasser.de\/dhs_gt\/wp-content\/uploads\/2021\/10\/Spendenuebergabe_DHS-Gebaeudetechnik_klein-1536x1450.jpg 1536w, https:\/\/daniel-stowasser.de\/dhs_gt\/wp-content\/uploads\/2021\/10\/Spendenuebergabe_DHS-Gebaeudetechnik_klein.jpg 1593w\" sizes=\"auto, (max-width: 1024px) 100vw, 1024px\" \/>\t\t\t\t\t\t\t\t<\/a>\n\t\t\t\t\t\t\t\t\t\t\t\t\t\t\t<\/div>\n\t\t\t\t<\/div>\n\t\t\t\t<div class=\"elementor-element elementor-element-a9b2640 elementor-widget elementor-widget-text-editor\" data-id=\"a9b2640\" data-element_type=\"widget\" data-widget_type=\"text-editor.default\">\n\t\t\t\t<div class=\"elementor-widget-container\">\n\t\t\t\t\t\t\t<p>Wof\u00fcr und warum wir Ihre Hilfe brauchen<\/p><p>Wenn es um die Behandlung und F\u00f6rderung entwicklungsverz\u00f6gerter oder behinderter junger Menschen geht, f\u00fchrt kaum ein Weg an unserer Sozialp\u00e4diatrie vorbei. Wir verbinden eine erstklassige Kinder- und Jugendmedizin mit dem gesamten sozialen Umfeld. Das hei\u00dft, die Familie wird in die Diagnostik und Therapie der Kinder konsequent einbezogen \u2013 um die Kinder optimal zu f\u00f6rdern und ihnen ein weitgehend normales Leben zu erm\u00f6glichen. Doch mit jedem Tag wird unsere Arbeit schwieriger:<\/p><p>Die R\u00e4umlichkeiten sind sehr beengt und inzwischen so veraltet, dass sie modernen Standards nicht mehr gen\u00fcgen.<\/p><p>Durch immer mehr und bessere Therapieangebote ist der Raumbedarf zudem stetig gewachsen.<\/p><p>Durch die stetig zunehmende Zahl an Patienten kommt es in einzelnen Bereichen zu langen Wartezeiten von \u00fcber 3 Monaten \u2013 ein Umstand, der f\u00fcr die betroffenen Familien oftmals eine gro\u00dfe Belastung darstellt.<\/p><p>Um die Kinder und Jugendlichen auch in Zukunft bestm\u00f6glich behandeln zu k\u00f6nnen, m\u00fcssen wir die Geb\u00e4ude daher nicht nur dringend modernisieren, sondern auch erweitern. Daf\u00fcr sind wir unabh\u00e4ngig von der Finanzierung durch \u00f6ffentliche Gelder auf Spenden in Millionenh\u00f6he angewiesen.<\/p><p>Wir z\u00e4hlen dabei auf Ihre Unterst\u00fctzung.<\/p>\t\t\t\t\t\t<\/div>\n\t\t\t\t<\/div>\n\t\t\t\t<div class=\"elementor-element elementor-element-5a11f5f elementor-widget elementor-widget-image\" data-id=\"5a11f5f\" data-element_type=\"widget\" data-widget_type=\"image.default\">\n\t\t\t\t<div class=\"elementor-widget-container\">\n\t\t\t\t\t\t\t\t\t\t\t\t\t\t\t\t<a href=\"https:\/\/www.neubau-kbo-kinderzentrum.de\/\" target=\"_blank\">\n\t\t\t\t\t\t\t<img loading=\"lazy\" decoding=\"async\" width=\"1024\" height=\"505\" src=\"https:\/\/daniel-stowasser.de\/dhs_gt\/wp-content\/uploads\/2021\/10\/kbo-1024x505.jpg\" class=\"attachment-large size-large wp-image-171\" alt=\"\" srcset=\"https:\/\/daniel-stowasser.de\/dhs_gt\/wp-content\/uploads\/2021\/10\/kbo-1024x505.jpg 1024w, https:\/\/daniel-stowasser.de\/dhs_gt\/wp-content\/uploads\/2021\/10\/kbo-300x148.jpg 300w, https:\/\/daniel-stowasser.de\/dhs_gt\/wp-content\/uploads\/2021\/10\/kbo-768x378.jpg 768w, https:\/\/daniel-stowasser.de\/dhs_gt\/wp-content\/uploads\/2021\/10\/kbo.jpg 1094w\" sizes=\"auto, (max-width: 1024px) 100vw, 1024px\" \/>\t\t\t\t\t\t\t\t<\/a>\n\t\t\t\t\t\t\t\t\t\t\t\t\t\t\t<\/div>\n\t\t\t\t<\/div>\n\t\t\t\t<div class=\"elementor-element elementor-element-f37cae8 elementor-widget elementor-widget-text-editor\" data-id=\"f37cae8\" data-element_type=\"widget\" data-widget_type=\"text-editor.default\">\n\t\t\t\t<div class=\"elementor-widget-container\">\n\t\t\t\t\t\t\t<p><br><\/p>\n<p><strong>Jeder Euro Hilft&nbsp;<\/strong><\/p>\t\t\t\t\t\t<\/div>\n\t\t\t\t<\/div>\n\t\t\t\t\t<\/div>\n\t\t<\/div>\n\t\t\t\t\t\t\t<\/div>\n\t\t<\/section>\n\t\t\t\t\t\t\t<\/div>\n\t\t","protected":false},"excerpt":{"rendered":"<p>Werde Spendenheld! Wir von DHS Geb\u00e4udetechnik sind es! Werde du auch ein Held! Besondere Kinder brauchen besondere Unterst\u00fctzung! Damit ruft das kbo-Kinderzentrum M\u00fcnchen auf zur mithilfe! Das unterst\u00fctzen wir vollkommen und m\u00f6chten auch sie f\u00fcr dieses Herzens Projekt ermutigen. Kinder sind wie der kleine KIBO im Wind! Einige k\u00f6nnen h\u00f6her Fliegen als andere, aber jeder [&hellip;]<\/p>\n","protected":false},"author":1,"featured_media":0,"parent":0,"menu_order":0,"comment_status":"closed","ping_status":"closed","template":"","meta":{"footnotes":""},"class_list":["post-169","page","type-page","status-publish","hentry","entry"],"_links":{"self":[{"href":"https:\/\/daniel-stowasser.de\/dhs_gt\/wp-json\/wp\/v2\/pages\/169","targetHints":{"allow":["GET"]}}],"collection":[{"href":"https:\/\/daniel-stowasser.de\/dhs_gt\/wp-json\/wp\/v2\/pages"}],"about":[{"href":"https:\/\/daniel-stowasser.de\/dhs_gt\/wp-json\/wp\/v2\/types\/page"}],"author":[{"embeddable":true,"href":"https:\/\/daniel-stowasser.de\/dhs_gt\/wp-json\/wp\/v2\/users\/1"}],"replies":[{"embeddable":true,"href":"https:\/\/daniel-stowasser.de\/dhs_gt\/wp-json\/wp\/v2\/comments?post=169"}],"version-history":[{"count":25,"href":"https:\/\/daniel-stowasser.de\/dhs_gt\/wp-json\/wp\/v2\/pages\/169\/revisions"}],"predecessor-version":[{"id":203,"href":"https:\/\/daniel-stowasser.de\/dhs_gt\/wp-json\/wp\/v2\/pages\/169\/revisions\/203"}],"wp:attachment":[{"href":"https:\/\/daniel-stowasser.de\/dhs_gt\/wp-json\/wp\/v2\/media?parent=169"}],"curies":[{"name":"wp","href":"https:\/\/api.w.org\/{rel}","templated":true}]}}