{"id":20,"date":"2021-10-22T22:25:37","date_gmt":"2021-10-22T20:25:37","guid":{"rendered":"https:\/\/daniel-stowasser.de\/dhs_gt\/?page_id=20"},"modified":"2023-05-29T20:13:51","modified_gmt":"2023-05-29T18:13:51","slug":"agb","status":"publish","type":"page","link":"https:\/\/daniel-stowasser.de\/dhs_gt\/agb\/","title":{"rendered":"AGB"},"content":{"rendered":"\t\t<div data-elementor-type=\"wp-page\" data-elementor-id=\"20\" class=\"elementor elementor-20\">\n\t\t\t\t\t\t\t\t\t<section class=\"elementor-section elementor-top-section elementor-element elementor-element-7f437a7 elementor-section-boxed elementor-section-height-default elementor-section-height-default\" data-id=\"7f437a7\" data-element_type=\"section\">\n\t\t\t\t\t\t<div class=\"elementor-container elementor-column-gap-default\">\n\t\t\t\t\t<div class=\"elementor-column elementor-col-100 elementor-top-column elementor-element elementor-element-2479251\" data-id=\"2479251\" data-element_type=\"column\">\n\t\t\t<div class=\"elementor-widget-wrap elementor-element-populated\">\n\t\t\t\t\t\t\t\t<div class=\"elementor-element elementor-element-a23168b elementor-widget elementor-widget-heading\" data-id=\"a23168b\" data-element_type=\"widget\" data-widget_type=\"heading.default\">\n\t\t\t\t<div class=\"elementor-widget-container\">\n\t\t\t<style>\/*! elementor - v3.13.3 - 28-05-2023 *\/\n.elementor-heading-title{padding:0;margin:0;line-height:1}.elementor-widget-heading .elementor-heading-title[class*=elementor-size-]>a{color:inherit;font-size:inherit;line-height:inherit}.elementor-widget-heading .elementor-heading-title.elementor-size-small{font-size:15px}.elementor-widget-heading .elementor-heading-title.elementor-size-medium{font-size:19px}.elementor-widget-heading .elementor-heading-title.elementor-size-large{font-size:29px}.elementor-widget-heading .elementor-heading-title.elementor-size-xl{font-size:39px}.elementor-widget-heading .elementor-heading-title.elementor-size-xxl{font-size:59px}<\/style><h2 class=\"elementor-heading-title elementor-size-default\">Allgemeine Gesch\u00e4ftsbedingungen (AGB)<\/h2>\t\t<\/div>\n\t\t\t\t<\/div>\n\t\t\t\t\t<\/div>\n\t\t<\/div>\n\t\t\t\t\t\t\t<\/div>\n\t\t<\/section>\n\t\t\t\t<section class=\"elementor-section elementor-top-section elementor-element elementor-element-f7e2870 elementor-section-boxed elementor-section-height-default elementor-section-height-default\" data-id=\"f7e2870\" data-element_type=\"section\">\n\t\t\t\t\t\t<div class=\"elementor-container elementor-column-gap-default\">\n\t\t\t\t\t<div class=\"elementor-column elementor-col-100 elementor-top-column elementor-element elementor-element-1f11597\" data-id=\"1f11597\" data-element_type=\"column\">\n\t\t\t<div class=\"elementor-widget-wrap elementor-element-populated\">\n\t\t\t\t\t\t\t\t<div class=\"elementor-element elementor-element-a1b2d69 elementor-widget elementor-widget-image\" data-id=\"a1b2d69\" data-element_type=\"widget\" data-widget_type=\"image.default\">\n\t\t\t\t<div class=\"elementor-widget-container\">\n\t\t\t<style>\/*! elementor - v3.13.3 - 28-05-2023 *\/\n.elementor-widget-image{text-align:center}.elementor-widget-image a{display:inline-block}.elementor-widget-image a img[src$=\".svg\"]{width:48px}.elementor-widget-image img{vertical-align:middle;display:inline-block}<\/style>\t\t\t\t\t\t\t\t\t\t\t\t<img loading=\"lazy\" decoding=\"async\" width=\"300\" height=\"200\" src=\"https:\/\/daniel-stowasser.de\/dhs_gt\/wp-content\/uploads\/2021\/10\/a-book-3101151_640-300x200.jpg\" class=\"attachment-medium size-medium wp-image-22\" alt=\"\" srcset=\"https:\/\/daniel-stowasser.de\/dhs_gt\/wp-content\/uploads\/2021\/10\/a-book-3101151_640-300x200.jpg 300w, https:\/\/daniel-stowasser.de\/dhs_gt\/wp-content\/uploads\/2021\/10\/a-book-3101151_640.jpg 640w\" sizes=\"auto, (max-width: 300px) 100vw, 300px\" \/>\t\t\t\t\t\t\t\t\t\t\t\t\t\t\t<\/div>\n\t\t\t\t<\/div>\n\t\t\t\t\t<\/div>\n\t\t<\/div>\n\t\t\t\t\t\t\t<\/div>\n\t\t<\/section>\n\t\t\t\t<section class=\"elementor-section elementor-top-section elementor-element elementor-element-f289101 elementor-section-boxed elementor-section-height-default elementor-section-height-default\" data-id=\"f289101\" data-element_type=\"section\">\n\t\t\t\t\t\t<div class=\"elementor-container elementor-column-gap-default\">\n\t\t\t\t\t<div class=\"elementor-column elementor-col-100 elementor-top-column elementor-element elementor-element-b93e39d\" data-id=\"b93e39d\" data-element_type=\"column\">\n\t\t\t<div class=\"elementor-widget-wrap elementor-element-populated\">\n\t\t\t\t\t\t\t\t<div class=\"elementor-element elementor-element-59a48ec elementor-widget-divider--view-line elementor-widget elementor-widget-divider\" data-id=\"59a48ec\" data-element_type=\"widget\" data-widget_type=\"divider.default\">\n\t\t\t\t<div class=\"elementor-widget-container\">\n\t\t\t<style>\/*! elementor - v3.13.3 - 28-05-2023 *\/\n.elementor-widget-divider{--divider-border-style:none;--divider-border-width:1px;--divider-color:#0c0d0e;--divider-icon-size:20px;--divider-element-spacing:10px;--divider-pattern-height:24px;--divider-pattern-size:20px;--divider-pattern-url:none;--divider-pattern-repeat:repeat-x}.elementor-widget-divider .elementor-divider{display:flex}.elementor-widget-divider .elementor-divider__text{font-size:15px;line-height:1;max-width:95%}.elementor-widget-divider .elementor-divider__element{margin:0 var(--divider-element-spacing);flex-shrink:0}.elementor-widget-divider .elementor-icon{font-size:var(--divider-icon-size)}.elementor-widget-divider .elementor-divider-separator{display:flex;margin:0;direction:ltr}.elementor-widget-divider--view-line_icon .elementor-divider-separator,.elementor-widget-divider--view-line_text .elementor-divider-separator{align-items:center}.elementor-widget-divider--view-line_icon .elementor-divider-separator:after,.elementor-widget-divider--view-line_icon .elementor-divider-separator:before,.elementor-widget-divider--view-line_text .elementor-divider-separator:after,.elementor-widget-divider--view-line_text .elementor-divider-separator:before{display:block;content:\"\";border-bottom:0;flex-grow:1;border-top:var(--divider-border-width) var(--divider-border-style) var(--divider-color)}.elementor-widget-divider--element-align-left .elementor-divider .elementor-divider-separator>.elementor-divider__svg:first-of-type{flex-grow:0;flex-shrink:100}.elementor-widget-divider--element-align-left .elementor-divider-separator:before{content:none}.elementor-widget-divider--element-align-left .elementor-divider__element{margin-left:0}.elementor-widget-divider--element-align-right .elementor-divider .elementor-divider-separator>.elementor-divider__svg:last-of-type{flex-grow:0;flex-shrink:100}.elementor-widget-divider--element-align-right .elementor-divider-separator:after{content:none}.elementor-widget-divider--element-align-right .elementor-divider__element{margin-right:0}.elementor-widget-divider:not(.elementor-widget-divider--view-line_text):not(.elementor-widget-divider--view-line_icon) .elementor-divider-separator{border-top:var(--divider-border-width) var(--divider-border-style) var(--divider-color)}.elementor-widget-divider--separator-type-pattern{--divider-border-style:none}.elementor-widget-divider--separator-type-pattern.elementor-widget-divider--view-line .elementor-divider-separator,.elementor-widget-divider--separator-type-pattern:not(.elementor-widget-divider--view-line) .elementor-divider-separator:after,.elementor-widget-divider--separator-type-pattern:not(.elementor-widget-divider--view-line) .elementor-divider-separator:before,.elementor-widget-divider--separator-type-pattern:not([class*=elementor-widget-divider--view]) .elementor-divider-separator{width:100%;min-height:var(--divider-pattern-height);-webkit-mask-size:var(--divider-pattern-size) 100%;mask-size:var(--divider-pattern-size) 100%;-webkit-mask-repeat:var(--divider-pattern-repeat);mask-repeat:var(--divider-pattern-repeat);background-color:var(--divider-color);-webkit-mask-image:var(--divider-pattern-url);mask-image:var(--divider-pattern-url)}.elementor-widget-divider--no-spacing{--divider-pattern-size:auto}.elementor-widget-divider--bg-round{--divider-pattern-repeat:round}.rtl .elementor-widget-divider .elementor-divider__text{direction:rtl}.e-con-inner>.elementor-widget-divider,.e-con>.elementor-widget-divider{width:var(--container-widget-width,100%);--flex-grow:var(--container-widget-flex-grow)}<\/style>\t\t<div class=\"elementor-divider\">\n\t\t\t<span class=\"elementor-divider-separator\">\n\t\t\t\t\t\t<\/span>\n\t\t<\/div>\n\t\t\t\t<\/div>\n\t\t\t\t<\/div>\n\t\t\t\t<div class=\"elementor-element elementor-element-983d416 elementor-widget elementor-widget-heading\" data-id=\"983d416\" data-element_type=\"widget\" data-widget_type=\"heading.default\">\n\t\t\t\t<div class=\"elementor-widget-container\">\n\t\t\t<h2 class=\"elementor-heading-title elementor-size-default\">F\u00fcr alle Gesch\u00e4ftsvorf\u00e4lle der Fa. DHS Geb\u00e4udetechnik GmbH gelten die Allgemeinen Gesch\u00e4ftsbedingungen<\/h2>\t\t<\/div>\n\t\t\t\t<\/div>\n\t\t\t\t<div class=\"elementor-element elementor-element-21713dc elementor-widget-divider--view-line elementor-widget elementor-widget-divider\" data-id=\"21713dc\" data-element_type=\"widget\" data-widget_type=\"divider.default\">\n\t\t\t\t<div class=\"elementor-widget-container\">\n\t\t\t\t\t<div class=\"elementor-divider\">\n\t\t\t<span class=\"elementor-divider-separator\">\n\t\t\t\t\t\t<\/span>\n\t\t<\/div>\n\t\t\t\t<\/div>\n\t\t\t\t<\/div>\n\t\t\t\t<div class=\"elementor-element elementor-element-d362995 elementor-widget elementor-widget-heading\" data-id=\"d362995\" data-element_type=\"widget\" data-widget_type=\"heading.default\">\n\t\t\t\t<div class=\"elementor-widget-container\">\n\t\t\t<h2 class=\"elementor-heading-title elementor-size-default\">I.   Allgemeines<\/h2>\t\t<\/div>\n\t\t\t\t<\/div>\n\t\t\t\t<div class=\"elementor-element elementor-element-58b0acf elementor-widget elementor-widget-text-editor\" data-id=\"58b0acf\" data-element_type=\"widget\" data-widget_type=\"text-editor.default\">\n\t\t\t\t<div class=\"elementor-widget-container\">\n\t\t\t<style>\/*! elementor - v3.13.3 - 28-05-2023 *\/\n.elementor-widget-text-editor.elementor-drop-cap-view-stacked .elementor-drop-cap{background-color:#69727d;color:#fff}.elementor-widget-text-editor.elementor-drop-cap-view-framed .elementor-drop-cap{color:#69727d;border:3px solid;background-color:transparent}.elementor-widget-text-editor:not(.elementor-drop-cap-view-default) .elementor-drop-cap{margin-top:8px}.elementor-widget-text-editor:not(.elementor-drop-cap-view-default) .elementor-drop-cap-letter{width:1em;height:1em}.elementor-widget-text-editor .elementor-drop-cap{float:left;text-align:center;line-height:1;font-size:50px}.elementor-widget-text-editor .elementor-drop-cap-letter{display:inline-block}<\/style>\t\t\t\t<p>Die folgenden Allgemeinen Gesch\u00e4ftsbedingungen (AGB) gelten f\u00fcr alle Lieferungen und Leistungen der Fa. DHS Geb\u00e4udetechnik GmbH soweit nicht ausdr\u00fccklich andere Vereinbarungen getroffen wurden. Bedingungen des Auftraggebers gelten nur, wenn und soweit wir sie ausdr\u00fccklich schriftlich anerkennen.<\/p><p>Unsere Meister\/Techniker\/Monteure haben keine Befugnis, abweichende oder erg\u00e4nzende Vereinbarungen zu treffen oder Sonderkonditionen zu vereinbaren.<\/p><p>Gem. \u00a7 33 BDSG weisen wir darauf hin, dass Daten unserer Auftraggeber von uns EDV-m\u00e4\u00dfig gespeichert und verarbeitet werden, soweit dies zur ordnungsgem\u00e4\u00dfen Abwicklung der Gesch\u00e4ftsverbindung erforderlich ist.<\/p><p>Die Abtretung von Forderungen gegen uns an Dritte ist ausgeschlossen. \u00a7 354 a HGB bleibt unber\u00fchrt.<\/p>\t\t\t\t\t\t<\/div>\n\t\t\t\t<\/div>\n\t\t\t\t<div class=\"elementor-element elementor-element-6d2fea7 elementor-widget elementor-widget-heading\" data-id=\"6d2fea7\" data-element_type=\"widget\" data-widget_type=\"heading.default\">\n\t\t\t\t<div class=\"elementor-widget-container\">\n\t\t\t<h2 class=\"elementor-heading-title elementor-size-default\">II.   Angebot und Vertragsabschluss<\/h2>\t\t<\/div>\n\t\t\t\t<\/div>\n\t\t\t\t<div class=\"elementor-element elementor-element-16e94e8 elementor-widget elementor-widget-text-editor\" data-id=\"16e94e8\" data-element_type=\"widget\" data-widget_type=\"text-editor.default\">\n\t\t\t\t<div class=\"elementor-widget-container\">\n\t\t\t\t\t\t\t<p>Unsere Angebote sind unverbindlich, sofern auf die Verbindlichkeit im Angebot nicht ausdr\u00fccklich hingewiesen wird.<\/p><p>Die vom Auftraggeber unterzeichnete Bestellung ist ein bindendes Angebot. Dieses kann der Auftragnehmer innerhalb von 2 Wochen entweder ausdr\u00fccklich annehmen oder konkludent die Annahme durch Zusendung der bestellten Ware oder durch Erbringung der Leistung erkl\u00e4ren.<\/p><p>Alle Angaben \u00fcber unsere Waren und Leistungen, insbesondere die in unseren Angeboten und Druckschriften enthaltenen Abbildungen, Zeichnungen, Gewichts, Ma\u00df- und Leistungsangaben, sind unverbindlich und repr\u00e4sentieren allenfalls Durchschnittswerte. Sie sind keine garantierten Beschaffenheitsmerkmale, sondern unverbindliche Beschreibungen oder Kennzeichnungen der Ware. Soweit nicht Grenzen f\u00fcr zul\u00e4ssige Abweichungen ausdr\u00fccklich in der Auftragsbest\u00e4tigung festgelegt und als solche bezeichnet sind, sind in jedem Fall branchen\u00fcbliche Abweichungen zul\u00e4ssig.<\/p>\t\t\t\t\t\t<\/div>\n\t\t\t\t<\/div>\n\t\t\t\t<div class=\"elementor-element elementor-element-2a5fd60 elementor-widget elementor-widget-heading\" data-id=\"2a5fd60\" data-element_type=\"widget\" data-widget_type=\"heading.default\">\n\t\t\t\t<div class=\"elementor-widget-container\">\n\t\t\t<h2 class=\"elementor-heading-title elementor-size-default\">III.   Preise<\/h2>\t\t<\/div>\n\t\t\t\t<\/div>\n\t\t\t\t<div class=\"elementor-element elementor-element-fc2cd96 elementor-widget elementor-widget-text-editor\" data-id=\"fc2cd96\" data-element_type=\"widget\" data-widget_type=\"text-editor.default\">\n\t\t\t\t<div class=\"elementor-widget-container\">\n\t\t\t\t\t\t\t<p>Unsere Preise sind stets freibleibend und bleiben unber\u00fchrt, ma\u00dfgebend sind ausschlie\u00dflich die in unserer Auftragsbest\u00e4tigung genannten Preise. Zus\u00e4tzliche Leistungen werden gesondert berechnet.<\/p><p>Reparaturarbeiten und sonstige Installationen sind auch dann zu verg\u00fcten, wenn der Erfolg ausbleibt, namentlich dann, wenn dies auf ein Verschulden des Auftraggebers \u2013 Vers\u00e4umen vereinbarter Termine \u2013 oder auf Vorinstallationen beruht, beispielsweise bei nicht funktionierenden technischen \u00dcbergabepunkten.<\/p><p>Das gleiche gilt, wenn sich der Aufwand nach Ma\u00dfgabe des Vorstehenden erh\u00f6ht oder der Kunde einen Auftrag nach Beginn der Arbeiten storniert. F\u00fcr die Empfangsbedingungen von Ger\u00e4ten der Unterhaltungselektronik und Kommunikationstechnik wird keinerlei Gew\u00e4hr \u00fcbernommen.<\/p>\t\t\t\t\t\t<\/div>\n\t\t\t\t<\/div>\n\t\t\t\t<div class=\"elementor-element elementor-element-0fb0e8c elementor-widget elementor-widget-heading\" data-id=\"0fb0e8c\" data-element_type=\"widget\" data-widget_type=\"heading.default\">\n\t\t\t\t<div class=\"elementor-widget-container\">\n\t\t\t<h2 class=\"elementor-heading-title elementor-size-default\">IV.   Lieferfrist<\/h2>\t\t<\/div>\n\t\t\t\t<\/div>\n\t\t\t\t<div class=\"elementor-element elementor-element-f7c22a3 elementor-widget elementor-widget-text-editor\" data-id=\"f7c22a3\" data-element_type=\"widget\" data-widget_type=\"text-editor.default\">\n\t\t\t\t<div class=\"elementor-widget-container\">\n\t\t\t\t\t\t\t<p>Liefer- und Leistungsfristen werden nach bestem Wissen abgegeben, sind aber stets unverbindlich.<\/p>\t\t\t\t\t\t<\/div>\n\t\t\t\t<\/div>\n\t\t\t\t<div class=\"elementor-element elementor-element-816646d elementor-widget elementor-widget-heading\" data-id=\"816646d\" data-element_type=\"widget\" data-widget_type=\"heading.default\">\n\t\t\t\t<div class=\"elementor-widget-container\">\n\t\t\t<h2 class=\"elementor-heading-title elementor-size-default\">V.   Besondere Ereignisse<\/h2>\t\t<\/div>\n\t\t\t\t<\/div>\n\t\t\t\t<div class=\"elementor-element elementor-element-35bd027 elementor-widget elementor-widget-text-editor\" data-id=\"35bd027\" data-element_type=\"widget\" data-widget_type=\"text-editor.default\">\n\t\t\t\t<div class=\"elementor-widget-container\">\n\t\t\t\t\t\t\t<p>H\u00f6here Gewalt, wozu auch Streik, ungen\u00fcgende Anlieferung von Rohstoffen \/ Material und Aussperrungen, Pandemie bedingte Situationen, Betriebsst\u00f6rungen und andere Ursachen geh\u00f6ren, berechtigen den Auftragnehmer, das Vertragsverh\u00e4ltnis ganz oder teilweise zu k\u00fcndigen. Die bis zur K\u00fcndigung erbrachten Leistungen sind vom Auftraggeber zu verg\u00fcten. Im \u00dcbrigen stehen dem Auftraggeber keinerlei Ersatzanspr\u00fcche gegen den Auftragnehmer zu.<\/p><p>Werden im Zuge notwendiger Bohr- und Stemmarbeiten, \u00e4u\u00dferlich nicht erkennbare Leitungen &#8211; Elektrik und Wasser \u2013 besch\u00e4digt, ist die Fa. DHS Geb\u00e4udetechnik GmbH von jeder Haftung frei, es sei denn, der Schaden beruht auf Vorsatz bzw. auf grober Fahrl\u00e4ssigkeit.<\/p>\t\t\t\t\t\t<\/div>\n\t\t\t\t<\/div>\n\t\t\t\t<div class=\"elementor-element elementor-element-4651d64 elementor-widget elementor-widget-heading\" data-id=\"4651d64\" data-element_type=\"widget\" data-widget_type=\"heading.default\">\n\t\t\t\t<div class=\"elementor-widget-container\">\n\t\t\t<h2 class=\"elementor-heading-title elementor-size-default\">VI.   Zahlung<\/h2>\t\t<\/div>\n\t\t\t\t<\/div>\n\t\t\t\t<div class=\"elementor-element elementor-element-e7f6884 elementor-widget elementor-widget-text-editor\" data-id=\"e7f6884\" data-element_type=\"widget\" data-widget_type=\"text-editor.default\">\n\t\t\t\t<div class=\"elementor-widget-container\">\n\t\t\t\t\t\t\t<p>Die Zahlung hat innerhalb von 7 Tagen nach Rechnungsstellung abzugsfrei zu erfolgen. Bei Frist\u00fcberschreitungen sind wir berechtigt, Verzugszinsen iHv. mindestens 5 Prozentpunkten \u00fcber dem Basiszinssatz zu\u00a0 \u00a0berechnen.<\/p><p>Alle Zahlungen sind direkt an uns zu leisten. Die Zur\u00fcckbehaltung der Zahlung wegen etwaiger Gegenanspr\u00fcche sowie Sicherheitseinbehalt, des Auftraggebers ist ausgeschlossen.<\/p><p>Bei Auftr\u00e4gen, deren Ausf\u00fchrung \u00fcber eine Woche andauert, sind je nach Fortschritt der Arbeiten Abschlagszahlungen in H\u00f6he von 90% des jeweiligen Wertes der geleisteten Arbeit zu erbringen. Die Abschlagszahlungen sind vom Werkunternehmer anzufordern und binnen 7 Tagen ab Rechnungsdatum vom Kunden abzugsfrei zu leisten.<\/p>\t\t\t\t\t\t<\/div>\n\t\t\t\t<\/div>\n\t\t\t\t<div class=\"elementor-element elementor-element-1150fe3 elementor-widget elementor-widget-heading\" data-id=\"1150fe3\" data-element_type=\"widget\" data-widget_type=\"heading.default\">\n\t\t\t\t<div class=\"elementor-widget-container\">\n\t\t\t<h2 class=\"elementor-heading-title elementor-size-default\">VII.   Eigentumsvorbehalt<\/h2>\t\t<\/div>\n\t\t\t\t<\/div>\n\t\t\t\t<div class=\"elementor-element elementor-element-5ff18d1 elementor-widget elementor-widget-text-editor\" data-id=\"5ff18d1\" data-element_type=\"widget\" data-widget_type=\"text-editor.default\">\n\t\t\t\t<div class=\"elementor-widget-container\">\n\t\t\t\t\t\t\t<p>Ware oder Material bleiben solange unser Eigentum, bis alle fr\u00fcheren und jetzt entstehenden Forderungen, gleich welcher Art, restlos bezahlt sind. Bei Verarbeitung mit fremden, nicht uns geh\u00f6renden Waren durch den Auftraggeber werden wir Miteigent\u00fcmer an der neuen Sache im Anteil, der dem Verh\u00e4ltnis des Wertes der Waren zu den Fremdleistungen entspricht. Der Auftraggeber ist zu anderen Verf\u00fcgungen \u00fcber die Vorbehaltsware, insbesondere zu Sicherungs\u00fcbereignungen, nicht berechtigt. S\u00e4mtliche Forderungen, die dem Auftraggeber aus dem Weiterverkauf der Vorbehaltsware entstehen, werden an uns abgetreten. S\u00e4mtliche Kosten der Zur\u00fcckholung samt Ausbau tr\u00e4gt der Kunde. Erfolgt die Reparatur beim Kunden, so hat der Kunde dem Werkunternehmer die Gelegenheit zu geben, den Ausbau vorzunehmen. Arbeits- und Wegekosten gehen zu Lasten des Kunden. Gibt der Kunde die Gelegenheit zum Ausbau nicht, gilt Ziffer VII Eigentumsvorbehalt 2 S\u00e4tze 1 und 2 entsprechend.<\/p>\t\t\t\t\t\t<\/div>\n\t\t\t\t<\/div>\n\t\t\t\t<div class=\"elementor-element elementor-element-68321ae elementor-widget elementor-widget-heading\" data-id=\"68321ae\" data-element_type=\"widget\" data-widget_type=\"heading.default\">\n\t\t\t\t<div class=\"elementor-widget-container\">\n\t\t\t<h2 class=\"elementor-heading-title elementor-size-default\">VIII.   M\u00fcndliche Abmachungen<\/h2>\t\t<\/div>\n\t\t\t\t<\/div>\n\t\t\t\t<div class=\"elementor-element elementor-element-ca8656e elementor-widget elementor-widget-text-editor\" data-id=\"ca8656e\" data-element_type=\"widget\" data-widget_type=\"text-editor.default\">\n\t\t\t\t<div class=\"elementor-widget-container\">\n\t\t\t\t\t\t\t<p>M\u00fcndliche oder fernm\u00fcndliche Abmachungen jeder Art sind unverbindlich. Sie werden erst dann verbindlich, wenn sie von uns schriftlich best\u00e4tigt werden.<\/p>\t\t\t\t\t\t<\/div>\n\t\t\t\t<\/div>\n\t\t\t\t<div class=\"elementor-element elementor-element-0f41072 elementor-widget elementor-widget-heading\" data-id=\"0f41072\" data-element_type=\"widget\" data-widget_type=\"heading.default\">\n\t\t\t\t<div class=\"elementor-widget-container\">\n\t\t\t<h2 class=\"elementor-heading-title elementor-size-default\">IX.   Beanstandungen und Gew\u00e4hrleistungen<\/h2>\t\t<\/div>\n\t\t\t\t<\/div>\n\t\t\t\t<div class=\"elementor-element elementor-element-6ba967f elementor-widget elementor-widget-text-editor\" data-id=\"6ba967f\" data-element_type=\"widget\" data-widget_type=\"text-editor.default\">\n\t\t\t\t<div class=\"elementor-widget-container\">\n\t\t\t\t\t\t\t<p>Die Gew\u00e4hrleistungsfrist f\u00fcr alle Arbeitsleistungen, Reparaturen usw., die keine Bauleistungen sind, sowie f\u00fcr eingebautes Material betr\u00e4gt jeweils 1 Jahr.<\/p><p>Material, welches vom Kunden zur Verf\u00fcgung gestellt wird, werden ohne jegliche Gew\u00e4hrleistung verbaut. Ein Anspruch auf entstanden Sch\u00e4den durch nicht von uns bezogener Ware, kann nicht geltend gemacht werden. Ein Ausschluss der Garantie ist vollkommen.<\/p><p>F\u00fcr Bauleistungen gilt die VOB\/B als Ganzes sowie auszugsweise die VOB\/C.<\/p><p>Sofern nicht anders ausdr\u00fccklich vereinbart, wird das Bauobjekt Besenrein verlassen. Der Kunde hat selbst daf\u00fcr zu sorgen das alle G\u00fcter, Waren, Einrichtungsgegenst\u00e4nde in der Montagezeit gesch\u00fctzt werden. Die Fa. DHS Geb\u00e4udetechnik GmbH \u00fcbernimmt keine Haftung f\u00fcr jeweilige Sch\u00e4den, solang kein grober Vorsatz besteht.<\/p><p>Demontierte Gegenst\u00e4nde bleiben Auftraggeber Eigentum und m\u00fcssen auch selbst von diesem entsorgt werden, es sei den es wird die Entsorgung mit Angeboten.<\/p>\t\t\t\t\t\t<\/div>\n\t\t\t\t<\/div>\n\t\t\t\t<div class=\"elementor-element elementor-element-8d1afac elementor-widget elementor-widget-heading\" data-id=\"8d1afac\" data-element_type=\"widget\" data-widget_type=\"heading.default\">\n\t\t\t\t<div class=\"elementor-widget-container\">\n\t\t\t<h2 class=\"elementor-heading-title elementor-size-default\">X.   Erf\u00fcllungsort und Gerichtsstand<\/h2>\t\t<\/div>\n\t\t\t\t<\/div>\n\t\t\t\t<div class=\"elementor-element elementor-element-3d61d13 elementor-widget elementor-widget-text-editor\" data-id=\"3d61d13\" data-element_type=\"widget\" data-widget_type=\"text-editor.default\">\n\t\t\t\t<div class=\"elementor-widget-container\">\n\t\t\t\t\t\t\t<p>Erf\u00fcllungsort und Gerichtsstand ist M\u00fcnchen.<\/p>\t\t\t\t\t\t<\/div>\n\t\t\t\t<\/div>\n\t\t\t\t<div class=\"elementor-element elementor-element-822ce0e elementor-widget elementor-widget-heading\" data-id=\"822ce0e\" data-element_type=\"widget\" data-widget_type=\"heading.default\">\n\t\t\t\t<div class=\"elementor-widget-container\">\n\t\t\t<h2 class=\"elementor-heading-title elementor-size-default\">XI.   Salvatorische Klausel<\/h2>\t\t<\/div>\n\t\t\t\t<\/div>\n\t\t\t\t<div class=\"elementor-element elementor-element-47728a2 elementor-widget elementor-widget-text-editor\" data-id=\"47728a2\" data-element_type=\"widget\" data-widget_type=\"text-editor.default\">\n\t\t\t\t<div class=\"elementor-widget-container\">\n\t\t\t\t\t\t\t<p>Sollte eine Vorschrift dieser Verkaufs- und Lieferbedingungen unwirksam sein oder werden, so wird der Bestand der \u00fcbrigen Bestimmungen hierdurch nicht ber\u00fchrt. Die unwirksame Bestimmung ist viel mehr so zu ersetzen, dass sie dem urspr\u00fcnglich beabsichtigten Zweck wirtschaftlich m\u00f6glichst nahekommt.<\/p>\t\t\t\t\t\t<\/div>\n\t\t\t\t<\/div>\n\t\t\t\t<div class=\"elementor-element elementor-element-8b98b57 elementor-widget elementor-widget-text-editor\" data-id=\"8b98b57\" data-element_type=\"widget\" data-widget_type=\"text-editor.default\">\n\t\t\t\t<div class=\"elementor-widget-container\">\n\t\t\t\t\t\t\t<p style=\"text-align: right;\">G\u00fcltig ab 01.2021<\/p>\t\t\t\t\t\t<\/div>\n\t\t\t\t<\/div>\n\t\t\t\t\t<\/div>\n\t\t<\/div>\n\t\t\t\t\t\t\t<\/div>\n\t\t<\/section>\n\t\t\t\t\t\t\t<\/div>\n\t\t","protected":false},"excerpt":{"rendered":"<p>Allgemeine Gesch\u00e4ftsbedingungen (AGB) F\u00fcr alle Gesch\u00e4ftsvorf\u00e4lle der Fa. DHS Geb\u00e4udetechnik GmbH gelten die Allgemeinen Gesch\u00e4ftsbedingungen I. Allgemeines Die folgenden Allgemeinen Gesch\u00e4ftsbedingungen (AGB) gelten f\u00fcr alle Lieferungen und Leistungen der Fa. DHS Geb\u00e4udetechnik GmbH soweit nicht ausdr\u00fccklich andere Vereinbarungen getroffen wurden. Bedingungen des Auftraggebers gelten nur, wenn und soweit wir sie ausdr\u00fccklich schriftlich anerkennen. Unsere Meister\/Techniker\/Monteure [&hellip;]<\/p>\n","protected":false},"author":1,"featured_media":0,"parent":0,"menu_order":0,"comment_status":"closed","ping_status":"closed","template":"","meta":{"footnotes":""},"class_list":["post-20","page","type-page","status-publish","hentry","entry"],"_links":{"self":[{"href":"https:\/\/daniel-stowasser.de\/dhs_gt\/wp-json\/wp\/v2\/pages\/20","targetHints":{"allow":["GET"]}}],"collection":[{"href":"https:\/\/daniel-stowasser.de\/dhs_gt\/wp-json\/wp\/v2\/pages"}],"about":[{"href":"https:\/\/daniel-stowasser.de\/dhs_gt\/wp-json\/wp\/v2\/types\/page"}],"author":[{"embeddable":true,"href":"https:\/\/daniel-stowasser.de\/dhs_gt\/wp-json\/wp\/v2\/users\/1"}],"replies":[{"embeddable":true,"href":"https:\/\/daniel-stowasser.de\/dhs_gt\/wp-json\/wp\/v2\/comments?post=20"}],"version-history":[{"count":14,"href":"https:\/\/daniel-stowasser.de\/dhs_gt\/wp-json\/wp\/v2\/pages\/20\/revisions"}],"predecessor-version":[{"id":282,"href":"https:\/\/daniel-stowasser.de\/dhs_gt\/wp-json\/wp\/v2\/pages\/20\/revisions\/282"}],"wp:attachment":[{"href":"https:\/\/daniel-stowasser.de\/dhs_gt\/wp-json\/wp\/v2\/media?parent=20"}],"curies":[{"name":"wp","href":"https:\/\/api.w.org\/{rel}","templated":true}]}}