{"id":254,"date":"2022-05-12T18:57:58","date_gmt":"2022-05-12T16:57:58","guid":{"rendered":"https:\/\/daniel-stowasser.de\/dhs_gt\/?page_id=254"},"modified":"2023-05-29T20:40:29","modified_gmt":"2023-05-29T18:40:29","slug":"elementor-254","status":"publish","type":"page","link":"https:\/\/daniel-stowasser.de\/dhs_gt\/elementor-254\/","title":{"rendered":"Wartung"},"content":{"rendered":"\t\t<div data-elementor-type=\"wp-page\" data-elementor-id=\"254\" class=\"elementor elementor-254\">\n\t\t\t\t\t\t\t\t\t<section class=\"elementor-section elementor-top-section elementor-element elementor-element-8023647 elementor-section-boxed elementor-section-height-default elementor-section-height-default\" data-id=\"8023647\" data-element_type=\"section\">\n\t\t\t\t\t\t<div class=\"elementor-container elementor-column-gap-default\">\n\t\t\t\t\t<div class=\"elementor-column elementor-col-100 elementor-top-column elementor-element elementor-element-00284ee\" data-id=\"00284ee\" data-element_type=\"column\">\n\t\t\t<div class=\"elementor-widget-wrap elementor-element-populated\">\n\t\t\t\t\t\t\t\t<div class=\"elementor-element elementor-element-f5afc6e elementor-widget elementor-widget-heading\" data-id=\"f5afc6e\" data-element_type=\"widget\" data-widget_type=\"heading.default\">\n\t\t\t\t<div class=\"elementor-widget-container\">\n\t\t\t<style>\/*! elementor - v3.13.3 - 28-05-2023 *\/\n.elementor-heading-title{padding:0;margin:0;line-height:1}.elementor-widget-heading .elementor-heading-title[class*=elementor-size-]>a{color:inherit;font-size:inherit;line-height:inherit}.elementor-widget-heading .elementor-heading-title.elementor-size-small{font-size:15px}.elementor-widget-heading .elementor-heading-title.elementor-size-medium{font-size:19px}.elementor-widget-heading .elementor-heading-title.elementor-size-large{font-size:29px}.elementor-widget-heading .elementor-heading-title.elementor-size-xl{font-size:39px}.elementor-widget-heading .elementor-heading-title.elementor-size-xxl{font-size:59px}<\/style><h2 class=\"elementor-heading-title elementor-size-default\">\u00d6l \/ Pellet \/ Gas Anlagen - Wartung <\/h2>\t\t<\/div>\n\t\t\t\t<\/div>\n\t\t\t\t\t<\/div>\n\t\t<\/div>\n\t\t\t\t\t\t\t<\/div>\n\t\t<\/section>\n\t\t\t\t<section class=\"elementor-section elementor-top-section elementor-element elementor-element-404abc6 elementor-section-boxed elementor-section-height-default elementor-section-height-default\" data-id=\"404abc6\" data-element_type=\"section\">\n\t\t\t\t\t\t<div class=\"elementor-container elementor-column-gap-default\">\n\t\t\t\t\t<div class=\"elementor-column elementor-col-50 elementor-top-column elementor-element elementor-element-147e3ab\" data-id=\"147e3ab\" data-element_type=\"column\">\n\t\t\t<div class=\"elementor-widget-wrap elementor-element-populated\">\n\t\t\t\t\t\t\t\t<div class=\"elementor-element elementor-element-2b425f3 elementor-widget elementor-widget-text-editor\" data-id=\"2b425f3\" data-element_type=\"widget\" data-widget_type=\"text-editor.default\">\n\t\t\t\t<div class=\"elementor-widget-container\">\n\t\t\t<style>\/*! elementor - v3.13.3 - 28-05-2023 *\/\n.elementor-widget-text-editor.elementor-drop-cap-view-stacked .elementor-drop-cap{background-color:#69727d;color:#fff}.elementor-widget-text-editor.elementor-drop-cap-view-framed .elementor-drop-cap{color:#69727d;border:3px solid;background-color:transparent}.elementor-widget-text-editor:not(.elementor-drop-cap-view-default) .elementor-drop-cap{margin-top:8px}.elementor-widget-text-editor:not(.elementor-drop-cap-view-default) .elementor-drop-cap-letter{width:1em;height:1em}.elementor-widget-text-editor .elementor-drop-cap{float:left;text-align:center;line-height:1;font-size:50px}.elementor-widget-text-editor .elementor-drop-cap-letter{display:inline-block}<\/style>\t\t\t\tEine regelm\u00e4\u00dfige Heizungswartung verringert den Verbrauch Ihrer Heizung, sichert Ihnen den Garantieanspruch vom Hersteller und verl\u00e4ngert die Lebensdauer Ihrer Heizungsanlage.\t\t\t\t\t\t<\/div>\n\t\t\t\t<\/div>\n\t\t\t\t\t<\/div>\n\t\t<\/div>\n\t\t\t\t<div class=\"elementor-column elementor-col-50 elementor-top-column elementor-element elementor-element-a502fbe\" data-id=\"a502fbe\" data-element_type=\"column\">\n\t\t\t<div class=\"elementor-widget-wrap elementor-element-populated\">\n\t\t\t\t\t\t\t\t<div class=\"elementor-element elementor-element-9ccbd93 elementor-widget elementor-widget-text-editor\" data-id=\"9ccbd93\" data-element_type=\"widget\" data-widget_type=\"text-editor.default\">\n\t\t\t\t<div class=\"elementor-widget-container\">\n\t\t\t\t\t\t\t<p>Genau wie Ihr Auto braucht Ihre Heizung eine regelm\u00e4\u00dfige Wartung. Denn nur dann stellen Sie sicher, dass Sie Ihren Verbrauch und damit Ihre Heizkosten dauerhaft gering halten. Mit einer Heizungwartung ab dem ersten Jahr werden Verschlei\u00dfteile regelm\u00e4\u00dfig \u00fcberpr\u00fcft und ggf. ausgetauscht, um die einwandfreie Funktion Ihrer Heizung sicherzustellen.<\/p>\t\t\t\t\t\t<\/div>\n\t\t\t\t<\/div>\n\t\t\t\t\t<\/div>\n\t\t<\/div>\n\t\t\t\t\t\t\t<\/div>\n\t\t<\/section>\n\t\t\t\t<section class=\"elementor-section elementor-top-section elementor-element elementor-element-fdc4ad3 elementor-section-boxed elementor-section-height-default elementor-section-height-default\" data-id=\"fdc4ad3\" data-element_type=\"section\">\n\t\t\t\t\t\t<div class=\"elementor-container elementor-column-gap-default\">\n\t\t\t\t\t<div class=\"elementor-column elementor-col-100 elementor-top-column elementor-element elementor-element-5509e46\" data-id=\"5509e46\" data-element_type=\"column\">\n\t\t\t<div class=\"elementor-widget-wrap elementor-element-populated\">\n\t\t\t\t\t\t\t\t<div class=\"elementor-element elementor-element-27fc891 elementor-widget elementor-widget-text-editor\" data-id=\"27fc891\" data-element_type=\"widget\" data-widget_type=\"text-editor.default\">\n\t\t\t\t<div class=\"elementor-widget-container\">\n\t\t\t\t\t\t\t<p><span style=\"font-family: Roboto, sans-serif; font-size: 16px; font-style: normal; font-variant-ligatures: normal; font-variant-caps: normal; font-weight: 400;\">Zus\u00e4tzlich ist eine regelm\u00e4\u00dfige Wartung f\u00fcr Ihre vollen Garantieanspr\u00fcche unabdingbar. Viele Hersteller kn\u00fcpfen ihre freiwillige Garantieleistung an eine regelm\u00e4\u00dfige vom Fachbetrieb durchgef\u00fchrte Wartung. Ohne eine Wartung kann sich der Hersteller weigern, die Kosten der Reparatur zu \u00fcbernehmen.\u00a0<\/span><\/p>\t\t\t\t\t\t<\/div>\n\t\t\t\t<\/div>\n\t\t\t\t\t<\/div>\n\t\t<\/div>\n\t\t\t\t\t\t\t<\/div>\n\t\t<\/section>\n\t\t\t\t<section class=\"elementor-section elementor-top-section elementor-element elementor-element-0b53656 elementor-section-boxed elementor-section-height-default elementor-section-height-default\" data-id=\"0b53656\" data-element_type=\"section\">\n\t\t\t\t\t\t<div class=\"elementor-container elementor-column-gap-default\">\n\t\t\t\t\t<div class=\"elementor-column elementor-col-100 elementor-top-column elementor-element elementor-element-ef7d76b\" data-id=\"ef7d76b\" data-element_type=\"column\">\n\t\t\t<div class=\"elementor-widget-wrap elementor-element-populated\">\n\t\t\t\t\t\t\t\t<div class=\"elementor-element elementor-element-126251e elementor-widget elementor-widget-text-editor\" data-id=\"126251e\" data-element_type=\"widget\" data-widget_type=\"text-editor.default\">\n\t\t\t\t<div class=\"elementor-widget-container\">\n\t\t\t\t\t\t\t<p><b>Die Heizungswartung bei DHS Geb\u00e4udetechnik GmbH umfasst in jedem Falle folgende Arbeiten:<\/b><\/p>\t\t\t\t\t\t<\/div>\n\t\t\t\t<\/div>\n\t\t\t\t\t<\/div>\n\t\t<\/div>\n\t\t\t\t\t\t\t<\/div>\n\t\t<\/section>\n\t\t\t\t<section class=\"elementor-section elementor-top-section elementor-element elementor-element-177071d elementor-section-boxed elementor-section-height-default elementor-section-height-default\" data-id=\"177071d\" data-element_type=\"section\">\n\t\t\t\t\t\t<div class=\"elementor-container elementor-column-gap-default\">\n\t\t\t\t\t<div class=\"elementor-column elementor-col-100 elementor-top-column elementor-element elementor-element-df4819b\" data-id=\"df4819b\" data-element_type=\"column\">\n\t\t\t<div class=\"elementor-widget-wrap elementor-element-populated\">\n\t\t\t\t\t\t\t\t<div class=\"elementor-element elementor-element-83e68e9 elementor-widget elementor-widget-text-editor\" data-id=\"83e68e9\" data-element_type=\"widget\" data-widget_type=\"text-editor.default\">\n\t\t\t\t<div class=\"elementor-widget-container\">\n\t\t\t\t\t\t\t<ul><li>\u00dcberpr\u00fcfung Wasserbeschaffenheit und Druck der Anlage<\/li><li><span style=\"color: var( --e-global-color-text ); font-size: 16px;\">Anpassung Wasserdruck falls n\u00f6tig nach VDI 2035<\/span><\/li><li><span style=\"font-size: 16px; color: var( --e-global-color-text );\">Sichtpr\u00fcfung aller Anschl\u00fcsse<\/span><\/li><li><span style=\"font-size: 16px; color: var( --e-global-color-text );\">Sichtpr\u00fcfung Brenner<\/span><\/li><li><span style=\"font-size: 16px; color: var( --e-global-color-text );\">Tausch Brennerdichtung bei Bedarf (gegen Aufpreis)<\/span><\/li><li><span style=\"font-size: 16px; color: var( --e-global-color-text );\">Tausch Z\u00fcnd- und \u00dcberwachungselektrode bei Bedarf<\/span>\u00a0(gegen Aufpreis)<\/li><li><span style=\"font-size: 16px; color: var( --e-global-color-text );\">Reinigung W\u00e4rmetauscher<\/span><\/li><li><span style=\"font-size: 16px; color: var( --e-global-color-text );\">Pr\u00fcfung Kondenswasserablauf und Reinigung Siphon<\/span><\/li><li><span style=\"color: var( --e-global-color-text ); font-size: 16px;\">Sichtpr\u00fcfung aller elektrischen Anschl\u00fcsse<\/span><\/li><li><span style=\"font-size: 16px; color: var( --e-global-color-text );\">Kontrolle und falls n\u00f6tig Anpassung der Einstellungen<\/span><\/li><li><span style=\"font-size: 16px; color: var( --e-global-color-text );\">Durchf\u00fchrung Abgasmessung und Protokollierung Messwerte<\/span><\/li><li><span style=\"font-size: 16px; color: var( --e-global-color-text );\">Sichtpr\u00fcfung Abgassystem Dichtheit<\/span><\/li><li><span style=\"font-size: 16px; color: var( --e-global-color-text );\">R\u00fccksetzung Wartungsanzeige am Ger\u00e4t<\/span><\/li><li><span style=\"font-size: 16px; color: var( --e-global-color-text );\">\u00dcberpr\u00fcfung Membran-Ausdehnungsgef\u00e4\u00df der Heizung<\/span><\/li><li><span style=\"font-size: 16px; color: var( --e-global-color-text );\">\u00dcberpr\u00fcfung Membran-Ausdehnungsgef\u00e4\u00df f\u00fcr Frischwasser (wenn vorhanden)<\/span><\/li><li><span style=\"font-size: 16px; color: var( --e-global-color-text );\">Wartung von Gasthermen und Gaskombithermen nach Vorgabe des Herstellers (Wartungszubeh\u00f6r gegen Aufpreis)<br \/><\/span><\/li><\/ul>\t\t\t\t\t\t<\/div>\n\t\t\t\t<\/div>\n\t\t\t\t\t<\/div>\n\t\t<\/div>\n\t\t\t\t\t\t\t<\/div>\n\t\t<\/section>\n\t\t\t\t<section class=\"elementor-section elementor-top-section elementor-element elementor-element-793fcae elementor-section-boxed elementor-section-height-default elementor-section-height-default\" data-id=\"793fcae\" data-element_type=\"section\">\n\t\t\t\t\t\t<div class=\"elementor-container elementor-column-gap-default\">\n\t\t\t\t\t<div class=\"elementor-column elementor-col-100 elementor-top-column elementor-element elementor-element-dcb47b9\" data-id=\"dcb47b9\" data-element_type=\"column\">\n\t\t\t<div class=\"elementor-widget-wrap elementor-element-populated\">\n\t\t\t\t\t\t\t\t<div class=\"elementor-element elementor-element-12cc3d6 elementor-widget elementor-widget-text-editor\" data-id=\"12cc3d6\" data-element_type=\"widget\" data-widget_type=\"text-editor.default\">\n\t\t\t\t<div class=\"elementor-widget-container\">\n\t\t\t\t\t\t\t<p>Bei Gas- und Gaskombithermen findet zus\u00e4tzliche eine Sichtpr\u00fcfung der kompletten Gasanlage und der gasf\u00fchrenden Teile statt.<\/p><p>Speziell bei der Wartung von \u00d6l-Thermen\/-Kesseln nehmen wir den Wechsel des \u00d6lfilters und bei Bedarf die Reinigung der Neutralisationsbox vor. Zudem tauschen wir das Granulat. (gegen Aufpreis)<\/p>\t\t\t\t\t\t<\/div>\n\t\t\t\t<\/div>\n\t\t\t\t\t<\/div>\n\t\t<\/div>\n\t\t\t\t\t\t\t<\/div>\n\t\t<\/section>\n\t\t\t\t<section class=\"elementor-section elementor-top-section elementor-element elementor-element-5863b52 elementor-section-boxed elementor-section-height-default elementor-section-height-default\" data-id=\"5863b52\" data-element_type=\"section\">\n\t\t\t\t\t\t<div class=\"elementor-container elementor-column-gap-default\">\n\t\t\t\t\t<div class=\"elementor-column elementor-col-50 elementor-top-column elementor-element elementor-element-f058917\" data-id=\"f058917\" data-element_type=\"column\">\n\t\t\t<div class=\"elementor-widget-wrap elementor-element-populated\">\n\t\t\t\t\t\t\t\t<div class=\"elementor-element elementor-element-820cdd6 elementor-widget elementor-widget-text-editor\" data-id=\"820cdd6\" data-element_type=\"widget\" data-widget_type=\"text-editor.default\">\n\t\t\t\t<div class=\"elementor-widget-container\">\n\t\t\t\t\t\t\t<p>Gas- Heizungsanlagen bis 50kW:<\/p>\t\t\t\t\t\t<\/div>\n\t\t\t\t<\/div>\n\t\t\t\t\t<\/div>\n\t\t<\/div>\n\t\t\t\t<div class=\"elementor-column elementor-col-50 elementor-top-column elementor-element elementor-element-c72494d\" data-id=\"c72494d\" data-element_type=\"column\">\n\t\t\t<div class=\"elementor-widget-wrap elementor-element-populated\">\n\t\t\t\t\t\t\t\t<div class=\"elementor-element elementor-element-13b00c8 elementor-widget elementor-widget-text-editor\" data-id=\"13b00c8\" data-element_type=\"widget\" data-widget_type=\"text-editor.default\">\n\t\t\t\t<div class=\"elementor-widget-container\">\n\t\t\t\t\t\t\t<p>\u00d6l\/Pellet Heizungsanlagen bis 50 kW:<\/p>\t\t\t\t\t\t<\/div>\n\t\t\t\t<\/div>\n\t\t\t\t\t<\/div>\n\t\t<\/div>\n\t\t\t\t\t\t\t<\/div>\n\t\t<\/section>\n\t\t\t\t<section class=\"elementor-section elementor-top-section elementor-element elementor-element-b563cc7 elementor-section-boxed elementor-section-height-default elementor-section-height-default\" data-id=\"b563cc7\" data-element_type=\"section\">\n\t\t\t\t\t\t<div class=\"elementor-container elementor-column-gap-default\">\n\t\t\t\t\t<div class=\"elementor-column elementor-col-25 elementor-top-column elementor-element elementor-element-9bbb42e\" data-id=\"9bbb42e\" data-element_type=\"column\">\n\t\t\t<div class=\"elementor-widget-wrap elementor-element-populated\">\n\t\t\t\t\t\t\t\t<div class=\"elementor-element elementor-element-acdef2a elementor-widget elementor-widget-text-editor\" data-id=\"acdef2a\" data-element_type=\"widget\" data-widget_type=\"text-editor.default\">\n\t\t\t\t<div class=\"elementor-widget-container\">\n\t\t\t\t\t\t\t<p>Wartung<br \/>Wartungsmaterial<br \/>24 h Notdienst<br \/>Entst\u00f6rung inkl. Anfahrt<br \/>Reparaturmaterial<\/p><p>Preis:<\/p>\t\t\t\t\t\t<\/div>\n\t\t\t\t<\/div>\n\t\t\t\t\t<\/div>\n\t\t<\/div>\n\t\t\t\t<div class=\"elementor-column elementor-col-25 elementor-top-column elementor-element elementor-element-2a4dd80\" data-id=\"2a4dd80\" data-element_type=\"column\">\n\t\t\t<div class=\"elementor-widget-wrap elementor-element-populated\">\n\t\t\t\t\t\t\t\t<div class=\"elementor-element elementor-element-570453d elementor-widget elementor-widget-text-editor\" data-id=\"570453d\" data-element_type=\"widget\" data-widget_type=\"text-editor.default\">\n\t\t\t\t<div class=\"elementor-widget-container\">\n\t\t\t\t\t\t\t<p>Standartwartung<br \/>gegen Aufpreis<br \/>gegen Aufpreis<br \/>gegen Aufpreis<br \/>gegen Aufpreis<\/p><p>170,27\u20ac netto<\/p>\t\t\t\t\t\t<\/div>\n\t\t\t\t<\/div>\n\t\t\t\t\t<\/div>\n\t\t<\/div>\n\t\t\t\t<div class=\"elementor-column elementor-col-25 elementor-top-column elementor-element elementor-element-e927b0b\" data-id=\"e927b0b\" data-element_type=\"column\">\n\t\t\t<div class=\"elementor-widget-wrap elementor-element-populated\">\n\t\t\t\t\t\t\t\t<div class=\"elementor-element elementor-element-c12e367 elementor-widget elementor-widget-text-editor\" data-id=\"c12e367\" data-element_type=\"widget\" data-widget_type=\"text-editor.default\">\n\t\t\t\t<div class=\"elementor-widget-container\">\n\t\t\t\t\t\t\t<p><span style=\"font-family: Roboto, sans-serif; font-size: 16px; font-style: normal; font-variant-ligatures: normal; font-variant-caps: normal; font-weight: 400;\">Wartung<\/span><br \/><span style=\"font-family: Roboto, sans-serif; font-size: 16px; font-style: normal; font-variant-ligatures: normal; font-variant-caps: normal; font-weight: 400;\">Wartungsmaterial<\/span><br \/><span style=\"font-family: Roboto, sans-serif; font-size: 16px; font-style: normal; font-variant-ligatures: normal; font-variant-caps: normal; font-weight: 400;\">24 h Notdienst<\/span><br \/><span style=\"font-family: Roboto, sans-serif; font-size: 16px; font-style: normal; font-variant-ligatures: normal; font-variant-caps: normal; font-weight: 400;\">Entst\u00f6rung inkl. Anfahrt<\/span><br \/><span style=\"font-family: Roboto, sans-serif; font-size: 16px; font-style: normal; font-variant-ligatures: normal; font-variant-caps: normal; font-weight: 400;\">Reparaturmaterial<\/span><\/p><p><span style=\"font-family: Roboto, sans-serif; font-size: 16px; font-style: normal; font-variant-ligatures: normal; font-variant-caps: normal; font-weight: 400;\">Preis:<\/span><\/p>\t\t\t\t\t\t<\/div>\n\t\t\t\t<\/div>\n\t\t\t\t\t<\/div>\n\t\t<\/div>\n\t\t\t\t<div class=\"elementor-column elementor-col-25 elementor-top-column elementor-element elementor-element-122901a\" data-id=\"122901a\" data-element_type=\"column\">\n\t\t\t<div class=\"elementor-widget-wrap elementor-element-populated\">\n\t\t\t\t\t\t\t\t<div class=\"elementor-element elementor-element-65119de elementor-widget elementor-widget-text-editor\" data-id=\"65119de\" data-element_type=\"widget\" data-widget_type=\"text-editor.default\">\n\t\t\t\t<div class=\"elementor-widget-container\">\n\t\t\t\t\t\t\t<p><span style=\"font-family: Roboto, sans-serif; font-size: 16px; font-style: normal; font-variant-ligatures: normal; font-variant-caps: normal; font-weight: 400;\">Standartwartung<\/span><br \/><span style=\"font-family: Roboto, sans-serif; font-size: 16px; font-style: normal; font-variant-ligatures: normal; font-variant-caps: normal; font-weight: 400;\">gegen Aufpreis<\/span><br \/><span style=\"font-family: Roboto, sans-serif; font-size: 16px; font-style: normal; font-variant-ligatures: normal; font-variant-caps: normal; font-weight: 400;\">gegen Aufpreis<\/span><br \/><span style=\"font-family: Roboto, sans-serif; font-size: 16px; font-style: normal; font-variant-ligatures: normal; font-variant-caps: normal; font-weight: 400;\">gegen Aufpreis<\/span><br \/><span style=\"font-family: Roboto, sans-serif; font-size: 16px; font-style: normal; font-variant-ligatures: normal; font-variant-caps: normal; font-weight: 400;\">gegen Aufpreis<\/span><\/p><p>255,07\u20ac<span style=\"font-family: Roboto, sans-serif; font-size: 16px; font-style: normal; font-variant-ligatures: normal; font-variant-caps: normal; font-weight: 400;\"> netto<\/span><\/p>\t\t\t\t\t\t<\/div>\n\t\t\t\t<\/div>\n\t\t\t\t\t<\/div>\n\t\t<\/div>\n\t\t\t\t\t\t\t<\/div>\n\t\t<\/section>\n\t\t\t\t<section class=\"elementor-section elementor-top-section elementor-element elementor-element-77b3a16 elementor-section-boxed elementor-section-height-default elementor-section-height-default\" data-id=\"77b3a16\" data-element_type=\"section\">\n\t\t\t\t\t\t<div class=\"elementor-container elementor-column-gap-default\">\n\t\t\t\t\t<div class=\"elementor-column elementor-col-100 elementor-top-column elementor-element elementor-element-8da0672\" data-id=\"8da0672\" data-element_type=\"column\">\n\t\t\t<div class=\"elementor-widget-wrap elementor-element-populated\">\n\t\t\t\t\t\t\t\t<div class=\"elementor-element elementor-element-be7dae2 elementor-widget elementor-widget-text-editor\" data-id=\"be7dae2\" data-element_type=\"widget\" data-widget_type=\"text-editor.default\">\n\t\t\t\t<div class=\"elementor-widget-container\">\n\t\t\t\t\t\t\t<p>Bei gr\u00f6\u00dferen Anlagen, erstellen wir ihnen gerne ein Angebot.<\/p>\t\t\t\t\t\t<\/div>\n\t\t\t\t<\/div>\n\t\t\t\t\t<\/div>\n\t\t<\/div>\n\t\t\t\t\t\t\t<\/div>\n\t\t<\/section>\n\t\t\t\t\t\t\t<\/div>\n\t\t","protected":false},"excerpt":{"rendered":"<p>\u00d6l \/ Pellet \/ Gas Anlagen &#8211; Wartung Eine regelm\u00e4\u00dfige Heizungswartung verringert den Verbrauch Ihrer Heizung, sichert Ihnen den Garantieanspruch vom Hersteller und verl\u00e4ngert die Lebensdauer Ihrer Heizungsanlage. Genau wie Ihr Auto braucht Ihre Heizung eine regelm\u00e4\u00dfige Wartung. Denn nur dann stellen Sie sicher, dass Sie Ihren Verbrauch und damit Ihre Heizkosten dauerhaft gering halten. [&hellip;]<\/p>\n","protected":false},"author":1,"featured_media":0,"parent":0,"menu_order":0,"comment_status":"closed","ping_status":"closed","template":"","meta":{"footnotes":""},"class_list":["post-254","page","type-page","status-publish","hentry","entry"],"_links":{"self":[{"href":"https:\/\/daniel-stowasser.de\/dhs_gt\/wp-json\/wp\/v2\/pages\/254","targetHints":{"allow":["GET"]}}],"collection":[{"href":"https:\/\/daniel-stowasser.de\/dhs_gt\/wp-json\/wp\/v2\/pages"}],"about":[{"href":"https:\/\/daniel-stowasser.de\/dhs_gt\/wp-json\/wp\/v2\/types\/page"}],"author":[{"embeddable":true,"href":"https:\/\/daniel-stowasser.de\/dhs_gt\/wp-json\/wp\/v2\/users\/1"}],"replies":[{"embeddable":true,"href":"https:\/\/daniel-stowasser.de\/dhs_gt\/wp-json\/wp\/v2\/comments?post=254"}],"version-history":[{"count":17,"href":"https:\/\/daniel-stowasser.de\/dhs_gt\/wp-json\/wp\/v2\/pages\/254\/revisions"}],"predecessor-version":[{"id":300,"href":"https:\/\/daniel-stowasser.de\/dhs_gt\/wp-json\/wp\/v2\/pages\/254\/revisions\/300"}],"wp:attachment":[{"href":"https:\/\/daniel-stowasser.de\/dhs_gt\/wp-json\/wp\/v2\/media?parent=254"}],"curies":[{"name":"wp","href":"https:\/\/api.w.org\/{rel}","templated":true}]}}