{"id":38,"date":"2021-10-23T11:28:51","date_gmt":"2021-10-23T09:28:51","guid":{"rendered":"https:\/\/daniel-stowasser.de\/dhs_gt\/?page_id=38"},"modified":"2023-05-29T20:17:04","modified_gmt":"2023-05-29T18:17:04","slug":"datenschutz","status":"publish","type":"page","link":"https:\/\/daniel-stowasser.de\/dhs_gt\/datenschutz\/","title":{"rendered":"Datenschutz"},"content":{"rendered":"\t\t<div data-elementor-type=\"wp-page\" data-elementor-id=\"38\" class=\"elementor elementor-38\">\n\t\t\t\t\t\t\t\t\t<section class=\"elementor-section elementor-top-section elementor-element elementor-element-027d307 elementor-section-boxed elementor-section-height-default elementor-section-height-default\" data-id=\"027d307\" data-element_type=\"section\">\n\t\t\t\t\t\t<div class=\"elementor-container elementor-column-gap-default\">\n\t\t\t\t\t<div class=\"elementor-column elementor-col-100 elementor-top-column elementor-element elementor-element-440e430\" data-id=\"440e430\" data-element_type=\"column\">\n\t\t\t<div class=\"elementor-widget-wrap elementor-element-populated\">\n\t\t\t\t\t\t\t\t<div class=\"elementor-element elementor-element-87f856b elementor-widget elementor-widget-heading\" data-id=\"87f856b\" data-element_type=\"widget\" data-widget_type=\"heading.default\">\n\t\t\t\t<div class=\"elementor-widget-container\">\n\t\t\t<style>\/*! elementor - v3.13.3 - 28-05-2023 *\/\n.elementor-heading-title{padding:0;margin:0;line-height:1}.elementor-widget-heading .elementor-heading-title[class*=elementor-size-]>a{color:inherit;font-size:inherit;line-height:inherit}.elementor-widget-heading .elementor-heading-title.elementor-size-small{font-size:15px}.elementor-widget-heading .elementor-heading-title.elementor-size-medium{font-size:19px}.elementor-widget-heading .elementor-heading-title.elementor-size-large{font-size:29px}.elementor-widget-heading .elementor-heading-title.elementor-size-xl{font-size:39px}.elementor-widget-heading .elementor-heading-title.elementor-size-xxl{font-size:59px}<\/style><h2 class=\"elementor-heading-title elementor-size-default\">Datenschutz<\/h2>\t\t<\/div>\n\t\t\t\t<\/div>\n\t\t\t\t<div class=\"elementor-element elementor-element-b6acbde elementor-widget elementor-widget-image\" data-id=\"b6acbde\" data-element_type=\"widget\" data-widget_type=\"image.default\">\n\t\t\t\t<div class=\"elementor-widget-container\">\n\t\t\t<style>\/*! elementor - v3.13.3 - 28-05-2023 *\/\n.elementor-widget-image{text-align:center}.elementor-widget-image a{display:inline-block}.elementor-widget-image a img[src$=\".svg\"]{width:48px}.elementor-widget-image img{vertical-align:middle;display:inline-block}<\/style>\t\t\t\t\t\t\t\t\t\t\t\t<img loading=\"lazy\" decoding=\"async\" width=\"300\" height=\"168\" src=\"https:\/\/daniel-stowasser.de\/dhs_gt\/wp-content\/uploads\/2021\/10\/privacy-policy-2499720_640-300x168.jpg\" class=\"attachment-medium size-medium wp-image-40\" alt=\"\" srcset=\"https:\/\/daniel-stowasser.de\/dhs_gt\/wp-content\/uploads\/2021\/10\/privacy-policy-2499720_640-300x168.jpg 300w, https:\/\/daniel-stowasser.de\/dhs_gt\/wp-content\/uploads\/2021\/10\/privacy-policy-2499720_640.jpg 640w\" sizes=\"auto, (max-width: 300px) 100vw, 300px\" \/>\t\t\t\t\t\t\t\t\t\t\t\t\t\t\t<\/div>\n\t\t\t\t<\/div>\n\t\t\t\t\t<\/div>\n\t\t<\/div>\n\t\t\t\t\t\t\t<\/div>\n\t\t<\/section>\n\t\t\t\t<section class=\"elementor-section elementor-top-section elementor-element elementor-element-bae10af elementor-section-boxed elementor-section-height-default elementor-section-height-default\" data-id=\"bae10af\" data-element_type=\"section\">\n\t\t\t\t\t\t<div class=\"elementor-container elementor-column-gap-default\">\n\t\t\t\t\t<div class=\"elementor-column elementor-col-100 elementor-top-column elementor-element elementor-element-8515c42\" data-id=\"8515c42\" data-element_type=\"column\">\n\t\t\t<div class=\"elementor-widget-wrap elementor-element-populated\">\n\t\t\t\t\t\t\t\t<div class=\"elementor-element elementor-element-c682b4d elementor-widget-divider--view-line elementor-widget elementor-widget-divider\" data-id=\"c682b4d\" data-element_type=\"widget\" data-widget_type=\"divider.default\">\n\t\t\t\t<div class=\"elementor-widget-container\">\n\t\t\t<style>\/*! elementor - v3.13.3 - 28-05-2023 *\/\n.elementor-widget-divider{--divider-border-style:none;--divider-border-width:1px;--divider-color:#0c0d0e;--divider-icon-size:20px;--divider-element-spacing:10px;--divider-pattern-height:24px;--divider-pattern-size:20px;--divider-pattern-url:none;--divider-pattern-repeat:repeat-x}.elementor-widget-divider .elementor-divider{display:flex}.elementor-widget-divider .elementor-divider__text{font-size:15px;line-height:1;max-width:95%}.elementor-widget-divider .elementor-divider__element{margin:0 var(--divider-element-spacing);flex-shrink:0}.elementor-widget-divider .elementor-icon{font-size:var(--divider-icon-size)}.elementor-widget-divider .elementor-divider-separator{display:flex;margin:0;direction:ltr}.elementor-widget-divider--view-line_icon .elementor-divider-separator,.elementor-widget-divider--view-line_text .elementor-divider-separator{align-items:center}.elementor-widget-divider--view-line_icon .elementor-divider-separator:after,.elementor-widget-divider--view-line_icon .elementor-divider-separator:before,.elementor-widget-divider--view-line_text .elementor-divider-separator:after,.elementor-widget-divider--view-line_text .elementor-divider-separator:before{display:block;content:\"\";border-bottom:0;flex-grow:1;border-top:var(--divider-border-width) var(--divider-border-style) var(--divider-color)}.elementor-widget-divider--element-align-left .elementor-divider .elementor-divider-separator>.elementor-divider__svg:first-of-type{flex-grow:0;flex-shrink:100}.elementor-widget-divider--element-align-left .elementor-divider-separator:before{content:none}.elementor-widget-divider--element-align-left .elementor-divider__element{margin-left:0}.elementor-widget-divider--element-align-right .elementor-divider .elementor-divider-separator>.elementor-divider__svg:last-of-type{flex-grow:0;flex-shrink:100}.elementor-widget-divider--element-align-right .elementor-divider-separator:after{content:none}.elementor-widget-divider--element-align-right .elementor-divider__element{margin-right:0}.elementor-widget-divider:not(.elementor-widget-divider--view-line_text):not(.elementor-widget-divider--view-line_icon) .elementor-divider-separator{border-top:var(--divider-border-width) var(--divider-border-style) var(--divider-color)}.elementor-widget-divider--separator-type-pattern{--divider-border-style:none}.elementor-widget-divider--separator-type-pattern.elementor-widget-divider--view-line .elementor-divider-separator,.elementor-widget-divider--separator-type-pattern:not(.elementor-widget-divider--view-line) .elementor-divider-separator:after,.elementor-widget-divider--separator-type-pattern:not(.elementor-widget-divider--view-line) .elementor-divider-separator:before,.elementor-widget-divider--separator-type-pattern:not([class*=elementor-widget-divider--view]) .elementor-divider-separator{width:100%;min-height:var(--divider-pattern-height);-webkit-mask-size:var(--divider-pattern-size) 100%;mask-size:var(--divider-pattern-size) 100%;-webkit-mask-repeat:var(--divider-pattern-repeat);mask-repeat:var(--divider-pattern-repeat);background-color:var(--divider-color);-webkit-mask-image:var(--divider-pattern-url);mask-image:var(--divider-pattern-url)}.elementor-widget-divider--no-spacing{--divider-pattern-size:auto}.elementor-widget-divider--bg-round{--divider-pattern-repeat:round}.rtl .elementor-widget-divider .elementor-divider__text{direction:rtl}.e-con-inner>.elementor-widget-divider,.e-con>.elementor-widget-divider{width:var(--container-widget-width,100%);--flex-grow:var(--container-widget-flex-grow)}<\/style>\t\t<div class=\"elementor-divider\">\n\t\t\t<span class=\"elementor-divider-separator\">\n\t\t\t\t\t\t<\/span>\n\t\t<\/div>\n\t\t\t\t<\/div>\n\t\t\t\t<\/div>\n\t\t\t\t<div class=\"elementor-element elementor-element-2962446 elementor-widget elementor-widget-heading\" data-id=\"2962446\" data-element_type=\"widget\" data-widget_type=\"heading.default\">\n\t\t\t\t<div class=\"elementor-widget-container\">\n\t\t\t<h2 class=\"elementor-heading-title elementor-size-default\">Was sind personenbezogene Daten?<\/h2>\t\t<\/div>\n\t\t\t\t<\/div>\n\t\t\t\t<div class=\"elementor-element elementor-element-beaeaf3 elementor-widget elementor-widget-text-editor\" data-id=\"beaeaf3\" data-element_type=\"widget\" data-widget_type=\"text-editor.default\">\n\t\t\t\t<div class=\"elementor-widget-container\">\n\t\t\t<style>\/*! elementor - v3.13.3 - 28-05-2023 *\/\n.elementor-widget-text-editor.elementor-drop-cap-view-stacked .elementor-drop-cap{background-color:#69727d;color:#fff}.elementor-widget-text-editor.elementor-drop-cap-view-framed .elementor-drop-cap{color:#69727d;border:3px solid;background-color:transparent}.elementor-widget-text-editor:not(.elementor-drop-cap-view-default) .elementor-drop-cap{margin-top:8px}.elementor-widget-text-editor:not(.elementor-drop-cap-view-default) .elementor-drop-cap-letter{width:1em;height:1em}.elementor-widget-text-editor .elementor-drop-cap{float:left;text-align:center;line-height:1;font-size:50px}.elementor-widget-text-editor .elementor-drop-cap-letter{display:inline-block}<\/style>\t\t\t\t<p>Unter personenbezogenen Daten verstehen wir Informationen zu Ihrer Identit\u00e4t wie beispielsweise Ihren Namen, Ihre E-Mail-Adresse oder Postanschrift hinzu kommen Abfragen von IP-Adressen.<\/p>\t\t\t\t\t\t<\/div>\n\t\t\t\t<\/div>\n\t\t\t\t<div class=\"elementor-element elementor-element-e785705 elementor-widget elementor-widget-heading\" data-id=\"e785705\" data-element_type=\"widget\" data-widget_type=\"heading.default\">\n\t\t\t\t<div class=\"elementor-widget-container\">\n\t\t\t<h2 class=\"elementor-heading-title elementor-size-default\">Weitergabe an Dritte<\/h2>\t\t<\/div>\n\t\t\t\t<\/div>\n\t\t\t\t<div class=\"elementor-element elementor-element-d369e8c elementor-widget elementor-widget-text-editor\" data-id=\"d369e8c\" data-element_type=\"widget\" data-widget_type=\"text-editor.default\">\n\t\t\t\t<div class=\"elementor-widget-container\">\n\t\t\t\t\t\t\t<p>Alle Daten, die Sie uns \u00fcbermittelt haben, werden selbstverst\u00e4ndlich vertraulich behandelt. Wir stellen Ihre Daten grunds\u00e4tzlich nicht anderen zur Nutzung zur Verf\u00fcgung, es sei denn, Sie haben hierzu Ihr Einverst\u00e4ndnis gegeben oder wir sind zur Preisgabe dieser Daten verpflichtet, beispielsweise aufgrund einer gerichtlichen Verf\u00fcgung. Unser Webhoster united-domains AG, Gautinger Stra\u00dfe 10, 82319 Starnberg, erhebt aufgrund eines Auftragsdatenverarbeitungsvertrages Daten \u00fcber jeden Zugriff auf unser Onlineangebot. Zu diesen Daten (sogenannte Server-Logfiles) geh\u00f6ren unter anderem die Serveranfragen, Hostname des zugreifenden Rechners, Referrer URL, Browsertyp und Version sowie ein Betriebssystem.<\/p>\t\t\t\t\t\t<\/div>\n\t\t\t\t<\/div>\n\t\t\t\t<div class=\"elementor-element elementor-element-8928fe0 elementor-widget elementor-widget-heading\" data-id=\"8928fe0\" data-element_type=\"widget\" data-widget_type=\"heading.default\">\n\t\t\t\t<div class=\"elementor-widget-container\">\n\t\t\t<h2 class=\"elementor-heading-title elementor-size-default\">Was geschieht mit Ihren Daten?<\/h2>\t\t<\/div>\n\t\t\t\t<\/div>\n\t\t\t\t<div class=\"elementor-element elementor-element-4bff72d elementor-widget elementor-widget-text-editor\" data-id=\"4bff72d\" data-element_type=\"widget\" data-widget_type=\"text-editor.default\">\n\t\t\t\t<div class=\"elementor-widget-container\">\n\t\t\t\t\t\t\t<p>Wir sammeln, speichern und verarbeiten Informationen, um besser die Bed\u00fcrfnisse unserer Kunden zu verstehen und Ihnen ma\u00dfgeschneiderte Dienste anbieten zu k\u00f6nnen. Dazu nehmen wir interne Untersuchungen hinsichtlich der Demographie, Nutzerinteressen und -verhalten vor. Wir werden bei der Kontaktaufnahme per E-Mail Ihre mitgeteilten Daten zum Zweck der Bearbeitung der Anfrage oder des Auftrages sowie f\u00fcr den Fall von Folgefragen speichern.<\/p><p>\u00a0<\/p><p>Soweit Sie ausdr\u00fccklich eingewilligt haben, sammeln, speichern und verarbeiten wir auch Ihre pers\u00f6nlichen Informationen f\u00fcr Zwecke der individuellen Information und Betreuung. Hierzu geh\u00f6ren personalisierte Dienste, insbesondere die Bereitstellung gezielter, benutzerindividueller Inhalte und Bannerwerbung sowie die M\u00f6glichkeit interaktiver Kommunikation (Zusendung von E-Mails, Pop-Up-Windows und Produktangeboten).<\/p><p>\u00a0<\/p><p>Hierdurch k\u00f6nnen wir den Nutzern unserer Websites ma\u00dfgeschneiderte Inhalte und Services zur Verf\u00fcgung stellen und f\u00fcr Sie den pers\u00f6nlichen Nutzwert innerhalb unserer Online-Angebote erh\u00f6hen.<\/p><p>\u00a0<\/p><p>Weiterhin speichern wir in bestimmten Angeboten, die Ihnen eine Kommunikation mit Dritten oder mit uns bieten (Chat-R\u00e4ume, Foren etc.), Ihre IP-Adresse \u00fcber einen Zeitraum von maximal vier Wochen nach Inanspruchnahme. Zweck ist es, im Fall von Eingriffen der Nutzer in unsere Webseiten oder bei sonstigen Rechtsverst\u00f6\u00dfen durch die Teilnehmer, die erforderliche Identifizierung zu erm\u00f6glichen. Nach Ende der vierw\u00f6chigen, gesetzlich vorgeschriebenen Aufbewahrung der Daten werden diese gel\u00f6scht.<\/p><p>\u00a0<\/p><p>Im Zusammenhang mit von uns angebotenen Gewinnspielen speichern wir Ihre Daten, damit wir mit Ihnen im Fall eines Gewinns in Kontakt treten k\u00f6nnen. Ist das Gewinnspiel beendet, das hei\u00dft sind die ausgelobten Preise an die Gewinner ausgeliefert worden, l\u00f6schen wir Ihre Daten nach Ende der vierw\u00f6chigen Aufbewahrung unverz\u00fcglich.<\/p>\t\t\t\t\t\t<\/div>\n\t\t\t\t<\/div>\n\t\t\t\t<div class=\"elementor-element elementor-element-74e9092 elementor-widget elementor-widget-heading\" data-id=\"74e9092\" data-element_type=\"widget\" data-widget_type=\"heading.default\">\n\t\t\t\t<div class=\"elementor-widget-container\">\n\t\t\t<h2 class=\"elementor-heading-title elementor-size-default\">Verwendung von Cookies<\/h2>\t\t<\/div>\n\t\t\t\t<\/div>\n\t\t\t\t<div class=\"elementor-element elementor-element-2ffbcf1 elementor-widget elementor-widget-text-editor\" data-id=\"2ffbcf1\" data-element_type=\"widget\" data-widget_type=\"text-editor.default\">\n\t\t\t\t<div class=\"elementor-widget-container\">\n\t\t\t\t\t\t\t<p>Diese Website verwendet derzeit keine Cookies.<\/p>\t\t\t\t\t\t<\/div>\n\t\t\t\t<\/div>\n\t\t\t\t<div class=\"elementor-element elementor-element-47749ea elementor-widget elementor-widget-heading\" data-id=\"47749ea\" data-element_type=\"widget\" data-widget_type=\"heading.default\">\n\t\t\t\t<div class=\"elementor-widget-container\">\n\t\t\t<h2 class=\"elementor-heading-title elementor-size-default\">Sicherheit Ihrer Daten<\/h2>\t\t<\/div>\n\t\t\t\t<\/div>\n\t\t\t\t<div class=\"elementor-element elementor-element-4a23ceb elementor-widget elementor-widget-text-editor\" data-id=\"4a23ceb\" data-element_type=\"widget\" data-widget_type=\"text-editor.default\">\n\t\t\t\t<div class=\"elementor-widget-container\">\n\t\t\t\t\t\t\t<p>So sehr wir uns auch um die Sicherheit Ihrer Daten im Rahmen der geltenden Datenschutzgesetze bem\u00fchen, ist dennoch keine elektronische Kommunikation vollkommen sicher. Es kann daher nicht ausgeschlossen werden, dass trotz unserer Bem\u00fchungen, alle Informationen, die Sie freiwillig \u00fcber das Netz freigeben, auch von anderen genutzt werden k\u00f6nnten. Deshalb kann \u201eDHS Geb\u00e4udetechnik GmbH\u201c f\u00fcr die Offenlegung von Informationen aufgrund von Fehlern bei der Daten\u00fcbertragung und\/oder unautorisiertem Zugriff durch Dritte keine Verantwortung oder Haftung \u00fcbernehmen. Wir haben verschiedene (organisatorische und vertragliche) Ma\u00dfnahmen ergriffen, damit die Vorschriften der Datenschutzgrundverordnung und des Datenschutzgesetzes eingehalten werden.<\/p>\t\t\t\t\t\t<\/div>\n\t\t\t\t<\/div>\n\t\t\t\t<div class=\"elementor-element elementor-element-6d33134 elementor-widget elementor-widget-heading\" data-id=\"6d33134\" data-element_type=\"widget\" data-widget_type=\"heading.default\">\n\t\t\t\t<div class=\"elementor-widget-container\">\n\t\t\t<h2 class=\"elementor-heading-title elementor-size-default\">Widerrufsrecht und Ansprechpartner<\/h2>\t\t<\/div>\n\t\t\t\t<\/div>\n\t\t\t\t<div class=\"elementor-element elementor-element-92aecc4 elementor-widget elementor-widget-text-editor\" data-id=\"92aecc4\" data-element_type=\"widget\" data-widget_type=\"text-editor.default\">\n\t\t\t\t<div class=\"elementor-widget-container\">\n\t\t\t\t\t\t\t<p>Ihnen steht das Recht zu, unentgeltlich Auskunft \u00fcber die von Ihnen gespeicherten personenbezogenen Daten zu erhalten Zus\u00e4tzlich k\u00f6nnen Sie die Berichtigung, Sperrung oder L\u00f6schung Ihrer personenbezogenen Daten verlangen, soweit dem Verlangen keine gesetzliche Pflicht entgegensteht.<\/p><p>\u00a0<\/p><p>Wenden Sie sich hierf\u00fcr bitte an uns: DHS Geb\u00e4udetechnik GmbH, Parkstrasse 16, 85748 Garching bei M\u00fcnchen oder per Mail unter: info@dhs-gt.de<\/p>\t\t\t\t\t\t<\/div>\n\t\t\t\t<\/div>\n\t\t\t\t<div class=\"elementor-element elementor-element-60f5691 elementor-widget elementor-widget-heading\" data-id=\"60f5691\" data-element_type=\"widget\" data-widget_type=\"heading.default\">\n\t\t\t\t<div class=\"elementor-widget-container\">\n\t\t\t<h2 class=\"elementor-heading-title elementor-size-default\">\u00c4nderung der Datenschutzerkl\u00e4rung<\/h2>\t\t<\/div>\n\t\t\t\t<\/div>\n\t\t\t\t<div class=\"elementor-element elementor-element-18a35ff elementor-widget elementor-widget-text-editor\" data-id=\"18a35ff\" data-element_type=\"widget\" data-widget_type=\"text-editor.default\">\n\t\t\t\t<div class=\"elementor-widget-container\">\n\t\t\t\t\t\t\t<p>Wir behalten uns vor, die Datenschutzerkl\u00e4rung zu \u00e4ndern um sie an eine neue Rechtslage oder bei \u00c4nderung unseres Angebotes sowie der Datenverarbeitung anzupassen.<\/p>\t\t\t\t\t\t<\/div>\n\t\t\t\t<\/div>\n\t\t\t\t<div class=\"elementor-element elementor-element-ba3ed3e elementor-widget elementor-widget-heading\" data-id=\"ba3ed3e\" data-element_type=\"widget\" data-widget_type=\"heading.default\">\n\t\t\t\t<div class=\"elementor-widget-container\">\n\t\t\t<h2 class=\"elementor-heading-title elementor-size-default\">Keine Haftung f\u00fcr Partner-Online-Angebote<\/h2>\t\t<\/div>\n\t\t\t\t<\/div>\n\t\t\t\t<div class=\"elementor-element elementor-element-e94262e elementor-widget elementor-widget-text-editor\" data-id=\"e94262e\" data-element_type=\"widget\" data-widget_type=\"text-editor.default\">\n\t\t\t\t<div class=\"elementor-widget-container\">\n\t\t\t\t\t\t\t<p>Des weiteren arbeiten wir mit verschiedenen Partnern zusammen, die ihrerseits Internet-Sites und -Dienste anbieten, die durch unsere Webseiten zug\u00e4nglich sind. Diese Partner haben in der Regel eigene Datenschutzerkl\u00e4rungen und\/oder -richtlinien. Wir k\u00f6nnen keine Verantwortung oder Haftung f\u00fcr diese von uns unabh\u00e4ngigen und nicht beeinflussbaren Erkl\u00e4rungen und Richtlinien \u00fcbernehmen.<\/p>\t\t\t\t\t\t<\/div>\n\t\t\t\t<\/div>\n\t\t\t\t<div class=\"elementor-element elementor-element-f5c8df8 elementor-widget elementor-widget-text-editor\" data-id=\"f5c8df8\" data-element_type=\"widget\" data-widget_type=\"text-editor.default\">\n\t\t\t\t<div class=\"elementor-widget-container\">\n\t\t\t\t\t\t\t<p style=\"text-align: right;\"><span style=\"font-family: Roboto, sans-serif; font-size: 16px; font-style: normal; font-variant-ligatures: normal; font-variant-caps: normal; font-weight: 400; text-align: right;\">G\u00fcltig ab 05.2023<\/span><\/p>\t\t\t\t\t\t<\/div>\n\t\t\t\t<\/div>\n\t\t\t\t<div class=\"elementor-element elementor-element-153baa5 elementor-widget elementor-widget-text-editor\" data-id=\"153baa5\" data-element_type=\"widget\" data-widget_type=\"text-editor.default\">\n\t\t\t\t<div class=\"elementor-widget-container\">\n\t\t\t\t\t\t\t\t\t\t\t\t\t<\/div>\n\t\t\t\t<\/div>\n\t\t\t\t\t<\/div>\n\t\t<\/div>\n\t\t\t\t\t\t\t<\/div>\n\t\t<\/section>\n\t\t\t\t\t\t\t<\/div>\n\t\t","protected":false},"excerpt":{"rendered":"<p>Datenschutz Was sind personenbezogene Daten? Unter personenbezogenen Daten verstehen wir Informationen zu Ihrer Identit\u00e4t wie beispielsweise Ihren Namen, Ihre E-Mail-Adresse oder Postanschrift hinzu kommen Abfragen von IP-Adressen. Weitergabe an Dritte Alle Daten, die Sie uns \u00fcbermittelt haben, werden selbstverst\u00e4ndlich vertraulich behandelt. Wir stellen Ihre Daten grunds\u00e4tzlich nicht anderen zur Nutzung zur Verf\u00fcgung, es sei denn, [&hellip;]<\/p>\n","protected":false},"author":1,"featured_media":0,"parent":0,"menu_order":0,"comment_status":"closed","ping_status":"closed","template":"","meta":{"footnotes":""},"class_list":["post-38","page","type-page","status-publish","hentry","entry"],"_links":{"self":[{"href":"https:\/\/daniel-stowasser.de\/dhs_gt\/wp-json\/wp\/v2\/pages\/38","targetHints":{"allow":["GET"]}}],"collection":[{"href":"https:\/\/daniel-stowasser.de\/dhs_gt\/wp-json\/wp\/v2\/pages"}],"about":[{"href":"https:\/\/daniel-stowasser.de\/dhs_gt\/wp-json\/wp\/v2\/types\/page"}],"author":[{"embeddable":true,"href":"https:\/\/daniel-stowasser.de\/dhs_gt\/wp-json\/wp\/v2\/users\/1"}],"replies":[{"embeddable":true,"href":"https:\/\/daniel-stowasser.de\/dhs_gt\/wp-json\/wp\/v2\/comments?post=38"}],"version-history":[{"count":14,"href":"https:\/\/daniel-stowasser.de\/dhs_gt\/wp-json\/wp\/v2\/pages\/38\/revisions"}],"predecessor-version":[{"id":288,"href":"https:\/\/daniel-stowasser.de\/dhs_gt\/wp-json\/wp\/v2\/pages\/38\/revisions\/288"}],"wp:attachment":[{"href":"https:\/\/daniel-stowasser.de\/dhs_gt\/wp-json\/wp\/v2\/media?parent=38"}],"curies":[{"name":"wp","href":"https:\/\/api.w.org\/{rel}","templated":true}]}}