{"id":51,"date":"2021-10-23T11:29:47","date_gmt":"2021-10-23T09:29:47","guid":{"rendered":"https:\/\/daniel-stowasser.de\/dhs_gt\/?page_id=51"},"modified":"2023-05-29T20:11:31","modified_gmt":"2023-05-29T18:11:31","slug":"impressum","status":"publish","type":"page","link":"https:\/\/daniel-stowasser.de\/dhs_gt\/impressum\/","title":{"rendered":"Impressum"},"content":{"rendered":"\t\t<div data-elementor-type=\"wp-page\" data-elementor-id=\"51\" class=\"elementor elementor-51\">\n\t\t\t\t\t\t\t\t\t<section class=\"elementor-section elementor-top-section elementor-element elementor-element-f794de3 elementor-section-boxed elementor-section-height-default elementor-section-height-default\" data-id=\"f794de3\" data-element_type=\"section\">\n\t\t\t\t\t\t<div class=\"elementor-container elementor-column-gap-default\">\n\t\t\t\t\t<div class=\"elementor-column elementor-col-100 elementor-top-column elementor-element elementor-element-0f85b6b\" data-id=\"0f85b6b\" data-element_type=\"column\">\n\t\t\t<div class=\"elementor-widget-wrap elementor-element-populated\">\n\t\t\t\t\t\t\t\t<div class=\"elementor-element elementor-element-fc5a03e elementor-widget elementor-widget-heading\" data-id=\"fc5a03e\" data-element_type=\"widget\" data-widget_type=\"heading.default\">\n\t\t\t\t<div class=\"elementor-widget-container\">\n\t\t\t<style>\/*! elementor - v3.13.3 - 28-05-2023 *\/\n.elementor-heading-title{padding:0;margin:0;line-height:1}.elementor-widget-heading .elementor-heading-title[class*=elementor-size-]>a{color:inherit;font-size:inherit;line-height:inherit}.elementor-widget-heading .elementor-heading-title.elementor-size-small{font-size:15px}.elementor-widget-heading .elementor-heading-title.elementor-size-medium{font-size:19px}.elementor-widget-heading .elementor-heading-title.elementor-size-large{font-size:29px}.elementor-widget-heading .elementor-heading-title.elementor-size-xl{font-size:39px}.elementor-widget-heading .elementor-heading-title.elementor-size-xxl{font-size:59px}<\/style><h2 class=\"elementor-heading-title elementor-size-default\">Impressum<\/h2>\t\t<\/div>\n\t\t\t\t<\/div>\n\t\t\t\t<div class=\"elementor-element elementor-element-3fdd9e8 elementor-widget elementor-widget-image\" data-id=\"3fdd9e8\" data-element_type=\"widget\" data-widget_type=\"image.default\">\n\t\t\t\t<div class=\"elementor-widget-container\">\n\t\t\t<style>\/*! elementor - v3.13.3 - 28-05-2023 *\/\n.elementor-widget-image{text-align:center}.elementor-widget-image a{display:inline-block}.elementor-widget-image a img[src$=\".svg\"]{width:48px}.elementor-widget-image img{vertical-align:middle;display:inline-block}<\/style>\t\t\t\t\t\t\t\t\t\t\t\t<img loading=\"lazy\" decoding=\"async\" width=\"300\" height=\"225\" src=\"https:\/\/daniel-stowasser.de\/dhs_gt\/wp-content\/uploads\/2021\/10\/imprint-695764_640-300x225.jpg\" class=\"attachment-medium size-medium wp-image-77\" alt=\"\" srcset=\"https:\/\/daniel-stowasser.de\/dhs_gt\/wp-content\/uploads\/2021\/10\/imprint-695764_640-300x225.jpg 300w, https:\/\/daniel-stowasser.de\/dhs_gt\/wp-content\/uploads\/2021\/10\/imprint-695764_640.jpg 640w\" sizes=\"auto, (max-width: 300px) 100vw, 300px\" \/>\t\t\t\t\t\t\t\t\t\t\t\t\t\t\t<\/div>\n\t\t\t\t<\/div>\n\t\t\t\t<div class=\"elementor-element elementor-element-814339e elementor-widget-divider--view-line elementor-widget elementor-widget-divider\" data-id=\"814339e\" data-element_type=\"widget\" data-widget_type=\"divider.default\">\n\t\t\t\t<div class=\"elementor-widget-container\">\n\t\t\t<style>\/*! elementor - v3.13.3 - 28-05-2023 *\/\n.elementor-widget-divider{--divider-border-style:none;--divider-border-width:1px;--divider-color:#0c0d0e;--divider-icon-size:20px;--divider-element-spacing:10px;--divider-pattern-height:24px;--divider-pattern-size:20px;--divider-pattern-url:none;--divider-pattern-repeat:repeat-x}.elementor-widget-divider .elementor-divider{display:flex}.elementor-widget-divider .elementor-divider__text{font-size:15px;line-height:1;max-width:95%}.elementor-widget-divider .elementor-divider__element{margin:0 var(--divider-element-spacing);flex-shrink:0}.elementor-widget-divider .elementor-icon{font-size:var(--divider-icon-size)}.elementor-widget-divider .elementor-divider-separator{display:flex;margin:0;direction:ltr}.elementor-widget-divider--view-line_icon .elementor-divider-separator,.elementor-widget-divider--view-line_text .elementor-divider-separator{align-items:center}.elementor-widget-divider--view-line_icon .elementor-divider-separator:after,.elementor-widget-divider--view-line_icon .elementor-divider-separator:before,.elementor-widget-divider--view-line_text .elementor-divider-separator:after,.elementor-widget-divider--view-line_text .elementor-divider-separator:before{display:block;content:\"\";border-bottom:0;flex-grow:1;border-top:var(--divider-border-width) var(--divider-border-style) var(--divider-color)}.elementor-widget-divider--element-align-left .elementor-divider .elementor-divider-separator>.elementor-divider__svg:first-of-type{flex-grow:0;flex-shrink:100}.elementor-widget-divider--element-align-left .elementor-divider-separator:before{content:none}.elementor-widget-divider--element-align-left .elementor-divider__element{margin-left:0}.elementor-widget-divider--element-align-right .elementor-divider .elementor-divider-separator>.elementor-divider__svg:last-of-type{flex-grow:0;flex-shrink:100}.elementor-widget-divider--element-align-right .elementor-divider-separator:after{content:none}.elementor-widget-divider--element-align-right .elementor-divider__element{margin-right:0}.elementor-widget-divider:not(.elementor-widget-divider--view-line_text):not(.elementor-widget-divider--view-line_icon) .elementor-divider-separator{border-top:var(--divider-border-width) var(--divider-border-style) var(--divider-color)}.elementor-widget-divider--separator-type-pattern{--divider-border-style:none}.elementor-widget-divider--separator-type-pattern.elementor-widget-divider--view-line .elementor-divider-separator,.elementor-widget-divider--separator-type-pattern:not(.elementor-widget-divider--view-line) .elementor-divider-separator:after,.elementor-widget-divider--separator-type-pattern:not(.elementor-widget-divider--view-line) .elementor-divider-separator:before,.elementor-widget-divider--separator-type-pattern:not([class*=elementor-widget-divider--view]) .elementor-divider-separator{width:100%;min-height:var(--divider-pattern-height);-webkit-mask-size:var(--divider-pattern-size) 100%;mask-size:var(--divider-pattern-size) 100%;-webkit-mask-repeat:var(--divider-pattern-repeat);mask-repeat:var(--divider-pattern-repeat);background-color:var(--divider-color);-webkit-mask-image:var(--divider-pattern-url);mask-image:var(--divider-pattern-url)}.elementor-widget-divider--no-spacing{--divider-pattern-size:auto}.elementor-widget-divider--bg-round{--divider-pattern-repeat:round}.rtl .elementor-widget-divider .elementor-divider__text{direction:rtl}.e-con-inner>.elementor-widget-divider,.e-con>.elementor-widget-divider{width:var(--container-widget-width,100%);--flex-grow:var(--container-widget-flex-grow)}<\/style>\t\t<div class=\"elementor-divider\">\n\t\t\t<span class=\"elementor-divider-separator\">\n\t\t\t\t\t\t<\/span>\n\t\t<\/div>\n\t\t\t\t<\/div>\n\t\t\t\t<\/div>\n\t\t\t\t<div class=\"elementor-element elementor-element-43644e0 elementor-widget elementor-widget-text-editor\" data-id=\"43644e0\" data-element_type=\"widget\" data-widget_type=\"text-editor.default\">\n\t\t\t\t<div class=\"elementor-widget-container\">\n\t\t\t<style>\/*! elementor - v3.13.3 - 28-05-2023 *\/\n.elementor-widget-text-editor.elementor-drop-cap-view-stacked .elementor-drop-cap{background-color:#69727d;color:#fff}.elementor-widget-text-editor.elementor-drop-cap-view-framed .elementor-drop-cap{color:#69727d;border:3px solid;background-color:transparent}.elementor-widget-text-editor:not(.elementor-drop-cap-view-default) .elementor-drop-cap{margin-top:8px}.elementor-widget-text-editor:not(.elementor-drop-cap-view-default) .elementor-drop-cap-letter{width:1em;height:1em}.elementor-widget-text-editor .elementor-drop-cap{float:left;text-align:center;line-height:1;font-size:50px}.elementor-widget-text-editor .elementor-drop-cap-letter{display:inline-block}<\/style>\t\t\t\t<p>DHS Geb\u00e4udetechnik GmbH<\/p>\n<p><span style=\"font-size: 16px; color: var( --e-global-color-text );\">Parkstrasse 16<br><\/span><span style=\"font-size: 16px; color: var( --e-global-color-text );\">85748 Garching<\/span><\/p>\n<p><span style=\"font-size: 16px; color: var( --e-global-color-text );\">Tel: +49(0)176 \/ 21 52 78 59<br><\/span><span style=\"font-size: 16px; color: var( --e-global-color-text );\">Mail: info@dhs-gt.de<br><\/span><span style=\"font-size: 16px; color: var( --e-global-color-text );\">Web: www.dhs-gt.de<\/span><\/p>\n<p>Finanzamt: <span style=\"font-size: 16px; color: var( --e-global-color-text );\">Finanzamt M\u00fcnchen<br><\/span><span style=\"font-size: 16px; color: var( --e-global-color-text );\">Steuernummer: <\/span> <span style=\"font-size: 16px; color: var( --e-global-color-text );\">143\/129\/12407<br><\/span><span style=\"font-size: 16px; color: var( --e-global-color-text );\">Ust.-Ident.-Nr.:<\/span> <span style=\"color: var( --e-global-color-text ); font-size: 16px;\">DE341797953<br><\/span><span style=\"color: var( --e-global-color-text ); font-size: 16px;\">Steuerschuldnerschaft berechtigt nach \u00a7 13b Abs. 2 Nr. 4 UStG<br>Freistellungsbescheinigung nach \u00a7 48b Abs. 1 Nr. 1 EstG<\/span><\/p>\n<p><span style=\"font-size: 16px; color: var( --e-global-color-text );\">Registergericht:<\/span> <span style=\"color: var( --e-global-color-text ); font-size: 16px;\">Amtsgericht M\u00fcnchen<br><\/span><span style=\"font-size: 16px; color: var( --e-global-color-text );\">Registernummer:<\/span> <span style=\"color: var( --e-global-color-text ); font-size: 16px;\">HRB 263355<\/span><\/p>\n<p><span style=\"color: var( --e-global-color-text ); font-size: 16px;\">Aufsichtsbeh\u00f6rde: Handwerkskammer f\u00fcr M\u00fcnchen und Oberbayern<br>Betriebsnummer: 7200999<\/span><\/p>\n<p>Innung: Innung Spengler, Sanit\u00e4r- und Heizungstechnik M\u00fcnchen<br><span style=\"font-size: 16px; color: var( --e-global-color-text );\">Mitgliedsnummer:&nbsp;<\/span><span style=\"font-size: 16px; color: var( --e-global-color-text );\">68928<\/span><\/p>\n<p><span style=\"font-size: 16px; color: var( --e-global-color-text );\">Fachverband: <\/span><span style=\"font-size: 16px; color: var( --e-global-color-text );\">Fachverband Sanit\u00e4r-, Heizungs- und Klimatechnik Bayern&nbsp;<\/span><span style=\"font-size: 16px; color: var( --e-global-color-text );\">Landesinnungsverband des bayerischen Spengler-, Installateur- und Heizungsbauer- sowie Ofen- und Luftheizungsbauerhandwerks<br><\/span><span style=\"font-size: 16px; color: var( --e-global-color-text );\">Mitgliedsnummer:&nbsp;<\/span><span style=\"font-size: 16px; color: var( --e-global-color-text );\">68928<\/span><\/p>\n<p><span style=\"font-size: 16px; color: var( --e-global-color-text );\">Zentralverband:&nbsp;<\/span><span style=\"font-size: 16px; color: var( --e-global-color-text );\">Zentralverband Sanit\u00e4r Heizung Klima<br><\/span><span style=\"font-size: 16px; color: var( --e-global-color-text );\">Mitgliedsnummer:&nbsp;<\/span><span style=\"font-size: 16px; color: var( --e-global-color-text );\">68928<\/span><\/p>\n<p><span style=\"font-size: 16px; color: var( --e-global-color-text );\">Bankverbindung:<\/span> <span style=\"font-size: 16px; color: var( --e-global-color-text );\">Kreissparkasse M\u00fcnchen Starnberg Ebersberg<br><\/span><span style=\"font-size: 16px; color: var( --e-global-color-text );\">IBAN: <\/span> <span style=\"font-size: 16px; color: var( --e-global-color-text );\">DE62 7025 0150 0029 5946 03<br><\/span><span style=\"font-size: 16px; color: var( --e-global-color-text );\">BIC: <\/span> <span style=\"font-size: 16px; color: var( --e-global-color-text );\">BYLADEM1KMS<\/span><\/p>\t\t\t\t\t\t<\/div>\n\t\t\t\t<\/div>\n\t\t\t\t<div class=\"elementor-element elementor-element-cc57237 elementor-widget-divider--view-line elementor-widget elementor-widget-divider\" data-id=\"cc57237\" data-element_type=\"widget\" data-widget_type=\"divider.default\">\n\t\t\t\t<div class=\"elementor-widget-container\">\n\t\t\t\t\t<div class=\"elementor-divider\">\n\t\t\t<span class=\"elementor-divider-separator\">\n\t\t\t\t\t\t<\/span>\n\t\t<\/div>\n\t\t\t\t<\/div>\n\t\t\t\t<\/div>\n\t\t\t\t<div class=\"elementor-element elementor-element-3f13ea9 elementor-widget elementor-widget-heading\" data-id=\"3f13ea9\" data-element_type=\"widget\" data-widget_type=\"heading.default\">\n\t\t\t\t<div class=\"elementor-widget-container\">\n\t\t\t<h2 class=\"elementor-heading-title elementor-size-default\">Haftungsausschluss<\/h2>\t\t<\/div>\n\t\t\t\t<\/div>\n\t\t\t\t<div class=\"elementor-element elementor-element-bd45f56 elementor-widget elementor-widget-text-editor\" data-id=\"bd45f56\" data-element_type=\"widget\" data-widget_type=\"text-editor.default\">\n\t\t\t\t<div class=\"elementor-widget-container\">\n\t\t\t\t\t\t\t<p>Inhalt: Der Inhaber dieser Website \u00fcbernimmt keinerlei Gew\u00e4hr f\u00fcr die Aktualit\u00e4t, Korrektheit, Vollst\u00e4ndigkeit oder Qualit\u00e4t der bereitgestellten Informationen. Haftungsanspr\u00fcche gegen den Inhaber der Website, welche sich auf Sch\u00e4den materieller oder ideeller Art beziehen, die durch die Nutzung oder Nichtnutzung der dargebotenen Informationen bzw: durch die Nutzungfehlerhafter und unvollst\u00e4ndiger Information verursacht wurden, sind grunds\u00e4tzlich ausgeschlossen, sofern seitens der Stiftung kein nachweislich vors\u00e4tzliches oder grob fahrl\u00e4ssiges verschulden vorliegt.<\/p><p>\u00a0<\/p><p>Verweise und Links: der Inhaber der Website erkl\u00e4rt daher ausdr\u00fccklich, dass zum Zeitpunkt der Linksetzung die entsprechenden verlinkten Seiten frei von illegalen Inhalten waren. Der Inhaber der Website hat keinen Einfluss auf die aktuelle und zuk\u00fcnftige Gestaltung und auf die Inhalte der gelinkten\/verkn\u00fcpften Seiten. deshalb distanziert sie hiermit ausdr\u00fccklich von allen INhalten aller gelinkten(verkn\u00fcpften Seiten, die nach der Linksetzung ver\u00e4ndert wurden.<\/p><p>\u00a0<\/p><p>Rechtswirksamkeit dieses Haftungsausschlusses: Dieser Haftungsausschluss ist als ein Teil des Internetangebotes zu betrachten, von dem aus auf diese Seite verwiesen wurde. Sofern Teile oder einzelne Formulierungen dieses Textes der geltenden Rechtslage nicht, nicht mehr oder nicht vollst\u00e4ndig entsprechen sollten, bleiben die \u00fcbrigen Teile des Dokumentes in ihrem Inhalt und ihrer G\u00fcltigkeit davon unber\u00fchrt.<\/p>\t\t\t\t\t\t<\/div>\n\t\t\t\t<\/div>\n\t\t\t\t\t<\/div>\n\t\t<\/div>\n\t\t\t\t\t\t\t<\/div>\n\t\t<\/section>\n\t\t\t\t\t\t\t<\/div>\n\t\t","protected":false},"excerpt":{"rendered":"<p>Impressum DHS Geb\u00e4udetechnik GmbH Parkstrasse 1685748 Garching Tel: +49(0)176 \/ 21 52 78 59Mail: info@dhs-gt.deWeb: www.dhs-gt.de Finanzamt: Finanzamt M\u00fcnchenSteuernummer: 143\/129\/12407Ust.-Ident.-Nr.: DE341797953Steuerschuldnerschaft berechtigt nach \u00a7 13b Abs. 2 Nr. 4 UStGFreistellungsbescheinigung nach \u00a7 48b Abs. 1 Nr. 1 EstG Registergericht: Amtsgericht M\u00fcnchenRegisternummer: HRB 263355 Aufsichtsbeh\u00f6rde: Handwerkskammer f\u00fcr M\u00fcnchen und OberbayernBetriebsnummer: 7200999 Innung: Innung Spengler, Sanit\u00e4r- und [&hellip;]<\/p>\n","protected":false},"author":1,"featured_media":0,"parent":0,"menu_order":0,"comment_status":"closed","ping_status":"closed","template":"","meta":{"footnotes":""},"class_list":["post-51","page","type-page","status-publish","hentry","entry"],"_links":{"self":[{"href":"https:\/\/daniel-stowasser.de\/dhs_gt\/wp-json\/wp\/v2\/pages\/51","targetHints":{"allow":["GET"]}}],"collection":[{"href":"https:\/\/daniel-stowasser.de\/dhs_gt\/wp-json\/wp\/v2\/pages"}],"about":[{"href":"https:\/\/daniel-stowasser.de\/dhs_gt\/wp-json\/wp\/v2\/types\/page"}],"author":[{"embeddable":true,"href":"https:\/\/daniel-stowasser.de\/dhs_gt\/wp-json\/wp\/v2\/users\/1"}],"replies":[{"embeddable":true,"href":"https:\/\/daniel-stowasser.de\/dhs_gt\/wp-json\/wp\/v2\/comments?post=51"}],"version-history":[{"count":20,"href":"https:\/\/daniel-stowasser.de\/dhs_gt\/wp-json\/wp\/v2\/pages\/51\/revisions"}],"predecessor-version":[{"id":279,"href":"https:\/\/daniel-stowasser.de\/dhs_gt\/wp-json\/wp\/v2\/pages\/51\/revisions\/279"}],"wp:attachment":[{"href":"https:\/\/daniel-stowasser.de\/dhs_gt\/wp-json\/wp\/v2\/media?parent=51"}],"curies":[{"name":"wp","href":"https:\/\/api.w.org\/{rel}","templated":true}]}}